{"id":74,"date":"2022-01-13T08:46:25","date_gmt":"2022-01-13T08:46:25","guid":{"rendered":"https:\/\/demo.creativethemes.com\/blocksy\/floreo\/?post_type=product&#038;p=74"},"modified":"2025-12-28T14:35:59","modified_gmt":"2025-12-28T12:35:59","slug":"hulled-hemp-seeds-150g","status":"publish","type":"product","link":"https:\/\/healthy-choice.co.uk\/ru\/product\/hulled-hemp-seeds-150g\/","title":{"rendered":"\u041e\u0447\u0438\u0449\u0435\u043d\u043d\u044b\u0435 \u0441\u0435\u043c\u0435\u043d\u0430 \u043a\u043e\u043d\u043e\u043f\u043b\u0438, 150 \u0433"},"content":{"rendered":"<p><strong>Apie \"HEALTHY CHOICE\" luk\u0161tentas kanapi\u0173 s\u0117klas<\/strong><\/p>\n<p>Mes apdorojame kanapi\u0173 s\u0117klas tik jas luk\u0161tenant. Naudojamos tik didel\u0117s - 2,5 mm ar didesn\u0117s s\u0117klos. S\u0117klos yra mechani\u0161kai apdorojamos sukamajame keraminiame diske, kur yra atskiriami luk\u0161tai nuo branduoli\u0173, o jie atskiriami sijojimo proceso metu. Tokiu b\u016bdu i\u0161laikomi visi nat\u016bral\u016bs elementai ir gyvybi\u0161kai svarb\u016bs mineralai.<\/p>\n<p>\u041f\u043b\u0430\u0447\u044f\u0443 \u0430\u043f\u0438 \u043a\u0430\u043d\u0430\u043f\u0438\u0443 \u0441\u0435\u043a\u043b\u044e \u043d\u0430\u0443\u0434\u043e\u043d \u0433\u0430\u043b\u0438\u0442\u0435 \u043f\u0430\u0441\u043a\u0430\u0439\u0442\u0438 \u0441\u0442\u0440\u0430\u0439\u043f\u0441\u043d\u0438\u0436\u0435: <a href=\"https:\/\/healthy-choice.co.uk\/ru\/kanapiu-seklos-kam-ir-kodel\/\">Kanapi\u0173 s\u0117klos: kam ir kod\u0117l?<\/a><\/p>","protected":false},"excerpt":{"rendered":"<div class=\"product-short-description\">\n<p>\u041b\u043e\u0436\u043a\u0430 \u043e\u0447\u0438\u0449\u0435\u043d\u043d\u044b\u0445 \u0441\u0435\u043c\u044f\u043d \u043a\u043e\u043d\u043e\u043f\u043b\u0438 \u0432 \u0434\u0435\u043d\u044c - \u0434\u043b\u044f \u0430\u0440\u043e\u043c\u0430\u0442\u0438\u0437\u0430\u0446\u0438\u0438 \u043f\u0438\u0449\u0438, \u043f\u043e\u043b\u0443\u0447\u0435\u043d\u0438\u044f \u0434\u043e\u043f\u043e\u043b\u043d\u0438\u0442\u0435\u043b\u044c\u043d\u043e\u0439 \u044d\u043d\u0435\u0440\u0433\u0438\u0438 \u0438 \u043f\u043e\u0434\u0434\u0435\u0440\u0436\u0430\u043d\u0438\u044f \u0441\u0431\u0430\u043b\u0430\u043d\u0441\u0438\u0440\u043e\u0432\u0430\u043d\u043d\u043e\u0433\u043e \u043f\u0438\u0442\u0430\u043d\u0438\u044f. \u041f\u0440\u043e\u0434\u0443\u043a\u0442 \u0431\u043e\u0433\u0430\u0442 \u0432\u0438\u0442\u0430\u043c\u0438\u043d\u0430\u043c\u0438 \u0438 \u043c\u0438\u043d\u0435\u0440\u0430\u043b\u0430\u043c\u0438.<\/p>\n<\/div>\n<form class=\"cart\" action=\"https:\/\/www.healthychoice.world\/products\/hulled-hemp-seeds-150g\/?v=c562607189d7\" enctype=\"multipart\/form-data\" method=\"post\">\n<div class=\"sticky-add-to-cart-wrapper\">\n<div class=\"sticky-add-to-cart\">\n<div class=\"quantity buttons_added\"><\/div>\n<\/div>\n<\/div>\n<\/form>","protected":false},"featured_media":2397,"template":"","meta":[],"product_brand":[],"product_cat":[31],"product_tag":[],"giftcard-category":[],"class_list":{"0":"post-74","1":"product","2":"type-product","3":"status-publish","4":"has-post-thumbnail","6":"product_cat-hemp-products","8":"first","9":"instock","10":"taxable","11":"shipping-taxable","12":"purchasable","13":"product-type-simple"},"aioseo_notices":[],"_links":{"self":[{"href":"https:\/\/healthy-choice.co.uk\/ru\/wp-json\/wp\/v2\/product\/74","targetHints":{"allow":["GET"]}}],"collection":[{"href":"https:\/\/healthy-choice.co.uk\/ru\/wp-json\/wp\/v2\/product"}],"about":[{"href":"https:\/\/healthy-choice.co.uk\/ru\/wp-json\/wp\/v2\/types\/product"}],"wp:featuredmedia":[{"embeddable":true,"href":"https:\/\/healthy-choice.co.uk\/ru\/wp-json\/wp\/v2\/media\/2397"}],"wp:attachment":[{"href":"https:\/\/healthy-choice.co.uk\/ru\/wp-json\/wp\/v2\/media?parent=74"}],"wp:term":[{"taxonomy":"product_brand","embeddable":true,"href":"https:\/\/healthy-choice.co.uk\/ru\/wp-json\/wp\/v2\/product_brand?post=74"},{"taxonomy":"product_cat","embeddable":true,"href":"https:\/\/healthy-choice.co.uk\/ru\/wp-json\/wp\/v2\/product_cat?post=74"},{"taxonomy":"product_tag","embeddable":true,"href":"https:\/\/healthy-choice.co.uk\/ru\/wp-json\/wp\/v2\/product_tag?post=74"},{"taxonomy":"giftcard-category","embeddable":true,"href":"https:\/\/healthy-choice.co.uk\/ru\/wp-json\/wp\/v2\/giftcard-category?post=74"}],"curies":[{"name":"wp","href":"https:\/\/api.w.org\/{rel}","templated":true}]}}