{"id":84,"date":"2022-01-13T08:50:15","date_gmt":"2022-01-13T08:50:15","guid":{"rendered":"https:\/\/demo.creativethemes.com\/blocksy\/floreo\/?post_type=product&#038;p=84"},"modified":"2025-12-28T14:05:13","modified_gmt":"2025-12-28T12:05:13","slug":"hemp-seed-proteins-250g","status":"publish","type":"product","link":"https:\/\/healthy-choice.co.uk\/pl\/produkt\/hemp-seed-proteins-250g\/","title":{"rendered":"Bia\u0142ko z nasion konopi, 250g"},"content":{"rendered":"<h2>Informacje o bia\u0142ku z nasion konopi HEALTHY CHOICE<\/h2>\n<p>Proszek bia\u0142kowy o wysokim st\u0119\u017ceniu bia\u0142ka (49%) wykonany z makuchu konopnego powsta\u0142ego w wyniku t\u0142oczenia nasion konopi. Nast\u0119pnie makuch konopny jest mielony i starannie przesiewany do r\u00f3\u017cnych frakcji. Podczas procesu przetwarzania temperatura materia\u0142u nie wzrasta powy\u017cej 40 stopni, co pozwala zachowa\u0107 wszystkie naturalne elementy i niezb\u0119dne minera\u0142y. Na koniec proszek z najmniejszej frakcji jest oddzielany, a naturalny\u00a0<strong>Zdrowy wyb\u00f3r<\/strong>\u00a0produkowane jest bia\u0142ko z nasion konopi.<\/p>\n<p><strong>Zalety tego produktu, uprawianego i przygotowywanego na Litwie:<\/strong><\/p>\n<ul>\n<li>Pomaga utrzyma\u0107 bezt\u0142uszczow\u0105 mas\u0119 mi\u0119\u015bniow\u0105<\/li>\n<li>Istnieje 9 niezb\u0119dnych aminokwas\u00f3w<\/li>\n<li>Doskona\u0142e \u017ar\u00f3d\u0142o minera\u0142\u00f3w i witamin<\/li>\n<li>Odpowiedni dla wegan<\/li>\n<li>Bia\u0142ka w konopiach s\u0105 zbli\u017cone do bia\u0142ek ludzkich, wi\u0119c s\u0105 dobrze wch\u0142aniane<\/li>\n<li>Bia\u0142ko konopne jest znane jako jedno z najbardziej od\u017cywczych na \u015bwiecie.<\/li>\n<\/ul>","protected":false},"excerpt":{"rendered":"<div class=\"product-short-description\">\n<p>Bia\u0142ko z w\u0142\u00f3kien konopi jest znane jako jedno z najbardziej od\u017cywczych bia\u0142ek na \u015bwiecie. Produkt ten jest uprawiany i przygotowywany na Litwie i ma wiele przydatnych w\u0142a\u015bciwo\u015bci.<\/p>\n<\/div>","protected":false},"featured_media":2396,"template":"","meta":[],"product_brand":[],"product_cat":[31],"product_tag":[],"giftcard-category":[],"class_list":{"0":"post-84","1":"product","2":"type-product","3":"status-publish","4":"has-post-thumbnail","6":"product_cat-hemp-products","8":"first","9":"outofstock","10":"taxable","11":"shipping-taxable","12":"purchasable","13":"product-type-simple"},"aioseo_notices":[],"_links":{"self":[{"href":"https:\/\/healthy-choice.co.uk\/pl\/wp-json\/wp\/v2\/product\/84","targetHints":{"allow":["GET"]}}],"collection":[{"href":"https:\/\/healthy-choice.co.uk\/pl\/wp-json\/wp\/v2\/product"}],"about":[{"href":"https:\/\/healthy-choice.co.uk\/pl\/wp-json\/wp\/v2\/types\/product"}],"wp:featuredmedia":[{"embeddable":true,"href":"https:\/\/healthy-choice.co.uk\/pl\/wp-json\/wp\/v2\/media\/2396"}],"wp:attachment":[{"href":"https:\/\/healthy-choice.co.uk\/pl\/wp-json\/wp\/v2\/media?parent=84"}],"wp:term":[{"taxonomy":"product_brand","embeddable":true,"href":"https:\/\/healthy-choice.co.uk\/pl\/wp-json\/wp\/v2\/product_brand?post=84"},{"taxonomy":"product_cat","embeddable":true,"href":"https:\/\/healthy-choice.co.uk\/pl\/wp-json\/wp\/v2\/product_cat?post=84"},{"taxonomy":"product_tag","embeddable":true,"href":"https:\/\/healthy-choice.co.uk\/pl\/wp-json\/wp\/v2\/product_tag?post=84"},{"taxonomy":"giftcard-category","embeddable":true,"href":"https:\/\/healthy-choice.co.uk\/pl\/wp-json\/wp\/v2\/giftcard-category?post=84"}],"curies":[{"name":"wp","href":"https:\/\/api.w.org\/{rel}","templated":true}]}}