{"id":74,"date":"2022-01-13T08:46:25","date_gmt":"2022-01-13T08:46:25","guid":{"rendered":"https:\/\/demo.creativethemes.com\/blocksy\/floreo\/?post_type=product&#038;p=74"},"modified":"2025-12-28T14:35:59","modified_gmt":"2025-12-28T12:35:59","slug":"hulled-hemp-seeds-150g","status":"publish","type":"product","link":"https:\/\/healthy-choice.co.uk\/pl\/produkt\/hulled-hemp-seeds-150g\/","title":{"rendered":"\u0141uskane nasiona konopi, 150g"},"content":{"rendered":"<p><strong>Apie \"HEALTHY CHOICE\" jest kanapk\u0105 dla ka\u017cdego<\/strong><\/p>\n<p>W zale\u017cno\u015bci od potrzeb mo\u017cna je stosowa\u0107 w r\u00f3\u017cnych miejscach. Naudojamos tik didel\u0117s - 2,5 mm ar didesn\u0117s s\u0117klos. W przypadku dysk\u00f3w mechanicznych, w kt\u00f3rych nie ma mo\u017cliwo\u015bci zastosowania innych rozwi\u0105za\u0144, nie ma mo\u017cliwo\u015bci zastosowania innych rozwi\u0105za\u0144, w przypadku kt\u00f3rych nie ma mo\u017cliwo\u015bci zastosowania innych rozwi\u0105za\u0144. W ten spos\u00f3b mo\u017cna zobaczy\u0107 naturalne pierwiastki i minera\u0142y.<\/p>\n<p>W ten spos\u00f3b mo\u017cna uzyska\u0107 dost\u0119p do wielu pasyw\u00f3w: <a href=\"https:\/\/healthy-choice.co.uk\/pl\/kanapiu-seklos-kam-ir-kodel\/\">Kanapi\u0173 s\u0117klos: kam ir kod\u0117l?<\/a><\/p>","protected":false},"excerpt":{"rendered":"<div class=\"product-short-description\">\n<p>\u0141y\u017cka \u0142uskanych nasion konopi dziennie - do aromatyzowania potraw, uzyskania dodatkowej energii i utrzymania zbilansowanej diety. Produkt jest bogaty w witaminy i minera\u0142y.<\/p>\n<\/div>\n<form class=\"cart\" action=\"https:\/\/www.healthychoice.world\/products\/hulled-hemp-seeds-150g\/?v=c562607189d7\" enctype=\"multipart\/form-data\" method=\"post\">\n<div class=\"sticky-add-to-cart-wrapper\">\n<div class=\"sticky-add-to-cart\">\n<div class=\"quantity buttons_added\"><\/div>\n<\/div>\n<\/div>\n<\/form>","protected":false},"featured_media":2397,"template":"","meta":[],"product_brand":[],"product_cat":[31],"product_tag":[],"giftcard-category":[],"class_list":{"0":"post-74","1":"product","2":"type-product","3":"status-publish","4":"has-post-thumbnail","6":"product_cat-hemp-products","8":"first","9":"instock","10":"taxable","11":"shipping-taxable","12":"purchasable","13":"product-type-simple"},"aioseo_notices":[],"_links":{"self":[{"href":"https:\/\/healthy-choice.co.uk\/pl\/wp-json\/wp\/v2\/product\/74","targetHints":{"allow":["GET"]}}],"collection":[{"href":"https:\/\/healthy-choice.co.uk\/pl\/wp-json\/wp\/v2\/product"}],"about":[{"href":"https:\/\/healthy-choice.co.uk\/pl\/wp-json\/wp\/v2\/types\/product"}],"wp:featuredmedia":[{"embeddable":true,"href":"https:\/\/healthy-choice.co.uk\/pl\/wp-json\/wp\/v2\/media\/2397"}],"wp:attachment":[{"href":"https:\/\/healthy-choice.co.uk\/pl\/wp-json\/wp\/v2\/media?parent=74"}],"wp:term":[{"taxonomy":"product_brand","embeddable":true,"href":"https:\/\/healthy-choice.co.uk\/pl\/wp-json\/wp\/v2\/product_brand?post=74"},{"taxonomy":"product_cat","embeddable":true,"href":"https:\/\/healthy-choice.co.uk\/pl\/wp-json\/wp\/v2\/product_cat?post=74"},{"taxonomy":"product_tag","embeddable":true,"href":"https:\/\/healthy-choice.co.uk\/pl\/wp-json\/wp\/v2\/product_tag?post=74"},{"taxonomy":"giftcard-category","embeddable":true,"href":"https:\/\/healthy-choice.co.uk\/pl\/wp-json\/wp\/v2\/giftcard-category?post=74"}],"curies":[{"name":"wp","href":"https:\/\/api.w.org\/{rel}","templated":true}]}}