{"id":487,"date":"2022-01-14T17:28:29","date_gmt":"2022-01-14T17:28:29","guid":{"rendered":"https:\/\/demo.creativethemes.com\/blocksy\/floreo\/?post_type=product&#038;p=487"},"modified":"2025-12-28T14:27:27","modified_gmt":"2025-12-28T12:27:27","slug":"melatonin-tryptophan-b6-120-tablets","status":"publish","type":"product","link":"https:\/\/healthy-choice.co.uk\/pl\/produkt\/melatonin-tryptophan-b6-120-tablets\/","title":{"rendered":"Melatonina + Tryptofan + B6 120 tabletek"},"content":{"rendered":"<h2>Suplement diety Melatonina + Tryptofan + B6 120 tabletek<\/h2>\n<p>Melatonina pomaga skr\u00f3ci\u0107 czas potrzebny do za\u015bni\u0119cia. L-tryptofan jest aminokwasem niezb\u0119dnym do produkcji bia\u0142ek bior\u0105cych udzia\u0142 w syntezie melatoniny i serotoniny. Witamina B6 pomaga w utrzymaniu prawid\u0142owego metabolizmu energetycznego, prawid\u0142owego funkcjonowania uk\u0142adu nerwowego, prawid\u0142owego metabolizmu homocysteiny, prawid\u0142owego metabolizmu bia\u0142ka i glikogenu.<\/p>\n<p>120 tabletek<br \/>\nWaga netto: 32,4 g<\/p>\n<p><strong>SK\u0141AD:<\/strong><br \/>\nsubstancje wype\u0142niaj\u0105ce: celuloza mikrokrystaliczna, wodorofosforan wapnia; L-tryptofan, substancje reguluj\u0105ce przyczepno\u015b\u0107: stearynian magnezu, dwutlenek krzemu; chlorowodorek pirydoksyny, melatonina.<\/p>","protected":false},"excerpt":{"rendered":"<p>Melatonina pomaga skr\u00f3ci\u0107 czas potrzebny do za\u015bni\u0119cia. L-tryptofan jest aminokwasem niezb\u0119dnym do produkcji bia\u0142ek bior\u0105cych udzia\u0142 w syntezie melatoniny i serotoniny. Witamina B6 pomaga w utrzymaniu prawid\u0142owego metabolizmu energetycznego, prawid\u0142owego funkcjonowania uk\u0142adu nerwowego, prawid\u0142owego metabolizmu homocysteiny oraz prawid\u0142owego metabolizmu bia\u0142ka i glikogenu.<\/p>","protected":false},"featured_media":2392,"template":"","meta":[],"product_brand":[],"product_cat":[30],"product_tag":[],"giftcard-category":[],"class_list":{"0":"post-487","1":"product","2":"type-product","3":"status-publish","4":"has-post-thumbnail","6":"product_cat-food-supplements","8":"first","9":"instock","10":"taxable","11":"shipping-taxable","12":"purchasable","13":"product-type-simple"},"aioseo_notices":[],"_links":{"self":[{"href":"https:\/\/healthy-choice.co.uk\/pl\/wp-json\/wp\/v2\/product\/487","targetHints":{"allow":["GET"]}}],"collection":[{"href":"https:\/\/healthy-choice.co.uk\/pl\/wp-json\/wp\/v2\/product"}],"about":[{"href":"https:\/\/healthy-choice.co.uk\/pl\/wp-json\/wp\/v2\/types\/product"}],"wp:featuredmedia":[{"embeddable":true,"href":"https:\/\/healthy-choice.co.uk\/pl\/wp-json\/wp\/v2\/media\/2392"}],"wp:attachment":[{"href":"https:\/\/healthy-choice.co.uk\/pl\/wp-json\/wp\/v2\/media?parent=487"}],"wp:term":[{"taxonomy":"product_brand","embeddable":true,"href":"https:\/\/healthy-choice.co.uk\/pl\/wp-json\/wp\/v2\/product_brand?post=487"},{"taxonomy":"product_cat","embeddable":true,"href":"https:\/\/healthy-choice.co.uk\/pl\/wp-json\/wp\/v2\/product_cat?post=487"},{"taxonomy":"product_tag","embeddable":true,"href":"https:\/\/healthy-choice.co.uk\/pl\/wp-json\/wp\/v2\/product_tag?post=487"},{"taxonomy":"giftcard-category","embeddable":true,"href":"https:\/\/healthy-choice.co.uk\/pl\/wp-json\/wp\/v2\/giftcard-category?post=487"}],"curies":[{"name":"wp","href":"https:\/\/api.w.org\/{rel}","templated":true}]}}