{"id":483,"date":"2022-01-14T17:22:03","date_gmt":"2022-01-14T17:22:03","guid":{"rendered":"https:\/\/demo.creativethemes.com\/blocksy\/floreo\/?post_type=product&#038;p=483"},"modified":"2025-12-28T14:34:00","modified_gmt":"2025-12-28T12:34:00","slug":"omega-3-fish-oil-healthy-choice-120-capsules","status":"publish","type":"product","link":"https:\/\/healthy-choice.co.uk\/pl\/produkt\/omega-3-fish-oil-healthy-choice-120-capsules\/","title":{"rendered":"Olej rybny Omega-3 \"Zdrowy wyb\u00f3r\" 120 kapsu\u0142ek"},"content":{"rendered":"<p><strong>Omega-3<\/strong><\/p>\n<p><strong>Olej rybi 1000 mg<\/strong><\/p>\n<p><strong>500 mg EPR i 250 mg DHA TG<\/strong><\/p>\n<p><strong>(Suplement)<\/strong><\/p>\n<p>Zawarto\u015b\u0107 netto: 160,8 g \/ 90 kapsu\u0142ek mi\u0119kkich<\/p>\n<p>Healthy Choice Omega-3 Fish Oil 1000mg 500mg EPR &amp; 250mg DHA TG. Opakowanie wystarcza na 3 miesi\u0105ce stosowania.<\/p>\n<p>Omega-3 to wielonienasycone kwasy t\u0142uszczowe, inaczej zwane dobrymi t\u0142uszczami. Jest to niezb\u0119dny kwas t\u0142uszczowy, kt\u00f3rego organizm nie jest w stanie sam wyprodukowa\u0107. Jest on niezb\u0119dny dla naszego organizmu do produkcji r\u00f3\u017cnych zwi\u0105zk\u00f3w biologicznie czynnych. Omega-3 mo\u017cna uzyska\u0107 z po\u017cywienia, zwykle znajduj\u0105cego si\u0119 w oleju rybim, ale mo\u017ce by\u0107 trudno uzyska\u0107 wystarczaj\u0105c\u0105 ilo\u015b\u0107 z tego, co jesz. Wielonienasycone kwasy t\u0142uszczowe, takie jak kwas eikozapentaenowy (EPA) i kwas dokozaheksaenowy (DHA) s\u0105 pozyskiwane z ryb, takich jak makrela, \u0142oso\u015b, tu\u0144czyk itp. Te kwasy t\u0142uszczowe pomagaj\u0105 utrzyma\u0107 prawid\u0142owe funkcjonowanie serca. Pozytywny efekt wyst\u0119puje przy dziennym spo\u017cyciu 250 mg EPR i DHA.<\/p>\n<p>Olej rybny Omega-3 1000 mg w mi\u0119kkich kapsu\u0142kach zawiera kwasy omega-3 bogate w nienasycone kwasy t\u0142uszczowe EPR (kwas eikozapentaenowy) i DHA (kwas dokozaheksaenowy).<\/p>\n<p>DHA - kwas dokozaheksaenowy<\/p>\n<p>Zawiera d\u0142ugo\u0142a\u0144cuchowy kwas t\u0142uszczowy omega-3, wa\u017cny dla m\u00f3zgu, oczu i og\u00f3lnego rozwoju, pomaga utrzyma\u0107 prawid\u0142owe funkcjonowanie serca. Niedostateczna ilo\u015b\u0107 tego kwasu mo\u017ce powodowa\u0107 problemy ze wzrokiem.<\/p>\n<p>EPR - kwas eikozapentaenowy<\/p>\n<p>Zawiera d\u0142ugo\u0142a\u0144cuchowy kwas t\u0142uszczowy omega-3, wa\u017cny dla og\u00f3lnego stanu zdrowia, pomaga utrzyma\u0107 prawid\u0142owe funkcjonowanie serca.<\/p>","protected":false},"excerpt":{"rendered":"<div class=\"product-short-description\">\n<p>Healthy Choice Omega-3 Fish Oil 1000mg 500mg EPR &amp; 250mg DHA TG.<\/p>\n<p>Opakowanie wystarcza na 3 miesi\u0105ce stosowania.<\/p>\n<\/div>\n<p>&nbsp;<\/p>","protected":false},"featured_media":2394,"template":"","meta":[],"product_brand":[],"product_cat":[30],"product_tag":[],"giftcard-category":[],"class_list":{"0":"post-483","1":"product","2":"type-product","3":"status-publish","4":"has-post-thumbnail","6":"product_cat-food-supplements","8":"first","9":"instock","10":"taxable","11":"shipping-taxable","12":"purchasable","13":"product-type-simple"},"aioseo_notices":[],"_links":{"self":[{"href":"https:\/\/healthy-choice.co.uk\/pl\/wp-json\/wp\/v2\/product\/483","targetHints":{"allow":["GET"]}}],"collection":[{"href":"https:\/\/healthy-choice.co.uk\/pl\/wp-json\/wp\/v2\/product"}],"about":[{"href":"https:\/\/healthy-choice.co.uk\/pl\/wp-json\/wp\/v2\/types\/product"}],"wp:featuredmedia":[{"embeddable":true,"href":"https:\/\/healthy-choice.co.uk\/pl\/wp-json\/wp\/v2\/media\/2394"}],"wp:attachment":[{"href":"https:\/\/healthy-choice.co.uk\/pl\/wp-json\/wp\/v2\/media?parent=483"}],"wp:term":[{"taxonomy":"product_brand","embeddable":true,"href":"https:\/\/healthy-choice.co.uk\/pl\/wp-json\/wp\/v2\/product_brand?post=483"},{"taxonomy":"product_cat","embeddable":true,"href":"https:\/\/healthy-choice.co.uk\/pl\/wp-json\/wp\/v2\/product_cat?post=483"},{"taxonomy":"product_tag","embeddable":true,"href":"https:\/\/healthy-choice.co.uk\/pl\/wp-json\/wp\/v2\/product_tag?post=483"},{"taxonomy":"giftcard-category","embeddable":true,"href":"https:\/\/healthy-choice.co.uk\/pl\/wp-json\/wp\/v2\/giftcard-category?post=483"}],"curies":[{"name":"wp","href":"https:\/\/api.w.org\/{rel}","templated":true}]}}