{"id":481,"date":"2022-01-14T17:21:10","date_gmt":"2022-01-14T17:21:10","guid":{"rendered":"https:\/\/demo.creativethemes.com\/blocksy\/floreo\/?post_type=product&#038;p=481"},"modified":"2025-12-28T14:22:28","modified_gmt":"2025-12-28T12:22:28","slug":"multivitamins-and-minerals-healthy-choice-90-tablets","status":"publish","type":"product","link":"https:\/\/healthy-choice.co.uk\/pl\/produkt\/multivitamins-and-minerals-healthy-choice-90-tablets\/","title":{"rendered":"Multiwitaminy i minera\u0142y \"Zdrowy wyb\u00f3r\" 90 tabletek"},"content":{"rendered":"<p>Cynk, \u017celazo, selen, mied\u017a, witamina A, witamina D, witamina B6, witamina B12 pomagaj\u0105 w prawid\u0142owym funkcjonowaniu uk\u0142adu odporno\u015bciowego.<\/p>\n<p>Witamina C pomaga utrzyma\u0107 prawid\u0142owe funkcjonowanie uk\u0142adu odporno\u015bciowego podczas i po intensywnym wysi\u0142ku fizycznym.<\/p>\n<p>Biotyna, niacyna, magnez, witamina B6 i B12, witamina C pomagaj\u0105 w utrzymaniu prawid\u0142owych funkcji psychologicznych.<\/p>\n<p>Biotyna, cynk i chrom pomagaj\u0105 utrzyma\u0107 prawid\u0142owy metabolizm makrosk\u0142adnik\u00f3w od\u017cywczych.<\/p>\n<p>Jednym z najwa\u017cniejszych dla naszego organizmu jest cynk, kt\u00f3ry pomaga utrzyma\u0107 prawid\u0142owy metabolizm kwasowo-zasadowy, metabolizm w\u0119glowodan\u00f3w, metabolizm kwas\u00f3w t\u0142uszczowych, syntez\u0119 DNA, metabolizm witaminy A, st\u0119\u017cenie testosteronu we krwi, p\u0142odno\u015b\u0107 i reprodukcj\u0119.<\/p>\n<p>Normalny metabolizm energetyczny jest wspierany przez biotyn\u0119, \u017celazo, wap\u0144, niacyn\u0119, magnez, mangan, jod, mied\u017a i kwas pantotenowy, witamin\u0119 B2, witamin\u0119 B6, witamin\u0119 B12, witamin\u0119 C.<\/p>\n<p>Witamina B2 i witamina A pomagaj\u0105 w utrzymaniu prawid\u0142owego metabolizmu \u017celaza, a witamina C poprawia wch\u0142anianie \u017celaza. Mied\u017a wspomaga prawid\u0142owy transport \u017celaza w organizmie.<\/p>\n<p>Biotyna, niacyna, witamina A i witamina B2 pomagaj\u0105 utrzyma\u0107 prawid\u0142owy stan b\u0142on \u015bluzowych.<\/p>\n<p>\u017belazo, niacyna, magnez i kwas pantotenowy, witamina B2, witamina B6, witamina B12, witamina C pomagaj\u0105 zmniejszy\u0107 zm\u0119czenie i znu\u017cenie.<\/p>\n<p>&nbsp;<\/p>\n<p>Kom\u00f3rki: Pomaga chroni\u0107 kom\u00f3rki przed uszkodzeniami oksydacyjnymi Cynk, mangan, selen, witamina B2, witamina C, witamina E. R\u00f3wnie\u017c cynk, \u017celazo, magnez, mied\u017a, witamina B12, witamina D pe\u0142ni\u0105 okre\u015blon\u0105 funkcj\u0119 w procesie podzia\u0142u kom\u00f3rek.<\/p>\n<p>Wap\u0144, witamina A pe\u0142ni\u0105 okre\u015blon\u0105 funkcj\u0119 w procesach podzia\u0142u i specjalizacji kom\u00f3rek.<\/p>\n<p>\u017belazo, jod i cynk wspomagaj\u0105 prawid\u0142owe funkcje poznawcze.<\/p>\n<p>Krew: Chrom pomaga utrzyma\u0107 prawid\u0142owy poziom glukozy we krwi.<\/p>\n<p>\u017belazo pomaga w prawid\u0142owym tworzeniu czerwonych krwinek i hemoglobiny, w transporcie tlenu w organizmie. Ryboflawina (witamina B2) pomaga w utrzymaniu prawid\u0142owego stanu czerwonych krwinek. Witaminy B6 i B12 pomagaj\u0105 w prawid\u0142owym tworzeniu czerwonych krwinek. Wap\u0144 i witamina K pomagaj\u0105 w utrzymaniu prawid\u0142owego krzepni\u0119cia krwi.<\/p>\n<p>Mi\u0119\u015bnie: Wap\u0144 pomaga utrzyma\u0107 prawid\u0142owe funkcjonowanie mi\u0119\u015bni. Magnez i witamina D pomagaj\u0105 utrzyma\u0107 prawid\u0142owe funkcjonowanie mi\u0119\u015bni.<\/p>\n<p>Bia\u0142ka: Cynk i magnez pomagaj\u0105 w utrzymaniu prawid\u0142owej syntezy bia\u0142ek. Witamina B6 pomaga w utrzymaniu prawid\u0142owego metabolizmu bia\u0142ka i glikogenu.<\/p>\n<p>Wzrok: Cynk, witamina A, ryboflawina (witamina B2) pomagaj\u0105 utrzyma\u0107 prawid\u0142owy wzrok.<\/p>\n<p>Hormony: Witamina B6 pomaga regulowa\u0107 aktywno\u015b\u0107 hormonaln\u0105. Kwas pantotenowy pomaga utrzyma\u0107 prawid\u0142ow\u0105 aktywno\u015b\u0107 hormon\u00f3w steroidowych. Jod pomaga w utrzymaniu prawid\u0142owej produkcji hormon\u00f3w tarczycy.<\/p>\n<p>Funkcja tarczycy: Selen i jod pomagaj\u0105 utrzyma\u0107 prawid\u0142owe funkcjonowanie tarczycy.<\/p>\n<p>&nbsp;<\/p>\n<p>Ko\u015bci: Cynk, wap\u0144, magnez, mangan, witamina D, witamina K pomagaj\u0105 utrzyma\u0107 prawid\u0142owy stan ko\u015bci.<\/p>\n<p>Witamina C wspomaga prawid\u0142owe tworzenie kolagenu, kt\u00f3ry jest niezb\u0119dny do prawid\u0142owego funkcjonowania ko\u015bci.<\/p>\n<p>Wap\u0144 i magnez s\u0105 niezb\u0119dne do utrzymania prawid\u0142owego stanu z\u0119b\u00f3w. Witamina D pomaga utrzyma\u0107 prawid\u0142owy stan z\u0119b\u00f3w.<\/p>\n<p>Witamina C pomaga w prawid\u0142owym tworzeniu kolagenu, kt\u00f3ry jest niezb\u0119dny do prawid\u0142owego funkcjonowania dzi\u0105se\u0142.<\/p>\n<p>Witamina C pomaga w utrzymaniu prawid\u0142owego tworzenia kolagenu, kt\u00f3ry jest niezb\u0119dny do prawid\u0142owego funkcjonowania z\u0119b\u00f3w<\/p>\n<p>Witamina C pomaga w prawid\u0142owym tworzeniu kolagenu, kt\u00f3ry jest niezb\u0119dny do prawid\u0142owego funkcjonowania naczy\u0144 krwiono\u015bnych.<\/p>\n<p>Witamina C wspomaga prawid\u0142owe tworzenie kolagenu, kt\u00f3ry jest niezb\u0119dny do prawid\u0142owego funkcjonowania chrz\u0105stki.<\/p>\n<p>Paznokcie: Cynk i selen pomagaj\u0105 utrzyma\u0107 prawid\u0142owy stan paznokci.<\/p>\n<p>W\u0142osy: Biotyna, cynk, selen pomagaj\u0105 utrzyma\u0107 prawid\u0142owy stan w\u0142os\u00f3w. Mied\u017a pomaga utrzyma\u0107 prawid\u0142ow\u0105 pigmentacj\u0119 w\u0142os\u00f3w<\/p>\n<p>Sk\u00f3ra: Biotyna, cynk, niacyna, jod, witamina A i ryboflawina (witamina B2) pomagaj\u0105 utrzyma\u0107 dobry stan sk\u00f3ry. Witamina C pomaga w prawid\u0142owej produkcji kolagenu, kt\u00f3ry jest niezb\u0119dny do prawid\u0142owego funkcjonowania sk\u00f3ry. Mied\u017a pomaga utrzyma\u0107 prawid\u0142ow\u0105 pigmentacj\u0119 sk\u00f3ry.<\/p>\n<p>Uk\u0142ad nerwowy: Biotyna, Jod, Niacyna, Magnez, Mied\u017a, Witamina B2, Witamina B6, Witamina B12, Witamina C pomagaj\u0105 w prawid\u0142owym funkcjonowaniu uk\u0142adu nerwowego. Wap\u0144 pomaga w prawid\u0142owym przekazywaniu impuls\u00f3w nerwowych i funkcjonowaniu enzym\u00f3w trawiennych.<\/p>\n<p>Magnez pomaga utrzyma\u0107 r\u00f3wnowag\u0119 elektrolitow\u0105.<\/p>\n<p>Mangan i mied\u017a wspomagaj\u0105 prawid\u0142owe tworzenie tkanki \u0142\u0105cznej.<\/p>\n<p>Molibden pomaga utrzyma\u0107 prawid\u0142owy metabolizm aminokwas\u00f3w zawieraj\u0105cych siark\u0119.<\/p>\n<p>Kwas pantotenowy pomaga w utrzymaniu prawid\u0142owej syntezy i metabolizmu witaminy D i niekt\u00f3rych neuroprzeka\u017anik\u00f3w.<\/p>\n<p>Kwas pantotenowy pomaga utrzyma\u0107 prawid\u0142ow\u0105 aktywno\u015b\u0107 umys\u0142ow\u0105.<\/p>\n<p>Selen pomaga utrzyma\u0107 prawid\u0142ow\u0105 spermatogenez\u0119.<\/p>\n<p>Witamina C pomaga przywr\u00f3ci\u0107 obni\u017cony poziom witaminy E<\/p>\n<p>Witamina D pomaga utrzyma\u0107 prawid\u0142owe wch\u0142anianie i\/lub przyswajanie wapnia i fosforu<\/p>\n<p>Witamina D pomaga utrzyma\u0107 prawid\u0142owy poziom wapnia we krwi.<\/p>\n<p>Witaminy B6 i B12 pomagaj\u0105 utrzyma\u0107 prawid\u0142owy metabolizm homocysteiny.<\/p>\n<p>Witamina B6 pomaga utrzyma\u0107 prawid\u0142ow\u0105 syntez\u0119 cysteiny<\/p>","protected":false},"excerpt":{"rendered":"<div class=\"product-short-description\">\n<p>Kompleks multiwitaminowo-mineralny \"Healthy Choice\" zosta\u0142 stworzony wed\u0142ug specjalnej formu\u0142y. Opakowanie wystarcza na 3-miesi\u0119czny cykl u\u017cytkowania.<\/p>\n<\/div>\n<form class=\"cart\" action=\"https:\/\/www.healthychoice.world\/products\/multivitamins-and-minerals-healthy-choice-90-tablets\/\" enctype=\"multipart\/form-data\" method=\"post\">\n<div class=\"sticky-add-to-cart-wrapper\">\n<div class=\"sticky-add-to-cart\">\n<div class=\"quantity buttons_added\"><\/div>\n<\/div>\n<\/div>\n<\/form>","protected":false},"featured_media":2395,"template":"","meta":[],"product_brand":[],"product_cat":[30],"product_tag":[],"giftcard-category":[],"class_list":{"0":"post-481","1":"product","2":"type-product","3":"status-publish","4":"has-post-thumbnail","6":"product_cat-food-supplements","8":"first","9":"instock","10":"taxable","11":"shipping-taxable","12":"purchasable","13":"product-type-simple"},"aioseo_notices":[],"_links":{"self":[{"href":"https:\/\/healthy-choice.co.uk\/pl\/wp-json\/wp\/v2\/product\/481","targetHints":{"allow":["GET"]}}],"collection":[{"href":"https:\/\/healthy-choice.co.uk\/pl\/wp-json\/wp\/v2\/product"}],"about":[{"href":"https:\/\/healthy-choice.co.uk\/pl\/wp-json\/wp\/v2\/types\/product"}],"wp:featuredmedia":[{"embeddable":true,"href":"https:\/\/healthy-choice.co.uk\/pl\/wp-json\/wp\/v2\/media\/2395"}],"wp:attachment":[{"href":"https:\/\/healthy-choice.co.uk\/pl\/wp-json\/wp\/v2\/media?parent=481"}],"wp:term":[{"taxonomy":"product_brand","embeddable":true,"href":"https:\/\/healthy-choice.co.uk\/pl\/wp-json\/wp\/v2\/product_brand?post=481"},{"taxonomy":"product_cat","embeddable":true,"href":"https:\/\/healthy-choice.co.uk\/pl\/wp-json\/wp\/v2\/product_cat?post=481"},{"taxonomy":"product_tag","embeddable":true,"href":"https:\/\/healthy-choice.co.uk\/pl\/wp-json\/wp\/v2\/product_tag?post=481"},{"taxonomy":"giftcard-category","embeddable":true,"href":"https:\/\/healthy-choice.co.uk\/pl\/wp-json\/wp\/v2\/giftcard-category?post=481"}],"curies":[{"name":"wp","href":"https:\/\/api.w.org\/{rel}","templated":true}]}}