{"id":249,"date":"2023-07-07T05:45:32","date_gmt":"2023-07-07T02:45:32","guid":{"rendered":"https:\/\/demo.creativethemes.com\/blocksy\/floreo\/?post_type=product&#038;p=249"},"modified":"2025-12-28T14:31:14","modified_gmt":"2025-12-28T12:31:14","slug":"l-carnitine-orange-flavor-1000ml","status":"publish","type":"product","link":"https:\/\/healthy-choice.co.uk\/pl\/produkt\/l-carnitine-orange-flavor-1000ml\/","title":{"rendered":"L-karnityna o smaku pomara\u0144czowym, 1000ml"},"content":{"rendered":"<p><strong>L-KARNITYNA SMAK POMARA\u0143CZOWY<\/strong><\/p>\n<p>Ilo\u015b\u0107 netto 1000 ml<\/p>\n<p>L-karnityna jest zwi\u0105zkiem witamin i aminokwas\u00f3w por\u00f3wnywalnym do witamin z grupy B. Substancja ta dzia\u0142a jako transporter kwas\u00f3w t\u0142uszczowych do mitochondrium. L-karnityna dzia\u0142a jako \u015brodek wspomagaj\u0105cy szybsze spalanie t\u0142uszczu i naturaln\u0105 utrat\u0119 wagi. Ponadto ostatnie badania dowodz\u0105, \u017ce L-karnityna pomaga zmniejszy\u0107 zm\u0119czenie, mas\u0119 cia\u0142a i zwi\u0119kszy\u0107 mas\u0119 mi\u0119\u015bniow\u0105, stabilizuje poziom cukru we krwi, a jednocze\u015bnie zmniejsza zapotrzebowanie na w\u0119glowodany. Karnityna pomaga zmobilizowa\u0107 rezerwy t\u0142uszczu, szczeg\u00f3lnie u os\u00f3b z nadwag\u0105.<\/p>\n<p>L-karnityna ma wyj\u0105tkowo pyszny pomara\u0144czowy smak, bez syntetycznych barwnik\u00f3w i wzmacniaczy smaku, wykonany z zachowaniem wszystkich najwa\u017cniejszych substancji, kt\u00f3re maj\u0105 pozytywny wp\u0142yw na ludzki organizm. Niezwykle wa\u017cne jest to, \u017ce ta L-karnityna jest w postaci p\u0142ynnej, dzi\u0119ki czemu organizm wch\u0142ania j\u0105 znacznie szybciej i \u0142atwiej. Suplement ten zawiera wyj\u0105tkowo du\u017c\u0105 ilo\u015b\u0107 karnityny, jedna porcja (25ml) zawiera a\u017c 1667mg, a 100ml - 6668mg.<\/p>","protected":false},"excerpt":{"rendered":"<p>L-karnityna jest zwi\u0105zkiem witamin i aminokwas\u00f3w por\u00f3wnywalnym do witamin z grupy B. Substancja ta dzia\u0142a jako transporter kwas\u00f3w t\u0142uszczowych do mitochondrium. L-karnityna dzia\u0142a jako \u015brodek wspomagaj\u0105cy szybsze spalanie t\u0142uszczu i naturaln\u0105 utrat\u0119 wagi.<\/p>","protected":false},"featured_media":2389,"template":"","meta":[],"product_brand":[],"product_cat":[28],"product_tag":[43],"giftcard-category":[],"class_list":{"0":"post-249","1":"product","2":"type-product","3":"status-publish","4":"has-post-thumbnail","6":"product_cat-top","7":"product_tag-l-carnitine-or-collagen-gift","9":"first","10":"instock","11":"sale","12":"taxable","13":"shipping-taxable","14":"purchasable","15":"product-type-simple"},"aioseo_notices":[],"_links":{"self":[{"href":"https:\/\/healthy-choice.co.uk\/pl\/wp-json\/wp\/v2\/product\/249","targetHints":{"allow":["GET"]}}],"collection":[{"href":"https:\/\/healthy-choice.co.uk\/pl\/wp-json\/wp\/v2\/product"}],"about":[{"href":"https:\/\/healthy-choice.co.uk\/pl\/wp-json\/wp\/v2\/types\/product"}],"wp:featuredmedia":[{"embeddable":true,"href":"https:\/\/healthy-choice.co.uk\/pl\/wp-json\/wp\/v2\/media\/2389"}],"wp:attachment":[{"href":"https:\/\/healthy-choice.co.uk\/pl\/wp-json\/wp\/v2\/media?parent=249"}],"wp:term":[{"taxonomy":"product_brand","embeddable":true,"href":"https:\/\/healthy-choice.co.uk\/pl\/wp-json\/wp\/v2\/product_brand?post=249"},{"taxonomy":"product_cat","embeddable":true,"href":"https:\/\/healthy-choice.co.uk\/pl\/wp-json\/wp\/v2\/product_cat?post=249"},{"taxonomy":"product_tag","embeddable":true,"href":"https:\/\/healthy-choice.co.uk\/pl\/wp-json\/wp\/v2\/product_tag?post=249"},{"taxonomy":"giftcard-category","embeddable":true,"href":"https:\/\/healthy-choice.co.uk\/pl\/wp-json\/wp\/v2\/giftcard-category?post=249"}],"curies":[{"name":"wp","href":"https:\/\/api.w.org\/{rel}","templated":true}]}}