{"id":2180,"date":"2022-01-15T10:45:53","date_gmt":"2022-01-15T08:45:53","guid":{"rendered":"https:\/\/healthy-choice.co.uk\/?post_type=product&#038;p=2180"},"modified":"2025-10-01T00:10:51","modified_gmt":"2025-09-30T21:10:51","slug":"beauty-vitamins-healthy-choice-60-tablets","status":"publish","type":"product","link":"https:\/\/healthy-choice.co.uk\/pl\/produkt\/beauty-vitamins-healthy-choice-60-tablets\/","title":{"rendered":"Witaminy dla urody \"Zdrowy wyb\u00f3r\" 60 tabletek"},"content":{"rendered":"<p>Selen jest bardzo wa\u017cnym pierwiastkiem \u015bladowym, najbardziej cenionym ze wzgl\u0119du na swoje dzia\u0142anie przeciwutleniaj\u0105ce i rzekom\u0105 zdolno\u015b\u0107 do spowalniania przedwczesnego starzenia si\u0119. Cynk, selen, jod, witaminy A, B2 i B3 wraz z biotyn\u0105 stanowi\u0105 doskona\u0142e po\u0142\u0105czenie dla utrzymania prawid\u0142owego stanu w\u0142os\u00f3w, paznokci i sk\u00f3ry. Cholina i betaina stymuluj\u0105 metabolizm, ograniczaj\u0105 gromadzenie si\u0119 t\u0142uszczu w w\u0105trobie. \u017belazo przyczynia si\u0119 do prawid\u0142owego transportu tlenu w organizmie. Magnez pomaga w reakcjach biochemicznych, zwi\u0119ksza wytrzyma\u0142o\u015b\u0107, pomaga przezwyci\u0119\u017cy\u0107 depresj\u0119 i wahania nastroju. Fosfor pomaga w utrzymaniu prawid\u0142owego funkcjonowania kom\u00f3rek. Witamina B6, wsp\u00f3\u0142pracuj\u0105c z innymi witaminami z grupy B, a tak\u017ce magnezem i cynkiem, poprawia funkcjonowanie m\u00f3zgu i uk\u0142adu nerwowego, pomaga kontrolowa\u0107 alergie, jest wa\u017cna dla produkcji energii w kom\u00f3rkach i jest wa\u017cna dla ochrony organizmu przed infekcjami.<\/p>\n<p>Cynk, \u017celazo, selen, witamina A, witamina D, witamina B6, witamina B12 pomagaj\u0105 w prawid\u0142owym funkcjonowaniu uk\u0142adu odporno\u015bciowego.<\/p>\n<p>Witamina C pomaga utrzyma\u0107 prawid\u0142owe funkcjonowanie uk\u0142adu odporno\u015bciowego podczas i po intensywnym wysi\u0142ku fizycznym.<\/p>\n<p>Biotyna, magnez, witamina B6 i B12, witamina C pomagaj\u0105 w utrzymaniu prawid\u0142owych funkcji psychologicznych.<\/p>\n<p>Biotyna i cynk pomagaj\u0105 utrzyma\u0107 prawid\u0142owy metabolizm makrosk\u0142adnik\u00f3w od\u017cywczych.<\/p>\n<p>Jednym z najwa\u017cniejszych dla naszego organizmu jest cynk, kt\u00f3ry pomaga utrzyma\u0107 prawid\u0142owy metabolizm kwasowo-zasadowy, metabolizm w\u0119glowodan\u00f3w, metabolizm kwas\u00f3w t\u0142uszczowych, syntez\u0119 DNA, metabolizm witaminy A, st\u0119\u017cenie testosteronu we krwi, p\u0142odno\u015b\u0107 i reprodukcj\u0119.<\/p>\n<p>Prawid\u0142owy metabolizm energetyczny jest wspierany przez biotyn\u0119, \u017celazo, fosfor, wap\u0144, magnez, mangan, jod, witamin\u0119 B2, witamin\u0119 B6, witamin\u0119 B12, witamin\u0119 C.<\/p>\n<p>Witamina B2 i witamina A pomagaj\u0105 utrzyma\u0107 prawid\u0142owy metabolizm \u017celaza, a witamina C poprawia wch\u0142anianie \u017celaza.<\/p>\n<p>Biotyna, witamina A i witamina B2 pomagaj\u0105 utrzyma\u0107 prawid\u0142owy stan b\u0142on \u015bluzowych.<\/p>\n<p>\u017belazo, magnez i kwas pantotenowy, witamina B2, witamina B6, witamina B12, witamina C pomagaj\u0105 zmniejszy\u0107 uczucie zm\u0119czenia i znu\u017cenia.<\/p>\n<p>Kom\u00f3rki: Pomaga chroni\u0107 kom\u00f3rki przed uszkodzeniami oksydacyjnymi Cynk, mangan, selen, witamina B2, witamina C, witamina E. R\u00f3wnie\u017c cynk, \u017celazo, magnez, witamina B12, witamina D pe\u0142ni\u0105 okre\u015blon\u0105 funkcj\u0119 w procesie podzia\u0142u kom\u00f3rek.<\/p>\n<p>Wap\u0144, witamina A pe\u0142ni\u0105 okre\u015blon\u0105 funkcj\u0119 w procesach podzia\u0142u i specjalizacji kom\u00f3rek.<\/p>\n<p>\u017belazo, jod i cynk wspomagaj\u0105 prawid\u0142owe funkcje poznawcze.<\/p>\n<p>Krew: \u017belazo pomaga w utrzymaniu prawid\u0142owego tworzenia czerwonych krwinek i hemoglobiny, transportu tlenu w organizmie. Ryboflawina (witamina B2) pomaga w utrzymaniu prawid\u0142owego stanu czerwonych krwinek. Witaminy B6 i B12 pomagaj\u0105 w prawid\u0142owym tworzeniu czerwonych krwinek. Wap\u0144 i witamina K pomagaj\u0105 w utrzymaniu prawid\u0142owego krzepni\u0119cia krwi.<\/p>\n<p>Mi\u0119\u015bnie: Wap\u0144 pomaga utrzyma\u0107 prawid\u0142owe funkcjonowanie mi\u0119\u015bni. Magnez i witamina D pomagaj\u0105 utrzyma\u0107 prawid\u0142owe funkcjonowanie mi\u0119\u015bni.<\/p>\n<p>Bia\u0142ka: Cynk i magnez pomagaj\u0105 w utrzymaniu prawid\u0142owej syntezy bia\u0142ek. Witamina B6 pomaga w utrzymaniu prawid\u0142owego metabolizmu bia\u0142ka i glikogenu.<\/p>\n<p>Wzrok: Cynk, witamina A, ryboflawina (witamina B2) pomagaj\u0105 utrzyma\u0107 prawid\u0142owy wzrok.<\/p>\n<p>Hormony: Witamina B6 pomaga regulowa\u0107 aktywno\u015b\u0107 hormonaln\u0105. Kwas pantotenowy pomaga utrzyma\u0107 prawid\u0142ow\u0105 aktywno\u015b\u0107 hormon\u00f3w steroidowych. Jod pomaga w utrzymaniu prawid\u0142owej produkcji hormon\u00f3w tarczycy.<\/p>\n<p>Funkcja tarczycy: Selen i jod pomagaj\u0105 utrzyma\u0107 prawid\u0142owe funkcjonowanie tarczycy.<\/p>\n<p>Ko\u015bci: Cynk, fosfor, wap\u0144, magnez, mangan, witamina D s\u0105 niezb\u0119dne do utrzymania prawid\u0142owego stanu ko\u015bci.<\/p>\n<p>Witamina C wspomaga prawid\u0142owe tworzenie kolagenu, kt\u00f3ry jest niezb\u0119dny do prawid\u0142owego funkcjonowania ko\u015bci.<\/p>\n<p>Fosfor i witamina D pomagaj\u0105 utrzyma\u0107 prawid\u0142owy stan z\u0119b\u00f3w.<\/p>\n<p>Witamina C pomaga w prawid\u0142owym tworzeniu kolagenu, kt\u00f3ry jest niezb\u0119dny do prawid\u0142owego funkcjonowania dzi\u0105se\u0142.<\/p>\n<p>Witamina C pomaga w utrzymaniu prawid\u0142owego tworzenia kolagenu, kt\u00f3ry jest niezb\u0119dny do prawid\u0142owego funkcjonowania z\u0119b\u00f3w<\/p>\n<p>Witamina C pomaga w prawid\u0142owym tworzeniu kolagenu, kt\u00f3ry jest niezb\u0119dny do prawid\u0142owego funkcjonowania naczy\u0144 krwiono\u015bnych.<\/p>\n<p>Witamina C wspomaga prawid\u0142owe tworzenie kolagenu, kt\u00f3ry jest niezb\u0119dny do prawid\u0142owego funkcjonowania chrz\u0105stki.<\/p>\n<p>Paznokcie: Cynk i selen pomagaj\u0105 utrzyma\u0107 prawid\u0142owy stan paznokci.<\/p>\n<p>W\u0142osy: Biotyna, cynk i selen pomagaj\u0105 utrzyma\u0107 prawid\u0142owy stan w\u0142os\u00f3w.<\/p>\n<p>Sk\u00f3ra: Biotyna, cynk, jod, witamina A i ryboflawina (witamina B2) pomagaj\u0105 utrzyma\u0107 dobry stan sk\u00f3ry. Witamina C pomaga w prawid\u0142owej produkcji kolagenu, kt\u00f3ry jest niezb\u0119dny do prawid\u0142owego funkcjonowania sk\u00f3ry.<\/p>\n<p>Uk\u0142ad nerwowy: Biotyna, Jod, Magnez, Witamina B2, Witamina B6, Witamina B12, Witamina C pomagaj\u0105 w prawid\u0142owym funkcjonowaniu uk\u0142adu nerwowego. Wap\u0144 pomaga w prawid\u0142owym przekazywaniu impuls\u00f3w nerwowych i funkcjonowaniu enzym\u00f3w trawiennych.<\/p>\n<p>Cholina pomaga utrzyma\u0107 prawid\u0142owe funkcjonowanie w\u0105troby.<\/p>\n<p>Cholina pomaga utrzyma\u0107 prawid\u0142owy metabolizm lipid\u00f3w.<\/p>\n<p>Fosfor pomaga utrzyma\u0107 prawid\u0142owe funkcjonowanie b\u0142on kom\u00f3rkowych.<\/p>\n<p>Magnez pomaga utrzyma\u0107 r\u00f3wnowag\u0119 elektrolitow\u0105.<\/p>\n<p>Mangan wspomaga prawid\u0142owe tworzenie tkanki \u0142\u0105cznej.<\/p>\n<p>Selen pomaga utrzyma\u0107 prawid\u0142ow\u0105 spermatogenez\u0119.<\/p>\n<p>Witamina C pomaga przywr\u00f3ci\u0107 obni\u017cony poziom witaminy E<\/p>\n<p>Witamina D pomaga utrzyma\u0107 prawid\u0142owe wch\u0142anianie i\/lub przyswajanie wapnia i fosforu.<\/p>\n<p>Witamina D pomaga utrzyma\u0107 prawid\u0142owy poziom wapnia we krwi.<\/p>\n<p>Cholina, witamina B6 i B12 pomagaj\u0105 utrzyma\u0107 prawid\u0142owy metabolizm homocysteiny.<\/p>\n<p>Witamina B6 pomaga w utrzymaniu prawid\u0142owej syntezy cysteiny.<\/p>\n<pre id=\"tw-target-text\" class=\"tw-data-text tw-text-large tw-ta\" dir=\"ltr\" data-placeholder=\"Vertimas\"><\/pre>","protected":false},"excerpt":{"rendered":"<p>Kompleks witamin Beauty \"Healthy Choice\" zosta\u0142 stworzony wed\u0142ug specjalnej formu\u0142y dla sk\u00f3ry, w\u0142os\u00f3w i paznokci.<\/p>\n<p>Zawarto\u015b\u0107 netto: 97,82 g \/ 60 tabletek.<\/p>","protected":false},"featured_media":2391,"template":"","meta":[],"product_brand":[],"product_cat":[30,28],"product_tag":[],"giftcard-category":[],"class_list":{"0":"post-2180","1":"product","2":"type-product","3":"status-publish","4":"has-post-thumbnail","6":"product_cat-food-supplements","7":"product_cat-top","9":"first","10":"instock","11":"taxable","12":"shipping-taxable","13":"purchasable","14":"product-type-simple"},"aioseo_notices":[],"_links":{"self":[{"href":"https:\/\/healthy-choice.co.uk\/pl\/wp-json\/wp\/v2\/product\/2180","targetHints":{"allow":["GET"]}}],"collection":[{"href":"https:\/\/healthy-choice.co.uk\/pl\/wp-json\/wp\/v2\/product"}],"about":[{"href":"https:\/\/healthy-choice.co.uk\/pl\/wp-json\/wp\/v2\/types\/product"}],"wp:featuredmedia":[{"embeddable":true,"href":"https:\/\/healthy-choice.co.uk\/pl\/wp-json\/wp\/v2\/media\/2391"}],"wp:attachment":[{"href":"https:\/\/healthy-choice.co.uk\/pl\/wp-json\/wp\/v2\/media?parent=2180"}],"wp:term":[{"taxonomy":"product_brand","embeddable":true,"href":"https:\/\/healthy-choice.co.uk\/pl\/wp-json\/wp\/v2\/product_brand?post=2180"},{"taxonomy":"product_cat","embeddable":true,"href":"https:\/\/healthy-choice.co.uk\/pl\/wp-json\/wp\/v2\/product_cat?post=2180"},{"taxonomy":"product_tag","embeddable":true,"href":"https:\/\/healthy-choice.co.uk\/pl\/wp-json\/wp\/v2\/product_tag?post=2180"},{"taxonomy":"giftcard-category","embeddable":true,"href":"https:\/\/healthy-choice.co.uk\/pl\/wp-json\/wp\/v2\/giftcard-category?post=2180"}],"curies":[{"name":"wp","href":"https:\/\/api.w.org\/{rel}","templated":true}]}}