{"id":1624,"date":"2023-07-07T05:49:08","date_gmt":"2023-07-07T05:49:08","guid":{"rendered":"https:\/\/healthy-choice.co.uk\/?post_type=product&#038;p=1624"},"modified":"2025-12-28T14:26:53","modified_gmt":"2025-12-28T12:26:53","slug":"set-peanut-spread-healthy-choice-with-pieces-3pcs-after-250g","status":"publish","type":"product","link":"https:\/\/healthy-choice.co.uk\/pl\/produkt\/set-peanut-spread-healthy-choice-with-pieces-3pcs-after-250g\/","title":{"rendered":"Set: peanut spread \u201cHealthy Choice\u201d with pieces 3pcs. after 250 g"},"content":{"rendered":"<p>100 % czysty, naturalny smak MAS\u0141O ORZECHOWE\u00a0<strong>\"ZDROWY WYB\u00d3R\"<\/strong>\u00a0sk\u0142ada si\u0119 z najlepszej jako\u015bci bia\u0142ka ro\u015blinnego, t\u0142uszcz\u00f3w nienasyconych, b\u0142onnika i w\u0119glowodan\u00f3w. Jest stworzony z zachowaniem wysokiej warto\u015bci biologicznej (BV). Jest to \u015bwietnie smakuj\u0105cy, niedrogi, wysokiej jako\u015bci produkt odpowiedni do spo\u017cycia kilka razy dziennie.<\/p>\n<p>100 % mas\u0142o orzechowe o czystym, naturalnym smaku\u00a0<strong>\"ZDROWY WYB\u00d3R\"<\/strong>\u00a0ma najwy\u017csz\u0105 jako\u015b\u0107 i doskona\u0142\u0105 konsystencj\u0119. Jest produkowany z najwy\u017cszej jako\u015bci orzeszk\u00f3w ziemnych, kt\u00f3re s\u0105 bogate w witaminy i minera\u0142y, takie jak s\u00f3d, wap\u0144, magnez, potas. Ten \u015bwietnie smakuj\u0105cy produkt wysokiej jako\u015bci jest wytwarzany z naturalnych sk\u0142adnik\u00f3w, bez sztucznych przypraw, wzmacniaczy smaku, t\u0142uszczu, syntetycznych dodatk\u00f3w i barwnik\u00f3w.<\/p>\n<p><strong>\"ZDROWY WYB\u00d3R\"<\/strong>\u00a0Mas\u0142o orzechowe pozyskuje si\u0119 piek\u0105c orzeszki ziemne wraz z \u0142upin\u0105. P\u00f3\u017aniej orzechy s\u0105 rozgniatane, aby wydoby\u0107 z nich wspania\u0142y, chrupi\u0105cy smak. W ten spos\u00f3b zachowana jest nienaruszona struktura bia\u0142ka i t\u0142uszczu. (W 100 g produktu znajduje si\u0119 do 30 g bia\u0142ka, kt\u00f3re odgrywa rol\u0119 w rozwoju mi\u0119\u015bni, 19 g w\u0119glowodan\u00f3w, a nawet do 50 g dobrych t\u0142uszcz\u00f3w (bardziej warto\u015bciowych ni\u017c t\u0142uszcze zwierz\u0119ce, poniewa\u017c g\u0142\u00f3wna cz\u0119\u015b\u0107 sk\u0142ada si\u0119 z nienasyconych kwas\u00f3w t\u0142uszczowych).<\/p>\n<p>Produkt ten jest jednym z najlepszych \u017ar\u00f3de\u0142 rozga\u0142\u0119zionych niezb\u0119dnych nienasyconych kwas\u00f3w t\u0142uszczowych (NNKT), od dawna uznawanych za jedno z najzdrowszych \u017ar\u00f3de\u0142 t\u0142uszczu i bia\u0142ka.<\/p>\n<p>Orzeszki ziemne s\u0105 bogate w witaminy z grupy B (B1, B2, B6), kt\u00f3re nale\u017cy stale dostarcza\u0107 z po\u017cywieniem, poniewa\u017c organizm ich nie oszcz\u0119dza, a tak\u017ce jod, fosfor, \u017celazo, magnez, wap\u0144, potas, s\u00f3d.<\/p>","protected":false},"excerpt":{"rendered":"<p>Healthy Choice Peanut Spread jest dost\u0119pny w dw\u00f3ch smakach, kremowym i z kawa\u0142kami, z wysokiej jako\u015bci bia\u0142kiem ro\u015blinnym, t\u0142uszczami nienasyconymi, b\u0142onnikiem i w\u0119glowodanami. Formu\u0142a zapewniaj\u0105ca wysok\u0105 warto\u015b\u0107 biologiczn\u0105 (BV). Jest to produkt wysokiej jako\u015bci, kt\u00f3ry mo\u017cna spo\u017cywa\u0107 kilka razy dziennie.<\/p>","protected":false},"featured_media":1625,"template":"","meta":[],"product_brand":[],"product_cat":[40,27,25],"product_tag":[],"giftcard-category":[],"class_list":{"0":"post-1624","1":"product","2":"type-product","3":"status-publish","4":"has-post-thumbnail","6":"product_cat-nut-products","7":"product_cat-sets","8":"product_cat-special-offers","10":"first","11":"instock","12":"sale","13":"taxable","14":"shipping-taxable","15":"purchasable","16":"product-type-simple"},"aioseo_notices":[],"_links":{"self":[{"href":"https:\/\/healthy-choice.co.uk\/pl\/wp-json\/wp\/v2\/product\/1624","targetHints":{"allow":["GET"]}}],"collection":[{"href":"https:\/\/healthy-choice.co.uk\/pl\/wp-json\/wp\/v2\/product"}],"about":[{"href":"https:\/\/healthy-choice.co.uk\/pl\/wp-json\/wp\/v2\/types\/product"}],"wp:featuredmedia":[{"embeddable":true,"href":"https:\/\/healthy-choice.co.uk\/pl\/wp-json\/wp\/v2\/media\/1625"}],"wp:attachment":[{"href":"https:\/\/healthy-choice.co.uk\/pl\/wp-json\/wp\/v2\/media?parent=1624"}],"wp:term":[{"taxonomy":"product_brand","embeddable":true,"href":"https:\/\/healthy-choice.co.uk\/pl\/wp-json\/wp\/v2\/product_brand?post=1624"},{"taxonomy":"product_cat","embeddable":true,"href":"https:\/\/healthy-choice.co.uk\/pl\/wp-json\/wp\/v2\/product_cat?post=1624"},{"taxonomy":"product_tag","embeddable":true,"href":"https:\/\/healthy-choice.co.uk\/pl\/wp-json\/wp\/v2\/product_tag?post=1624"},{"taxonomy":"giftcard-category","embeddable":true,"href":"https:\/\/healthy-choice.co.uk\/pl\/wp-json\/wp\/v2\/giftcard-category?post=1624"}],"curies":[{"name":"wp","href":"https:\/\/api.w.org\/{rel}","templated":true}]}}