{"id":1622,"date":"2023-07-07T05:46:46","date_gmt":"2023-07-07T05:46:46","guid":{"rendered":"https:\/\/healthy-choice.co.uk\/?post_type=product&#038;p=1622"},"modified":"2025-10-01T00:09:53","modified_gmt":"2025-09-30T21:09:53","slug":"set-healthy-choice-peanut-spread-with-250g-pieces-healthy-choice-almond-spread-with-250g-pieces","status":"publish","type":"product","link":"https:\/\/healthy-choice.co.uk\/pl\/produkt\/set-healthy-choice-peanut-spread-with-250g-pieces-healthy-choice-almond-spread-with-250g-pieces\/","title":{"rendered":"Zestaw: Pasta orzechowa Healthy Choice z 250 g kawa\u0142k\u00f3w + pasta migda\u0142owa Healthy Choice z 250 g kawa\u0142k\u00f3w"},"content":{"rendered":"<p><strong>Pasta orzechowa HEALTHY CHOICE<\/strong> to najwy\u017cszej jako\u015bci bia\u0142ko ro\u015blinne. Jest to wysokiej jako\u015bci produkt o doskona\u0142ym smaku, wytwarzany z naturalnych surowc\u00f3w, bez u\u017cycia sztucznych przypraw, wzmacniaczy smaku, t\u0142uszcz\u00f3w, syntetycznych dodatk\u00f3w i barwnik\u00f3w.<\/p>\n<p>Wykonane z najwy\u017cszej jako\u015bci orzeszk\u00f3w ziemnych, kt\u00f3re s\u0105 bogate w WITAMINY i MINERA\u0141Y, takie jak s\u00f3d, wap\u0144, magnez, potas. Ekstrahowane przez pra\u017cenie orzeszk\u00f3w ziemnych wraz z ich \u0142upinami, orzechy s\u0105 nast\u0119pnie kruszone, aby nada\u0107 im niesamowity chrupi\u0105cy smak, zachowuj\u0105c w ten spos\u00f3b niezmienion\u0105 struktur\u0119 bia\u0142ka i t\u0142uszczu.<\/p>\n<p>W\u0142\u00f3kna zapewniaj\u0105 p\u0142ynn\u0105 prac\u0119 jelit i zapewniaj\u0105 uczucie syto\u015bci, kt\u00f3re zmniejszy apetyt bez niezb\u0119dnych przek\u0105sek i s\u0142odyczy.<\/p>\n<div class=\"col medium-6 small-12 large-6\">\n<div class=\"col-inner\"><\/div>\n<\/div>\n<p><strong>Pasta migda\u0142owa HEALTHY CHOICE<\/strong> to najwy\u017cszej jako\u015bci bia\u0142ko ro\u015blinne. Jest to wysokiej jako\u015bci produkt o doskona\u0142ym smaku, wytwarzany z naturalnych surowc\u00f3w, bez u\u017cycia sztucznych przypraw, wzmacniaczy smaku, t\u0142uszcz\u00f3w, syntetycznych dodatk\u00f3w i barwnik\u00f3w.<\/p>\n<p>Wykonane z najwy\u017cszej jako\u015bci migda\u0142\u00f3w, kt\u00f3re s\u0105 bogate w WITAMINY i MINERA\u0141Y, takie jak s\u00f3d, wap\u0144, magnez, potas. Ekstrahowane przez sma\u017cenie migda\u0142\u00f3w, orzechy s\u0105 nast\u0119pnie kruszone, aby nada\u0107 im niesamowity chrupi\u0105cy smak, zachowuj\u0105c w ten spos\u00f3b niezmienion\u0105 struktur\u0119 bia\u0142ka i t\u0142uszczu.<\/p>\n<p>W\u0142\u00f3kna zapewniaj\u0105 p\u0142ynn\u0105 prac\u0119 jelit i zapewniaj\u0105 uczucie syto\u015bci, kt\u00f3re zmniejszy apetyt bez niezb\u0119dnych przek\u0105sek i s\u0142odyczy.<\/p>","protected":false},"excerpt":{"rendered":"<p>topSet: Pasta orzechowa Healthy Choice z 250 g kawa\u0142k\u00f3w + pasta migda\u0142owa Healthy Choice z 250 g kawa\u0142k\u00f3w<\/p>","protected":false},"featured_media":1623,"template":"","meta":[],"product_brand":[],"product_cat":[40,27,25],"product_tag":[],"giftcard-category":[],"class_list":{"0":"post-1622","1":"product","2":"type-product","3":"status-publish","4":"has-post-thumbnail","6":"product_cat-nut-products","7":"product_cat-sets","8":"product_cat-special-offers","10":"first","11":"instock","12":"sale","13":"taxable","14":"shipping-taxable","15":"purchasable","16":"product-type-simple"},"aioseo_notices":[],"_links":{"self":[{"href":"https:\/\/healthy-choice.co.uk\/pl\/wp-json\/wp\/v2\/product\/1622","targetHints":{"allow":["GET"]}}],"collection":[{"href":"https:\/\/healthy-choice.co.uk\/pl\/wp-json\/wp\/v2\/product"}],"about":[{"href":"https:\/\/healthy-choice.co.uk\/pl\/wp-json\/wp\/v2\/types\/product"}],"wp:featuredmedia":[{"embeddable":true,"href":"https:\/\/healthy-choice.co.uk\/pl\/wp-json\/wp\/v2\/media\/1623"}],"wp:attachment":[{"href":"https:\/\/healthy-choice.co.uk\/pl\/wp-json\/wp\/v2\/media?parent=1622"}],"wp:term":[{"taxonomy":"product_brand","embeddable":true,"href":"https:\/\/healthy-choice.co.uk\/pl\/wp-json\/wp\/v2\/product_brand?post=1622"},{"taxonomy":"product_cat","embeddable":true,"href":"https:\/\/healthy-choice.co.uk\/pl\/wp-json\/wp\/v2\/product_cat?post=1622"},{"taxonomy":"product_tag","embeddable":true,"href":"https:\/\/healthy-choice.co.uk\/pl\/wp-json\/wp\/v2\/product_tag?post=1622"},{"taxonomy":"giftcard-category","embeddable":true,"href":"https:\/\/healthy-choice.co.uk\/pl\/wp-json\/wp\/v2\/giftcard-category?post=1622"}],"curies":[{"name":"wp","href":"https:\/\/api.w.org\/{rel}","templated":true}]}}