{"id":1616,"date":"2023-07-07T05:42:52","date_gmt":"2023-07-07T05:42:52","guid":{"rendered":"https:\/\/healthy-choice.co.uk\/?post_type=product&#038;p=1616"},"modified":"2025-10-01T00:10:32","modified_gmt":"2025-09-30T21:10:32","slug":"set-l-carnitine-orange-flavor-100-pure-collagen-strawberry-flavor","status":"publish","type":"product","link":"https:\/\/healthy-choice.co.uk\/pl\/produkt\/set-l-carnitine-orange-flavor-100-pure-collagen-strawberry-flavor\/","title":{"rendered":"Zestaw: L-karnityna smak pomara\u0144czowy + 100% czysty kolagen smak truskawkowy"},"content":{"rendered":"<p><strong>100% CZYSTY KOLAGEN O SMAKU TRUSKAWKOWYM<\/strong><\/p>\n<p>Ilo\u015b\u0107 netto 500 ml<\/p>\n<p>Kolagen to naturalnie wyst\u0119puj\u0105ce w ludzkim organizmie bia\u0142ko, kt\u00f3re wspiera struktur\u0119 sk\u00f3ry, ko\u015bci i mi\u0119\u015bni, ale w procesie starzenia zdolno\u015b\u0107 organizmu do syntezy kolagenu spada. Z tego powodu opracowywane s\u0105 suplementy kolagenowe, kt\u00f3re pomagaj\u0105 utrzyma\u0107 prawid\u0142owy stan sk\u00f3ry, w\u0142os\u00f3w i paznokci, zmniejszaj\u0105 utrat\u0119 masy kostnej i maj\u0105 pozytywny wp\u0142yw na uk\u0142ad sercowo-naczyniowy.<\/p>\n<p>100% czysty kolagen o smaku truskawkowym to produkt najwy\u017cszej jako\u015bci, stworzony z zachowaniem wszystkich najwa\u017cniejszych substancji poprawiaj\u0105cych kondycj\u0119 w\u0142os\u00f3w, sk\u00f3ry, paznokci, tkanek \u0142\u0105cznych, staw\u00f3w. To \u015bwietny truskawkowy smak, niedrogi, wysokiej jako\u015bci produkt, odpowiedni do stosowania raz dziennie.<\/p>\n<p>100% czysty kolagen o smaku truskawkowym zawiera biotyn\u0119, cynk, witaminy E i C. Biotyna jest niezwykle wa\u017cna dla metabolizmu w\u0119glowodan\u00f3w, bia\u0142ek i t\u0142uszcz\u00f3w. Biotyna pomaga w utrzymaniu prawid\u0142owego metabolizmu energetycznego, aktywno\u015bci uk\u0142adu nerwowego, funkcji psychologicznych i stanu sk\u00f3ry. Cynk jest niezb\u0119dny do produkcji bia\u0142ek, wa\u017cnych dla rozwoju i funkcjonowania kom\u00f3rek odporno\u015bciowych. Cynk, podobnie jak witaminy E i C, pomaga w utrzymaniu silnego uk\u0142adu odporno\u015bciowego.<\/p>\n<p>&nbsp;<\/p>\n<p><strong>L-KARNITYNA SMAK POMARA\u0143CZOWY<\/strong><\/p>\n<p>Ilo\u015b\u0107 netto 1000 ml<\/p>\n<p>L-karnityna jest zwi\u0105zkiem witamin i aminokwas\u00f3w por\u00f3wnywalnym do witamin z grupy B. Substancja ta dzia\u0142a jako transporter kwas\u00f3w t\u0142uszczowych do mitochondrium. L-karnityna dzia\u0142a jako \u015brodek wspomagaj\u0105cy szybsze spalanie t\u0142uszczu i naturaln\u0105 utrat\u0119 wagi. Ponadto ostatnie badania dowodz\u0105, \u017ce L-karnityna pomaga zmniejszy\u0107 zm\u0119czenie, mas\u0119 cia\u0142a i zwi\u0119kszy\u0107 mas\u0119 mi\u0119\u015bniow\u0105, stabilizuje poziom cukru we krwi, a jednocze\u015bnie zmniejsza zapotrzebowanie na w\u0119glowodany. Karnityna pomaga zmobilizowa\u0107 rezerwy t\u0142uszczu, szczeg\u00f3lnie u os\u00f3b z nadwag\u0105.<\/p>\n<p>L-karnityna ma wyj\u0105tkowo pyszny pomara\u0144czowy smak, bez syntetycznych barwnik\u00f3w i wzmacniaczy smaku, wykonany z zachowaniem wszystkich najwa\u017cniejszych substancji, kt\u00f3re maj\u0105 pozytywny wp\u0142yw na ludzki organizm. Niezwykle wa\u017cne jest to, \u017ce ta L-karnityna jest w postaci p\u0142ynnej, dzi\u0119ki czemu organizm wch\u0142ania j\u0105 znacznie szybciej i \u0142atwiej. Suplement ten zawiera wyj\u0105tkowo du\u017c\u0105 ilo\u015b\u0107 karnityny, jedna porcja (25ml) zawiera a\u017c 1667mg, a 100ml - 6668mg.<\/p>","protected":false},"excerpt":{"rendered":"<div class=\"product-short-description\">\n<p>Zestaw: L-karnityna smak pomara\u0144czowy + 100% czysty kolagen smak truskawkowy<\/p>\n<\/div>","protected":false},"featured_media":1617,"template":"","meta":[],"product_brand":[],"product_cat":[41,27,25],"product_tag":[43],"giftcard-category":[],"class_list":{"0":"post-1616","1":"product","2":"type-product","3":"status-publish","4":"has-post-thumbnail","6":"product_cat-l-carnitine","7":"product_cat-sets","8":"product_cat-special-offers","9":"product_tag-l-carnitine-or-collagen-gift","11":"first","12":"instock","13":"sale","14":"taxable","15":"shipping-taxable","16":"purchasable","17":"product-type-simple"},"aioseo_notices":[],"_links":{"self":[{"href":"https:\/\/healthy-choice.co.uk\/pl\/wp-json\/wp\/v2\/product\/1616","targetHints":{"allow":["GET"]}}],"collection":[{"href":"https:\/\/healthy-choice.co.uk\/pl\/wp-json\/wp\/v2\/product"}],"about":[{"href":"https:\/\/healthy-choice.co.uk\/pl\/wp-json\/wp\/v2\/types\/product"}],"wp:featuredmedia":[{"embeddable":true,"href":"https:\/\/healthy-choice.co.uk\/pl\/wp-json\/wp\/v2\/media\/1617"}],"wp:attachment":[{"href":"https:\/\/healthy-choice.co.uk\/pl\/wp-json\/wp\/v2\/media?parent=1616"}],"wp:term":[{"taxonomy":"product_brand","embeddable":true,"href":"https:\/\/healthy-choice.co.uk\/pl\/wp-json\/wp\/v2\/product_brand?post=1616"},{"taxonomy":"product_cat","embeddable":true,"href":"https:\/\/healthy-choice.co.uk\/pl\/wp-json\/wp\/v2\/product_cat?post=1616"},{"taxonomy":"product_tag","embeddable":true,"href":"https:\/\/healthy-choice.co.uk\/pl\/wp-json\/wp\/v2\/product_tag?post=1616"},{"taxonomy":"giftcard-category","embeddable":true,"href":"https:\/\/healthy-choice.co.uk\/pl\/wp-json\/wp\/v2\/giftcard-category?post=1616"}],"curies":[{"name":"wp","href":"https:\/\/api.w.org\/{rel}","templated":true}]}}