{"id":1614,"date":"2023-07-07T05:34:27","date_gmt":"2023-07-07T05:34:27","guid":{"rendered":"https:\/\/healthy-choice.co.uk\/?post_type=product&#038;p=1614"},"modified":"2025-06-02T14:07:59","modified_gmt":"2025-06-02T11:07:59","slug":"set-collagen-strawberry-flavor-100-pure-healthy-choice-500ml-3-pcs","status":"publish","type":"product","link":"https:\/\/healthy-choice.co.uk\/pl\/produkt\/set-collagen-strawberry-flavor-100-pure-healthy-choice-500ml-3-pcs\/","title":{"rendered":"Zestaw: Kolagen o smaku truskawkowym, 100% pure HEALTHY CHOICE, 500ml (3 szt.)."},"content":{"rendered":"<p><strong>100% CZYSTY KOLAGEN O SMAKU TRUSKAWKOWYM<\/strong><\/p>\n<p>Ilo\u015b\u0107 netto 500 ml<\/p>\n<p>Kolagen to naturalnie wyst\u0119puj\u0105ce w ludzkim organizmie bia\u0142ko, kt\u00f3re wspiera struktur\u0119 sk\u00f3ry, ko\u015bci i mi\u0119\u015bni, ale w procesie starzenia zdolno\u015b\u0107 organizmu do syntezy kolagenu spada. Z tego powodu opracowywane s\u0105 suplementy kolagenowe, kt\u00f3re pomagaj\u0105 utrzyma\u0107 prawid\u0142owy stan sk\u00f3ry, w\u0142os\u00f3w i paznokci, zmniejszaj\u0105 utrat\u0119 masy kostnej i maj\u0105 pozytywny wp\u0142yw na uk\u0142ad sercowo-naczyniowy.<\/p>\n<p>100% czysty kolagen o smaku truskawkowym to produkt najwy\u017cszej jako\u015bci, stworzony z zachowaniem wszystkich najwa\u017cniejszych substancji poprawiaj\u0105cych kondycj\u0119 w\u0142os\u00f3w, sk\u00f3ry, paznokci, tkanek \u0142\u0105cznych, staw\u00f3w. To \u015bwietny truskawkowy smak, niedrogi, wysokiej jako\u015bci produkt, odpowiedni do stosowania raz dziennie.<\/p>\n<p>100% czysty kolagen o smaku truskawkowym zawiera biotyn\u0119, cynk, witaminy E i C. Biotyna jest niezwykle wa\u017cna dla metabolizmu w\u0119glowodan\u00f3w, bia\u0142ek i t\u0142uszcz\u00f3w. Biotyna pomaga w utrzymaniu prawid\u0142owego metabolizmu energetycznego, aktywno\u015bci uk\u0142adu nerwowego, funkcji psychologicznych i stanu sk\u00f3ry. Cynk jest niezb\u0119dny do produkcji bia\u0142ek, wa\u017cnych dla rozwoju i funkcjonowania kom\u00f3rek odporno\u015bciowych. Cynk, podobnie jak witaminy E i C, pomaga w utrzymaniu silnego uk\u0142adu odporno\u015bciowego.<\/p>","protected":false},"excerpt":{"rendered":"<p>Kolagen jest naturalnie wyst\u0119puj\u0105cym bia\u0142kiem w ludzkim organizmie, kt\u00f3re wspiera struktur\u0119 sk\u00f3ry, ko\u015bci i mi\u0119\u015bni, ale w procesie starzenia zdolno\u015b\u0107 organizmu do syntezy kolagenu spada.<\/p>","protected":false},"featured_media":1615,"template":"","meta":[],"product_brand":[],"product_cat":[27,25],"product_tag":[43],"giftcard-category":[],"class_list":{"0":"post-1614","1":"product","2":"type-product","3":"status-publish","4":"has-post-thumbnail","6":"product_cat-sets","7":"product_cat-special-offers","8":"product_tag-l-carnitine-or-collagen-gift","10":"first","11":"instock","12":"sale","13":"taxable","14":"shipping-taxable","15":"purchasable","16":"product-type-simple"},"aioseo_notices":[],"_links":{"self":[{"href":"https:\/\/healthy-choice.co.uk\/pl\/wp-json\/wp\/v2\/product\/1614","targetHints":{"allow":["GET"]}}],"collection":[{"href":"https:\/\/healthy-choice.co.uk\/pl\/wp-json\/wp\/v2\/product"}],"about":[{"href":"https:\/\/healthy-choice.co.uk\/pl\/wp-json\/wp\/v2\/types\/product"}],"wp:featuredmedia":[{"embeddable":true,"href":"https:\/\/healthy-choice.co.uk\/pl\/wp-json\/wp\/v2\/media\/1615"}],"wp:attachment":[{"href":"https:\/\/healthy-choice.co.uk\/pl\/wp-json\/wp\/v2\/media?parent=1614"}],"wp:term":[{"taxonomy":"product_brand","embeddable":true,"href":"https:\/\/healthy-choice.co.uk\/pl\/wp-json\/wp\/v2\/product_brand?post=1614"},{"taxonomy":"product_cat","embeddable":true,"href":"https:\/\/healthy-choice.co.uk\/pl\/wp-json\/wp\/v2\/product_cat?post=1614"},{"taxonomy":"product_tag","embeddable":true,"href":"https:\/\/healthy-choice.co.uk\/pl\/wp-json\/wp\/v2\/product_tag?post=1614"},{"taxonomy":"giftcard-category","embeddable":true,"href":"https:\/\/healthy-choice.co.uk\/pl\/wp-json\/wp\/v2\/giftcard-category?post=1614"}],"curies":[{"name":"wp","href":"https:\/\/api.w.org\/{rel}","templated":true}]}}