{"id":1610,"date":"2023-07-07T05:50:45","date_gmt":"2023-07-07T02:50:45","guid":{"rendered":"https:\/\/healthy-choice.co.uk\/?post_type=product&#038;p=1610"},"modified":"2025-12-28T14:29:30","modified_gmt":"2025-12-28T12:29:30","slug":"almond-spread-chunky-1kg","status":"publish","type":"product","link":"https:\/\/healthy-choice.co.uk\/pl\/produkt\/almond-spread-chunky-1kg\/","title":{"rendered":"Almond spread CHUNKY 1 kg"},"content":{"rendered":"<p><strong>HEALTHY CHOICE Spread z orzech\u00f3w migda\u0142owych<\/strong> to najwy\u017cszej jako\u015bci bia\u0142ko pochodzenia ro\u015blinnego. Jest to \u015bwietnie smakuj\u0105cy, wysokiej jako\u015bci produkt wykonany z naturalnych surowc\u00f3w bez u\u017cycia sztucznych aromat\u00f3w, wzmacniaczy smaku, t\u0142uszcz\u00f3w, syntetycznych dodatk\u00f3w i barwnik\u00f3w.<\/p>\n<p>Jest wytwarzany z najlepszych orzech\u00f3w migda\u0142owych, kt\u00f3re s\u0105 bogate w WITAMINY i MINERA\u0141Y, takie jak s\u00f3d, wap\u0144, magnez, potas. Ekstrahuje si\u0119 go poprzez pra\u017cenie orzech\u00f3w migda\u0142owych, a nast\u0119pnie kruszenie orzech\u00f3w w celu uzyskania wspania\u0142ego chrupi\u0105cego smaku, zachowuj\u0105c w ten spos\u00f3b niezmienion\u0105 struktur\u0119 bia\u0142ka i t\u0142uszczu.<\/p>\n<p>B\u0142onnik zapewnia sprawne funkcjonowanie jelit i zapewnia uczucie syto\u015bci, kt\u00f3re zmniejszy apetyt na niepotrzebne przek\u0105ski i s\u0142odycze.<\/p>","protected":false},"excerpt":{"rendered":"<p>100 % czysty, naturalny smak Mas\u0142o migda\u0142owe \"Zdrowy Wyb\u00f3r\" sk\u0142ada si\u0119 z najlepszej jako\u015bci bia\u0142ka ro\u015blinnego, t\u0142uszcz\u00f3w nienasyconych, b\u0142onnika i w\u0119glowodan\u00f3w. Zosta\u0142o stworzone z zachowaniem wysokiej warto\u015bci biologicznej (BV).<\/p>","protected":false},"featured_media":2388,"template":"","meta":[],"product_brand":[],"product_cat":[40,28],"product_tag":[],"giftcard-category":[],"class_list":{"0":"post-1610","1":"product","2":"type-product","3":"status-publish","4":"has-post-thumbnail","6":"product_cat-nut-products","7":"product_cat-top","9":"first","10":"instock","11":"taxable","12":"shipping-taxable","13":"purchasable","14":"product-type-simple"},"aioseo_notices":[],"_links":{"self":[{"href":"https:\/\/healthy-choice.co.uk\/pl\/wp-json\/wp\/v2\/product\/1610","targetHints":{"allow":["GET"]}}],"collection":[{"href":"https:\/\/healthy-choice.co.uk\/pl\/wp-json\/wp\/v2\/product"}],"about":[{"href":"https:\/\/healthy-choice.co.uk\/pl\/wp-json\/wp\/v2\/types\/product"}],"wp:featuredmedia":[{"embeddable":true,"href":"https:\/\/healthy-choice.co.uk\/pl\/wp-json\/wp\/v2\/media\/2388"}],"wp:attachment":[{"href":"https:\/\/healthy-choice.co.uk\/pl\/wp-json\/wp\/v2\/media?parent=1610"}],"wp:term":[{"taxonomy":"product_brand","embeddable":true,"href":"https:\/\/healthy-choice.co.uk\/pl\/wp-json\/wp\/v2\/product_brand?post=1610"},{"taxonomy":"product_cat","embeddable":true,"href":"https:\/\/healthy-choice.co.uk\/pl\/wp-json\/wp\/v2\/product_cat?post=1610"},{"taxonomy":"product_tag","embeddable":true,"href":"https:\/\/healthy-choice.co.uk\/pl\/wp-json\/wp\/v2\/product_tag?post=1610"},{"taxonomy":"giftcard-category","embeddable":true,"href":"https:\/\/healthy-choice.co.uk\/pl\/wp-json\/wp\/v2\/giftcard-category?post=1610"}],"curies":[{"name":"wp","href":"https:\/\/api.w.org\/{rel}","templated":true}]}}