{"id":1579,"date":"2025-04-21T09:20:59","date_gmt":"2025-04-21T06:20:59","guid":{"rendered":"https:\/\/healthy-choice.co.uk\/?post_type=product&#038;p=1579"},"modified":"2025-12-28T14:24:25","modified_gmt":"2025-12-28T12:24:25","slug":"100-whey-protein-isolate-1kg","status":"publish","type":"product","link":"https:\/\/healthy-choice.co.uk\/pl\/produkt\/100-whey-protein-isolate-1kg\/","title":{"rendered":"100% Whey Protein Isolate, 1 kg"},"content":{"rendered":"<h3 class=\"text-white\">O Izolacie Bia\u0142ka Serwatkowego \"HEALTHY CHOICE\"<\/h3>\n<p>Izolat bia\u0142ka serwatkowego to najczystsza forma bia\u0142ka serwatkowego o bardzo niskiej zawarto\u015bci laktozy i t\u0142uszczu. Osoby, kt\u00f3re z trudem trawi\u0105 bia\u0142ko serwatkowe spo\u017cywaj\u0105 tylko ten rodzaj bia\u0142ka, poniewa\u017c tutaj zawarto\u015b\u0107 laktozy jest mniejsza ni\u017c 1%. Jest to \u017ar\u00f3d\u0142o bia\u0142ka o wysokiej warto\u015bci biologicznej (BV) zawieraj\u0105ce du\u017c\u0105 ilo\u015b\u0107 aminokwas\u00f3w rozga\u0142\u0119zionych (BCAA), glutaminy i niezb\u0119dnych aminokwas\u00f3w (EAA), kt\u00f3rych organizm ludzki nie jest w stanie sam wyprodukowa\u0107.<\/p>\n<p>Wysoce rozpuszczalny Izolat Bia\u0142ka Serwatkowego 100% \"HEALTHY CHOICE\" to wysokiej jako\u015bci bia\u0142ko, produkowane w niskiej temperaturze poprzez po\u0142\u0105czenie procesu ultrafiltracji i mikrofiltracji, kt\u00f3ry pozwala na oddzielenie bia\u0142ka o niezmienionej strukturze bia\u0142kowej i zachowanie jego wysokiej warto\u015bci biologicznej (BV).<\/p>\n<p>Co wa\u017cne, u\u017cywamy wy\u0142\u0105cznie lecytyny s\u0142onecznikowej jako emulgatora, aby poprawi\u0107 rozpuszczalno\u015b\u0107 naszego produktu. Wielu producent\u00f3w u\u017cywa lecytyny sojowej, ale g\u0142\u00f3wnym powodem jest to, \u017ce jest ona ta\u0144sza. Jednak soja jest alergenem i wiele os\u00f3b jest na ni\u0105 uczulonych. Ponadto przemys\u0142 sojowy cz\u0119sto wykorzystuje produkty modyfikowane genetycznie, a do produkcji lecytyny sojowej stosuje si\u0119 niebezpieczne chemikalia.<\/p>\n<p>W przeciwie\u0144stwie do soi, s\u0142oneczniki nie s\u0105 modyfikowane genetycznie - s\u0105 uprawiane naturalnie. Lecytyna s\u0142onecznikowa jest produkowana w procesie t\u0142oczenia na zimno, podobnie jak oliwa z oliwek, bez u\u017cycia niebezpiecznych chemikali\u00f3w.<\/p>\n<p>Dbamy o \u015brodowisko i jako\u015b\u0107 naszych produkt\u00f3w, dlatego produkujemy \"HEALTHY CHOICE\" Whey Protein Isolate wy\u0142\u0105cznie z mleka kr\u00f3w karmionych traw\u0105.<\/p>\n<p>Nieustannie konsultujemy produkty \"HEALTHY CHOICE\" z profesjonalnymi sportowcami, trenerami, dietetykami i dopracowujemy najcenniejsze w\u0142a\u015bciwo\u015bci ka\u017cdego produktu.<\/p>\n<p>&nbsp;<\/p>\n<h3 class=\"sub-header text-white mt-2\">Bia\u0142ko \"HEALTHY CHOICE\" i jego znaczenie dla ludzkiego organizmu<\/h3>\n<div id=\"row-525022350\" class=\"row\">\n<div class=\"col medium-6 small-12 large-6\">\n<div class=\"col-inner\">\n<p>Bia\u0142ko jest materia\u0142em budulcowym mi\u0119\u015bni, jednym z kluczowych sk\u0142adnik\u00f3w od\u017cywczych, podobnie jak w\u0119glowodany i t\u0142uszcze. Bia\u0142ko jest drugim po wodzie najobficiej wyst\u0119puj\u0105cym i najwa\u017cniejszym sk\u0142adnikiem organizmu. Bia\u0142ko jest bardzo rozpowszechnione w \u017cywej przyrodzie i stanowi jej podstaw\u0119. Podobnie jak puzzle, bia\u0142ko sk\u0142ada si\u0119 z pojedynczych detali, bia\u0142ko sk\u0142ada si\u0119 z ma\u0142ych cz\u0105steczek - aminokwas\u00f3w. Makrocz\u0105steczka bia\u0142ka sk\u0142ada si\u0119 w sumie z 20 r\u00f3\u017cnych aminokwas\u00f3w. 9 z 20 aminokwas\u00f3w jest niezb\u0119dnych do przyjmowania pokarmu, poniewa\u017c nie mog\u0105 one by\u0107 wytwarzane przez sam organizm i dlatego wymagaj\u0105 odpowiedniego dziennego spo\u017cycia bia\u0142ka. Produkty bia\u0142kowe \"HEALTHY CHOICE\" s\u0105 jednym z najlepszych \u017ar\u00f3de\u0142 aminokwas\u00f3w rozga\u0142\u0119zionych (BCAA).<\/p>\n<p>Znaczenie bia\u0142ka dla ludzkiego organizmu jest trudne do przecenienia. Bia\u0142ko buduje, utrzymuje i odbudowuje mas\u0119 mi\u0119\u015bniow\u0105. Bia\u0142ko pomaga rozwija\u0107 mi\u0119\u015bnie i sprawia, \u017ce staj\u0105 si\u0119 one silniejsze. Bia\u0142ko jest r\u00f3wnie\u017c wa\u017cne dla utrzymania prawid\u0142owego stanu ko\u015bci. Dla zdrowego ludzkiego cia\u0142a niezb\u0119dne jest codzienne spo\u017cywanie bia\u0142ka.<\/p>\n<\/div>\n<\/div>\n<div class=\"col medium-6 small-12 large-6\">\n<div class=\"col-inner\">\n<p>Opr\u00f3cz wzrostu mi\u0119\u015bni, bia\u0142ko pe\u0142ni tak\u017ce inne funkcje:<\/p>\n<ul>\n<li>Dostarcza organizmowi bia\u0142ek, kt\u00f3re s\u0105 niezb\u0119dne do funkcjonowania mi\u0119\u015bni;<\/li>\n<li>Wzmacnia mi\u0119\u015bnie i odbudowuje je po wysi\u0142ku;<\/li>\n<li>Hamuje apetyt i pomaga zmniejszy\u0107 nadwag\u0119.<\/li>\n<\/ul>\n<p>Uzyskaj to wszystko i wiele wi\u0119cej, korzystaj\u0105c z\u00a0<strong>\"ZDROWY WYB\u00d3R\"<\/strong>\u00a0bia\u0142ko regularnie - kup teraz!<\/p>\n<\/div>\n<\/div>\n<\/div>","protected":false},"excerpt":{"rendered":"<p>100% PURE and WATER-SOLUBLE ISOLATE to najwy\u017cszej jako\u015bci koncentrat bia\u0142ka serwatkowego o zawarto\u015bci bia\u0142ka ponad 90%.<\/p>","protected":false},"featured_media":2036,"template":"","meta":[],"product_brand":[],"product_cat":[29],"product_tag":[43,44],"giftcard-category":[],"class_list":{"0":"post-1579","1":"product","2":"type-product","3":"status-publish","4":"has-post-thumbnail","6":"product_cat-whey-proteins","7":"product_tag-l-carnitine-or-collagen-gift","8":"product_tag-baltymai","10":"first","11":"instock","12":"taxable","13":"shipping-taxable","14":"purchasable","15":"product-type-simple"},"aioseo_notices":[],"_links":{"self":[{"href":"https:\/\/healthy-choice.co.uk\/pl\/wp-json\/wp\/v2\/product\/1579","targetHints":{"allow":["GET"]}}],"collection":[{"href":"https:\/\/healthy-choice.co.uk\/pl\/wp-json\/wp\/v2\/product"}],"about":[{"href":"https:\/\/healthy-choice.co.uk\/pl\/wp-json\/wp\/v2\/types\/product"}],"wp:featuredmedia":[{"embeddable":true,"href":"https:\/\/healthy-choice.co.uk\/pl\/wp-json\/wp\/v2\/media\/2036"}],"wp:attachment":[{"href":"https:\/\/healthy-choice.co.uk\/pl\/wp-json\/wp\/v2\/media?parent=1579"}],"wp:term":[{"taxonomy":"product_brand","embeddable":true,"href":"https:\/\/healthy-choice.co.uk\/pl\/wp-json\/wp\/v2\/product_brand?post=1579"},{"taxonomy":"product_cat","embeddable":true,"href":"https:\/\/healthy-choice.co.uk\/pl\/wp-json\/wp\/v2\/product_cat?post=1579"},{"taxonomy":"product_tag","embeddable":true,"href":"https:\/\/healthy-choice.co.uk\/pl\/wp-json\/wp\/v2\/product_tag?post=1579"},{"taxonomy":"giftcard-category","embeddable":true,"href":"https:\/\/healthy-choice.co.uk\/pl\/wp-json\/wp\/v2\/giftcard-category?post=1579"}],"curies":[{"name":"wp","href":"https:\/\/api.w.org\/{rel}","templated":true}]}}