{"id":1577,"date":"2025-04-21T09:19:21","date_gmt":"2025-04-21T06:19:21","guid":{"rendered":"https:\/\/healthy-choice.co.uk\/?post_type=product&#038;p=1577"},"modified":"2025-12-28T14:24:06","modified_gmt":"2025-12-28T12:24:06","slug":"100-whey-protein-chocolate-flavor-1kg","status":"publish","type":"product","link":"https:\/\/healthy-choice.co.uk\/pl\/produkt\/100-whey-protein-chocolate-flavor-1kg\/","title":{"rendered":"100% Whey Protein Chocolate flavor, 1 kg"},"content":{"rendered":"<div class=\"col medium-6 small-12 large-6\">\n<div class=\"col-inner\">\n<p><strong>100% Bia\u0142ko serwatkowe<\/strong> <strong>\"ZDROWY WYB\u00d3R\"<\/strong>\u00a0to wysokiej jako\u015bci bia\u0142ko, wytwarzane w niskiej temperaturze w procesie ultrafiltracji, kt\u00f3ry zachowuje niezmienion\u0105 struktur\u0119 bia\u0142ka i jego wysok\u0105 warto\u015b\u0107 biologiczn\u0105 (BV).<\/p>\n<p><strong>\"ZDROWY WYB\u00d3R\"<\/strong>\u00a0jest wykonany z najwy\u017cszej jako\u015bci koncentratu bia\u0142ka serwatkowego, kt\u00f3ry zawiera ponad 80% bia\u0142ka i ma nisk\u0105 zawarto\u015b\u0107 laktozy. Jedna porcja (30 g) produktu zawiera 23 g bia\u0142ka, kt\u00f3re utrzymuje mas\u0119 mi\u0119\u015bniow\u0105 i wspomaga jej wzrost.<\/p>\n<p>Produkt ten jest jednym z najlepszych \u017ar\u00f3de\u0142 aminokwas\u00f3w rozga\u0142\u0119zionych (BCAA).<\/p>\n<\/div>\n<\/div>\n<div class=\"col medium-6 small-12 large-6\">\n<div class=\"col-inner\">\n<p><strong>Kluczowe zalety tego bia\u0142ka<\/strong><\/p>\n<ul>\n<li>23 g bia\u0142ka na porcj\u0119<\/li>\n<li>4,1 g BCAA w jednej porcji<\/li>\n<li>Szybka absorpcja<\/li>\n<li>Natychmiastowy<\/li>\n<li>Wysoka BV<\/li>\n<li>Niska zawarto\u015b\u0107 laktozy<\/li>\n<li>Pomaga zachowa\u0107 i utrzyma\u0107 wzrost masy mi\u0119\u015bniowej<\/li>\n<li>Pomaga utrzyma\u0107 prawid\u0142owy stan ko\u015bci<\/li>\n<li>Odpowiedni dla sportowc\u00f3w<\/li>\n<li>Odpowiedni dla wegetarian<\/li>\n<li>Odpowiedni dla wszystkich grup wiekowych<\/li>\n<\/ul>\n<\/div>\n<\/div>","protected":false},"excerpt":{"rendered":"<p><strong>\"ZDROWY WYB\u00d3R\"<\/strong>\u00a0jest wykonany z najwy\u017cszej jako\u015bci koncentratu bia\u0142ka serwatkowego, kt\u00f3ry zawiera ponad 80% bia\u0142ka i ma nisk\u0105 zawarto\u015b\u0107 laktozy. Jedna porcja (30 g) produktu zawiera 23 g bia\u0142ka, kt\u00f3re utrzymuje mas\u0119 mi\u0119\u015bniow\u0105 i wspomaga jej wzrost.<\/p>","protected":false},"featured_media":2033,"template":"","meta":[],"product_brand":[],"product_cat":[29],"product_tag":[43,44],"giftcard-category":[],"class_list":{"0":"post-1577","1":"product","2":"type-product","3":"status-publish","4":"has-post-thumbnail","6":"product_cat-whey-proteins","7":"product_tag-l-carnitine-or-collagen-gift","8":"product_tag-baltymai","10":"first","11":"instock","12":"taxable","13":"shipping-taxable","14":"purchasable","15":"product-type-simple"},"aioseo_notices":[],"_links":{"self":[{"href":"https:\/\/healthy-choice.co.uk\/pl\/wp-json\/wp\/v2\/product\/1577","targetHints":{"allow":["GET"]}}],"collection":[{"href":"https:\/\/healthy-choice.co.uk\/pl\/wp-json\/wp\/v2\/product"}],"about":[{"href":"https:\/\/healthy-choice.co.uk\/pl\/wp-json\/wp\/v2\/types\/product"}],"wp:featuredmedia":[{"embeddable":true,"href":"https:\/\/healthy-choice.co.uk\/pl\/wp-json\/wp\/v2\/media\/2033"}],"wp:attachment":[{"href":"https:\/\/healthy-choice.co.uk\/pl\/wp-json\/wp\/v2\/media?parent=1577"}],"wp:term":[{"taxonomy":"product_brand","embeddable":true,"href":"https:\/\/healthy-choice.co.uk\/pl\/wp-json\/wp\/v2\/product_brand?post=1577"},{"taxonomy":"product_cat","embeddable":true,"href":"https:\/\/healthy-choice.co.uk\/pl\/wp-json\/wp\/v2\/product_cat?post=1577"},{"taxonomy":"product_tag","embeddable":true,"href":"https:\/\/healthy-choice.co.uk\/pl\/wp-json\/wp\/v2\/product_tag?post=1577"},{"taxonomy":"giftcard-category","embeddable":true,"href":"https:\/\/healthy-choice.co.uk\/pl\/wp-json\/wp\/v2\/giftcard-category?post=1577"}],"curies":[{"name":"wp","href":"https:\/\/api.w.org\/{rel}","templated":true}]}}