{"id":1567,"date":"2025-04-21T09:18:52","date_gmt":"2025-04-21T06:18:52","guid":{"rendered":"https:\/\/healthy-choice.co.uk\/?post_type=product&#038;p=1567"},"modified":"2025-12-28T14:25:06","modified_gmt":"2025-12-28T12:25:06","slug":"100-whey-protein-concentrate-1kg","status":"publish","type":"product","link":"https:\/\/healthy-choice.co.uk\/pl\/produkt\/100-whey-protein-concentrate-1kg\/","title":{"rendered":"100% Whey Protein Concentrate 1 kg"},"content":{"rendered":"<h2 class=\"text-white\">\"HEALTHY CHOICE\" bia\u0142ko serwatkowe<\/h2>\n<p>Z dum\u0105 przedstawiamy nasz\u0105\u00a0<strong>\"ZDROWY WYB\u00d3R\"<\/strong>\u00a0100% PURE and WATER-SOLUBLE WHEY PROTEIN, pierwsza w historii linia produkt\u00f3w bia\u0142kowych wyprodukowanych na Litwie. Po raz pierwszy dopuszczona do ci\u0105g\u0142ej produkcji na Litwie, jako\u015b\u0107\u00a0<strong>\"ZDROWY WYB\u00d3R\"<\/strong>\u00a0100% PURE and WATER-SOLUBLE WHEY PROTEIN nie ma sobie r\u00f3wnych w por\u00f3wnaniu z r\u00f3wnowa\u017cnymi produktami zagranicznych producent\u00f3w.<\/p>\n<p>Litwa zawsze by\u0142a znana z produkcji wysokiej jako\u015bci i popularnych produkt\u00f3w mlecznych na du\u017ce rynki, takie jak Niemcy, W\u0142ochy, Francja, Szwajcaria i Nowa Zelandia.\u00a0<u>Pojawienie si\u0119 tego litewskiego produktu by\u0142o nie tylko wynikiem niewykorzystanego potencja\u0142u naszego krajowego przemys\u0142u, ale tak\u017ce faktu, \u017ce \u017caden analogiczny produkt nie zosta\u0142 opracowany na rynku brytyjskim ani na innych rynkach europejskich<\/u>. Z drugiej strony, bli\u017csze przyjrzenie si\u0119 sk\u0142adowi produkt\u00f3w oferowanych przez zagranicznych producent\u00f3w i kompleksowe badania naukowe wykaza\u0142y, \u017ce wi\u0119kszo\u015b\u0107 oferowanych obecnie produkt\u00f3w bia\u0142kowych nie jest w pe\u0142ni naturalna i zawiera r\u00f3\u017cne sztuczne aromaty, s\u0142odziki, barwniki i inne dodatki.<\/p>\n<p>Przed rozpocz\u0119ciem procesu produkcji, dostaw i dystrybucji dla\u00a0<strong>\"ZDROWY WYB\u00d3R\"<\/strong>\u00a0100% PURE and WATER-SOLUBLE WHEY PROTEIN zosta\u0142 wprowadzony w \u017cycie, po\u015bwi\u0119cili\u015bmy p\u00f3\u0142 roku na przeprowadzenie dog\u0142\u0119bnej analizy sk\u0142adu, opakowania i zapotrzebowania rynku na ten produkt.\u00a0<u>Przyk\u0142adowe produkty\u00a0<strong>\"ZDROWY WYB\u00d3R\"<\/strong>\u00a0zosta\u0142 wypr\u00f3bowany przez najbardziej znanych sportowc\u00f3w i dietetyk\u00f3w, kt\u00f3rzy szybko docenili zalety naturalnego bia\u0142ka<\/u>. Nieustannie konsultujemy si\u0119 z profesjonalnymi sportowcami, trenerami, dietetykami i lekarzami na temat najkorzystniejszych w\u0142a\u015bciwo\u015bci\u00a0<strong>\"ZDROWY WYB\u00d3R\"<\/strong>\u00a0bia\u0142ko.<\/p>\n<p><strong>\"ZDROWY WYB\u00d3R\"<\/strong>\u00a0powinny by\u0107 spo\u017cywane regularnie i w odpowiednich ilo\u015bciach.\u00a0<strong>\"ZDROWY WYB\u00d3R\"<\/strong>\u00a0dostarcza kom\u00f3rkom niezb\u0119dnego bia\u0142ka, zmniejszaj\u0105c potrzeb\u0119 spo\u017cywania zb\u0119dnych pokarm\u00f3w i umo\u017cliwiaj\u0105c utrat\u0119 wagi.<\/p>\n<p>Kom\u00f3rki wzbogacone bia\u0142kiem t\u0142umi\u0105 uczucie g\u0142odu. Wyprodukowane na Litwie\u00a0<strong>\"ZDROWY WYB\u00d3R\"<\/strong>\u00a0100% PURE and WATER-SOLUBLE WHEY PROTEIN jest r\u00f3wnie\u017c szczeg\u00f3lnie popularnym wyborem w\u015br\u00f3d os\u00f3b, kt\u00f3re chc\u0105 utrzyma\u0107 zdrowy styl \u017cycia.<\/p>\n<p><strong>\"ZDROWY WYB\u00d3R\"<\/strong>\u00a0100% PURE and WATER-SOLUBLE WHEY PROTEIN to najwy\u017cszej jako\u015bci bia\u0142ko serwatkowe o wysokiej warto\u015bci biologicznej (BV). Ten doskona\u0142y w smaku, rozpuszczalny w wodzie, bez barwnik\u00f3w, bez s\u0142odzik\u00f3w, niedrogi i wysokiej jako\u015bci produkt nadaje si\u0119 do spo\u017cycia kilka razy dziennie.\u00a0<strong>\"ZDROWY WYB\u00d3R\"<\/strong>\u00a0100% PURE and WATER-SOLUBLE WHEY PROTEIN to najwy\u017cszej jako\u015bci koncentrat bia\u0142ka serwatkowego o zawarto\u015bci bia\u0142ka ponad 80%.<\/p>\n<p><strong>\"ZDROWY WYB\u00d3R\"<\/strong>\u00a0Bia\u0142ko jest produkowane metod\u0105 ultrafiltracji w niskiej temperaturze, zachowuj\u0105c swoj\u0105 oryginaln\u0105 struktur\u0119. Jedna porcja (30 g) produktu zawiera bardzo ma\u0142o laktozy i 24 g bia\u0142ka buduj\u0105cego mi\u0119\u015bnie. Produkt ten jest jednym z najlepszych \u017ar\u00f3de\u0142 aminokwas\u00f3w rozga\u0142\u0119zionych (BCAA).<\/p>","protected":false},"excerpt":{"rendered":"<p><strong>\"ZDROWY WYB\u00d3R\"<\/strong>\u00a0100% PURE and WATER-SOLUBLE WHEY PROTEIN to najwy\u017cszej jako\u015bci bia\u0142ko serwatkowe o wysokiej warto\u015bci biologicznej (BV). Ten doskona\u0142y w smaku, rozpuszczalny w wodzie, bez barwnik\u00f3w, bez s\u0142odzik\u00f3w, niedrogi i wysokiej jako\u015bci produkt nadaje si\u0119 do spo\u017cycia kilka razy dziennie.<\/p>","protected":false},"featured_media":2037,"template":"","meta":[],"product_brand":[],"product_cat":[29],"product_tag":[43,44],"giftcard-category":[],"class_list":{"0":"post-1567","1":"product","2":"type-product","3":"status-publish","4":"has-post-thumbnail","6":"product_cat-whey-proteins","7":"product_tag-l-carnitine-or-collagen-gift","8":"product_tag-baltymai","10":"first","11":"instock","12":"taxable","13":"shipping-taxable","14":"purchasable","15":"product-type-simple"},"aioseo_notices":[],"_links":{"self":[{"href":"https:\/\/healthy-choice.co.uk\/pl\/wp-json\/wp\/v2\/product\/1567","targetHints":{"allow":["GET"]}}],"collection":[{"href":"https:\/\/healthy-choice.co.uk\/pl\/wp-json\/wp\/v2\/product"}],"about":[{"href":"https:\/\/healthy-choice.co.uk\/pl\/wp-json\/wp\/v2\/types\/product"}],"wp:featuredmedia":[{"embeddable":true,"href":"https:\/\/healthy-choice.co.uk\/pl\/wp-json\/wp\/v2\/media\/2037"}],"wp:attachment":[{"href":"https:\/\/healthy-choice.co.uk\/pl\/wp-json\/wp\/v2\/media?parent=1567"}],"wp:term":[{"taxonomy":"product_brand","embeddable":true,"href":"https:\/\/healthy-choice.co.uk\/pl\/wp-json\/wp\/v2\/product_brand?post=1567"},{"taxonomy":"product_cat","embeddable":true,"href":"https:\/\/healthy-choice.co.uk\/pl\/wp-json\/wp\/v2\/product_cat?post=1567"},{"taxonomy":"product_tag","embeddable":true,"href":"https:\/\/healthy-choice.co.uk\/pl\/wp-json\/wp\/v2\/product_tag?post=1567"},{"taxonomy":"giftcard-category","embeddable":true,"href":"https:\/\/healthy-choice.co.uk\/pl\/wp-json\/wp\/v2\/giftcard-category?post=1567"}],"curies":[{"name":"wp","href":"https:\/\/api.w.org\/{rel}","templated":true}]}}