{"id":1563,"date":"2025-04-21T09:18:45","date_gmt":"2025-04-21T06:18:45","guid":{"rendered":"https:\/\/healthy-choice.co.uk\/?post_type=product&#038;p=1563"},"modified":"2025-12-28T14:24:58","modified_gmt":"2025-12-28T12:24:58","slug":"100-whey-protein-concentrate-2kg","status":"publish","type":"product","link":"https:\/\/healthy-choice.co.uk\/pl\/produkt\/100-whey-protein-concentrate-2kg\/","title":{"rendered":"100% Whey Protein Concentrate 2 kg"},"content":{"rendered":"<h2 class=\"text-white\">\"HEALTHY CHOICE\" bia\u0142ko serwatkowe<\/h2>\n<p>Z dum\u0105 przedstawiamy nasz\u0105\u00a0<strong>\"ZDROWY WYB\u00d3R\"<\/strong>\u00a0100% PURE and WATER-SOLUBLE WHEY PROTEIN, pierwsza w historii linia produkt\u00f3w bia\u0142kowych wyprodukowanych na Litwie. Po raz pierwszy dopuszczona do ci\u0105g\u0142ej produkcji na Litwie, jako\u015b\u0107\u00a0<strong>\"ZDROWY WYB\u00d3R\"<\/strong>\u00a0100% PURE and WATER-SOLUBLE WHEY PROTEIN nie ma sobie r\u00f3wnych w por\u00f3wnaniu z r\u00f3wnowa\u017cnymi produktami zagranicznych producent\u00f3w.<\/p>\n<p>Litwa zawsze by\u0142a znana z produkcji wysokiej jako\u015bci i popularnych produkt\u00f3w mlecznych na du\u017ce rynki, takie jak Niemcy, W\u0142ochy, Francja, Szwajcaria i Nowa Zelandia.\u00a0<u>Pojawienie si\u0119 tego litewskiego produktu by\u0142o nie tylko wynikiem niewykorzystanego potencja\u0142u naszego krajowego przemys\u0142u, ale tak\u017ce faktu, \u017ce \u017caden analogiczny produkt nie zosta\u0142 opracowany na rynku brytyjskim ani na innych rynkach europejskich<\/u>. Z drugiej strony, bli\u017csze przyjrzenie si\u0119 sk\u0142adowi produkt\u00f3w oferowanych przez zagranicznych producent\u00f3w i kompleksowe badania naukowe wykaza\u0142y, \u017ce wi\u0119kszo\u015b\u0107 oferowanych obecnie produkt\u00f3w bia\u0142kowych nie jest w pe\u0142ni naturalna i zawiera r\u00f3\u017cne sztuczne aromaty, s\u0142odziki, barwniki i inne dodatki.<\/p>\n<p>Przed rozpocz\u0119ciem procesu produkcji, dostaw i dystrybucji dla\u00a0<strong>\"ZDROWY WYB\u00d3R\"<\/strong>\u00a0100% PURE and WATER-SOLUBLE WHEY PROTEIN zosta\u0142 wprowadzony w \u017cycie, po\u015bwi\u0119cili\u015bmy p\u00f3\u0142 roku na przeprowadzenie dog\u0142\u0119bnej analizy sk\u0142adu, opakowania i zapotrzebowania rynku na ten produkt.\u00a0<u>Przyk\u0142adowe produkty\u00a0<strong>\"ZDROWY WYB\u00d3R\"<\/strong>\u00a0zosta\u0142 wypr\u00f3bowany przez najbardziej znanych sportowc\u00f3w i dietetyk\u00f3w, kt\u00f3rzy szybko docenili zalety naturalnego bia\u0142ka<\/u>. Nieustannie konsultujemy si\u0119 z profesjonalnymi sportowcami, trenerami, dietetykami i lekarzami na temat najkorzystniejszych w\u0142a\u015bciwo\u015bci\u00a0<strong>\"ZDROWY WYB\u00d3R\"<\/strong>\u00a0bia\u0142ko.<\/p>\n<p><strong>\"ZDROWY WYB\u00d3R\"<\/strong>\u00a0powinny by\u0107 spo\u017cywane regularnie i w odpowiednich ilo\u015bciach.\u00a0<strong>\"ZDROWY WYB\u00d3R\"<\/strong>\u00a0dostarcza kom\u00f3rkom niezb\u0119dnego bia\u0142ka, zmniejszaj\u0105c potrzeb\u0119 spo\u017cywania zb\u0119dnych pokarm\u00f3w i umo\u017cliwiaj\u0105c utrat\u0119 wagi.<\/p>\n<p>Kom\u00f3rki wzbogacone bia\u0142kiem t\u0142umi\u0105 uczucie g\u0142odu. Wyprodukowane na Litwie\u00a0<strong>\"ZDROWY WYB\u00d3R\"<\/strong>\u00a0100% PURE and WATER-SOLUBLE WHEY PROTEIN jest r\u00f3wnie\u017c szczeg\u00f3lnie popularnym wyborem w\u015br\u00f3d os\u00f3b, kt\u00f3re chc\u0105 utrzyma\u0107 zdrowy styl \u017cycia.<\/p>\n<p><strong>\"ZDROWY WYB\u00d3R\"<\/strong>\u00a0100% PURE and WATER-SOLUBLE WHEY PROTEIN to najwy\u017cszej jako\u015bci bia\u0142ko serwatkowe o wysokiej warto\u015bci biologicznej (BV). Ten doskona\u0142y w smaku, rozpuszczalny w wodzie, bez barwnik\u00f3w, bez s\u0142odzik\u00f3w, niedrogi i wysokiej jako\u015bci produkt nadaje si\u0119 do spo\u017cycia kilka razy dziennie.\u00a0<strong>\"ZDROWY WYB\u00d3R\"<\/strong>\u00a0100% PURE and WATER-SOLUBLE WHEY PROTEIN to najwy\u017cszej jako\u015bci koncentrat bia\u0142ka serwatkowego o zawarto\u015bci bia\u0142ka ponad 80%.<\/p>\n<p><strong>\"ZDROWY WYB\u00d3R\"<\/strong>\u00a0Bia\u0142ko jest produkowane metod\u0105 ultrafiltracji w niskiej temperaturze, zachowuj\u0105c swoj\u0105 oryginaln\u0105 struktur\u0119. Jedna porcja (30 g) produktu zawiera bardzo ma\u0142o laktozy i 24 g bia\u0142ka buduj\u0105cego mi\u0119\u015bnie. Produkt ten jest jednym z najlepszych \u017ar\u00f3de\u0142 aminokwas\u00f3w rozga\u0142\u0119zionych (BCAA).<\/p>\n<h3 class=\"sub-header text-white mt-2\">Bia\u0142ko \"HEALTHY CHOICE\" i jego korzy\u015bci zdrowotne<\/h3>\n<div id=\"row-742568491\" class=\"row\">\n<div class=\"col medium-6 small-12 large-6\">\n<div class=\"col-inner\">\n<p>Bia\u0142ka s\u0105 budulcem naszego cia\u0142a i jednym z g\u0142\u00f3wnych sk\u0142adnik\u00f3w od\u017cywczych obok w\u0119glowodan\u00f3w i t\u0142uszczu. Bia\u0142ko ust\u0119puje tylko wodzie pod wzgl\u0119dem ilo\u015bci i znaczenia w organizmie cz\u0142owieka. Bia\u0142ka wyst\u0119puj\u0105 w du\u017cych ilo\u015bciach w ca\u0142ym \u015bwiecie przyrody i s\u0105 podstaw\u0105 \u017cycia. Podobnie jak puzzle sk\u0142adaj\u0105 si\u0119 z pojedynczych element\u00f3w, bia\u0142ka zbudowane s\u0105 z cz\u0105steczek zwanych aminokwasami. Podstawowa struktura makrocz\u0105steczek bia\u0142ka sk\u0142ada si\u0119 z oko\u0142o 20 r\u00f3\u017cnych aminokwas\u00f3w. Bia\u0142ka zawieraj\u0105 w\u0119giel, tlen, wod\u00f3r, azot, sulfanilamid i kilka innych minera\u0142\u00f3w.\u00a0<strong>\"ZDROWY WYB\u00d3R\"<\/strong>\u00a0100% PURE and WATER-SOLUBLE WHEY PROTEIN to jedno z najlepszych \u017ar\u00f3de\u0142 aminokwas\u00f3w rozga\u0142\u0119zionych (BCAA).<\/p>\n<p>Trudno przeceni\u0107 znaczenie bia\u0142ka w organizmie cz\u0142owieka. Bia\u0142ko pomaga w naprawie, budowie, utrzymaniu i regeneracji tkanki mi\u0119\u015bniowej. Wspomaga wzrost bezt\u0142uszczowej masy mi\u0119\u015bniowej i zwi\u0119ksza si\u0142\u0119 mi\u0119\u015bni u sportowc\u00f3w. Bia\u0142ka s\u0105 r\u00f3wnie\u017c wa\u017cne dla utrzymania zdrowych ko\u015bci. Odpowiednia dzienna dawka bia\u0142ka jest niezb\u0119dna dla zdrowia cz\u0142owieka.<\/p>\n<\/div>\n<\/div>\n<div class=\"col medium-6 small-12 large-6\">\n<div class=\"col-inner\">\n<p>Opr\u00f3cz wzrostu mi\u0119\u015bni, bia\u0142ko odgrywa r\u00f3wnie\u017c rol\u0119 w nast\u0119puj\u0105cych funkcjach:<\/p>\n<ul>\n<li>Dostarczanie organizmowi bia\u0142ek niezb\u0119dnych do funkcjonowania mi\u0119\u015bni;<\/li>\n<li>Wzmacnia mi\u0119\u015bnie i przyczynia si\u0119 do ich regeneracji u os\u00f3b wykonuj\u0105cych intensywne \u0107wiczenia fizyczne;<\/li>\n<li>Redukcja nadwagi i t\u0142umienie apetytu dla os\u00f3b pr\u00f3buj\u0105cych zbudowa\u0107 bezt\u0142uszczow\u0105 tkank\u0119 mi\u0119\u015bniow\u0105.<\/li>\n<\/ul>\n<p>Regularne w\u0142\u0105czanie tego litewskiego bia\u0142ka do swojej diety przyniesie Ci wszystkie te korzy\u015bci, a nawet wi\u0119cej - kupuj!\u00a0<strong>\"ZDROWY WYB\u00d3R\"<\/strong>\u00a0100% PURE and WATER-SOLUBLE WHEY PROTEIN ju\u017c teraz!<\/p>\n<p><strong>Tak! Mo\u017cemy zagwarantowa\u0107 najwy\u017csz\u0105 jako\u015b\u0107 naszego produktu dzi\u0119ki wsp\u00f3\u0142pracy z ROKI\u0160KIO S\u016aRIS AB, najnowocze\u015bniejszym zak\u0142adem przetw\u00f3rstwa mleczarskiego w Europie<\/strong><\/p>\n<\/div>\n<\/div>\n<\/div>","protected":false},"excerpt":{"rendered":"<p>100% PURE and WATER-SOLUBLE WHEY PROTEIN to najwy\u017cszej jako\u015bci koncentrat bia\u0142ka serwatkowego o zawarto\u015bci bia\u0142ka ponad 80%.<\/p>","protected":false},"featured_media":2038,"template":"","meta":[],"product_brand":[],"product_cat":[29],"product_tag":[43,44],"giftcard-category":[],"class_list":{"0":"post-1563","1":"product","2":"type-product","3":"status-publish","4":"has-post-thumbnail","6":"product_cat-whey-proteins","7":"product_tag-l-carnitine-or-collagen-gift","8":"product_tag-baltymai","10":"first","11":"instock","12":"taxable","13":"shipping-taxable","14":"purchasable","15":"product-type-simple"},"aioseo_notices":[],"_links":{"self":[{"href":"https:\/\/healthy-choice.co.uk\/pl\/wp-json\/wp\/v2\/product\/1563","targetHints":{"allow":["GET"]}}],"collection":[{"href":"https:\/\/healthy-choice.co.uk\/pl\/wp-json\/wp\/v2\/product"}],"about":[{"href":"https:\/\/healthy-choice.co.uk\/pl\/wp-json\/wp\/v2\/types\/product"}],"wp:featuredmedia":[{"embeddable":true,"href":"https:\/\/healthy-choice.co.uk\/pl\/wp-json\/wp\/v2\/media\/2038"}],"wp:attachment":[{"href":"https:\/\/healthy-choice.co.uk\/pl\/wp-json\/wp\/v2\/media?parent=1563"}],"wp:term":[{"taxonomy":"product_brand","embeddable":true,"href":"https:\/\/healthy-choice.co.uk\/pl\/wp-json\/wp\/v2\/product_brand?post=1563"},{"taxonomy":"product_cat","embeddable":true,"href":"https:\/\/healthy-choice.co.uk\/pl\/wp-json\/wp\/v2\/product_cat?post=1563"},{"taxonomy":"product_tag","embeddable":true,"href":"https:\/\/healthy-choice.co.uk\/pl\/wp-json\/wp\/v2\/product_tag?post=1563"},{"taxonomy":"giftcard-category","embeddable":true,"href":"https:\/\/healthy-choice.co.uk\/pl\/wp-json\/wp\/v2\/giftcard-category?post=1563"}],"curies":[{"name":"wp","href":"https:\/\/api.w.org\/{rel}","templated":true}]}}