{"id":1543,"date":"2015-07-05T14:14:31","date_gmt":"2015-07-05T11:14:31","guid":{"rendered":"https:\/\/healthy-choice.co.uk\/?post_type=product&#038;p=1543"},"modified":"2025-02-03T10:38:37","modified_gmt":"2025-02-03T08:38:37","slug":"fizinis-dovanu-kuponas","status":"publish","type":"product","link":"https:\/\/healthy-choice.co.uk\/pl\/produkt\/fizinis-dovanu-kuponas\/","title":{"rendered":"Fizyczna karta podarunkowa"},"content":{"rendered":"","protected":false},"excerpt":{"rendered":"<p>Nie wiesz, co kupi\u0107 bliskiej osobie? Podaruj e-bon upominkowy Healthy Choice. W ko\u0144cu zdrowie jest najcenniejsz\u0105 rzecz\u0105, jak\u0105 mamy, a naszym celem jest, aby\u015b Ty i Twoi bliscy znale\u017ali to, czego brakuje i promieniowali si\u0142\u0105, pi\u0119knem i oczywi\u015bcie zdrowiem!<\/p>","protected":false},"featured_media":1231,"template":"","meta":[],"product_brand":[],"product_cat":[26],"product_tag":[],"giftcard-category":[],"class_list":{"0":"post-1543","1":"product","2":"type-product","3":"status-publish","4":"has-post-thumbnail","6":"product_cat-gift-vouchers","8":"first","9":"instock","10":"taxable","11":"shipping-taxable","12":"purchasable","13":"product-type-gift-card"},"aioseo_notices":[],"_links":{"self":[{"href":"https:\/\/healthy-choice.co.uk\/pl\/wp-json\/wp\/v2\/product\/1543","targetHints":{"allow":["GET"]}}],"collection":[{"href":"https:\/\/healthy-choice.co.uk\/pl\/wp-json\/wp\/v2\/product"}],"about":[{"href":"https:\/\/healthy-choice.co.uk\/pl\/wp-json\/wp\/v2\/types\/product"}],"wp:featuredmedia":[{"embeddable":true,"href":"https:\/\/healthy-choice.co.uk\/pl\/wp-json\/wp\/v2\/media\/1231"}],"wp:attachment":[{"href":"https:\/\/healthy-choice.co.uk\/pl\/wp-json\/wp\/v2\/media?parent=1543"}],"wp:term":[{"taxonomy":"product_brand","embeddable":true,"href":"https:\/\/healthy-choice.co.uk\/pl\/wp-json\/wp\/v2\/product_brand?post=1543"},{"taxonomy":"product_cat","embeddable":true,"href":"https:\/\/healthy-choice.co.uk\/pl\/wp-json\/wp\/v2\/product_cat?post=1543"},{"taxonomy":"product_tag","embeddable":true,"href":"https:\/\/healthy-choice.co.uk\/pl\/wp-json\/wp\/v2\/product_tag?post=1543"},{"taxonomy":"giftcard-category","embeddable":true,"href":"https:\/\/healthy-choice.co.uk\/pl\/wp-json\/wp\/v2\/giftcard-category?post=1543"}],"curies":[{"name":"wp","href":"https:\/\/api.w.org\/{rel}","templated":true}]}}