{"id":681,"date":"2022-07-02T05:28:59","date_gmt":"2022-07-02T05:28:59","guid":{"rendered":"https:\/\/demo.creativethemes.com\/elementor\/floreo\/?page_id=681"},"modified":"2024-04-09T13:31:15","modified_gmt":"2024-04-09T10:31:15","slug":"about-company","status":"publish","type":"page","link":"https:\/\/healthy-choice.co.uk\/pl\/about-company\/","title":{"rendered":"About the company"},"content":{"rendered":"<div data-elementor-type=\"wp-page\" data-elementor-id=\"681\" class=\"elementor elementor-681\">\n\t\t\t\t<div class=\"elementor-element elementor-element-36a20ed e-flex e-con-boxed e-con e-parent\" data-id=\"36a20ed\" data-element_type=\"container\" data-e-type=\"container\" data-settings=\"{&quot;background_background&quot;:&quot;classic&quot;}\">\n\t\t\t\t\t<div class=\"e-con-inner\">\n\t\t\t\t<div class=\"elementor-element elementor-element-d54a232 elementor-widget elementor-widget-woocommerce-breadcrumb\" data-id=\"d54a232\" data-element_type=\"widget\" data-e-type=\"widget\" data-widget_type=\"woocommerce-breadcrumb.default\">\n\t\t\t\t<div class=\"elementor-widget-container\">\n\t\t\t\t\t \t\t\t\t<\/div>\n\t\t\t\t<\/div>\n\t\t\t\t<div class=\"elementor-element elementor-element-b0bccca elementor-widget elementor-widget-heading\" data-id=\"b0bccca\" data-element_type=\"widget\" data-e-type=\"widget\" data-widget_type=\"heading.default\">\n\t\t\t\t<div class=\"elementor-widget-container\">\n\t\t\t\t\t<h2 class=\"elementor-heading-title elementor-size-default\">Contact Us<\/h2>\t\t\t\t<\/div>\n\t\t\t\t<\/div>\n\t\t\t\t\t<\/div>\n\t\t\t\t<\/div>\n\t\t<div class=\"elementor-element elementor-element-7b45f29 e-flex e-con-boxed e-con e-parent\" data-id=\"7b45f29\" data-element_type=\"container\" data-e-type=\"container\" data-settings=\"{&quot;background_background&quot;:&quot;classic&quot;}\">\n\t\t\t\t\t<div class=\"e-con-inner\">\n\t\t<div class=\"elementor-element elementor-element-76063b1 e-flex e-con-boxed e-con e-child\" data-id=\"76063b1\" data-element_type=\"container\" data-e-type=\"container\">\n\t\t\t\t\t<div class=\"e-con-inner\">\n\t\t<div class=\"elementor-element elementor-element-080eb3f e-con-full e-flex e-con e-child\" data-id=\"080eb3f\" data-element_type=\"container\" data-e-type=\"container\" data-settings=\"{&quot;background_background&quot;:&quot;classic&quot;}\">\n\t\t\t\t<div class=\"elementor-element elementor-element-54709e5 elementor-widget elementor-widget-image\" data-id=\"54709e5\" data-element_type=\"widget\" data-e-type=\"widget\" data-widget_type=\"image.default\">\n\t\t\t\t<div class=\"elementor-widget-container\">\n\t\t\t\t\t\t\t\t\t\t\t\t\t\t\t<img fetchpriority=\"high\" decoding=\"async\" width=\"294\" height=\"403\" src=\"https:\/\/healthy-choice.co.uk\/wp-content\/uploads\/2023\/07\/about-the-company.png.webp\" class=\"attachment-full size-full wp-image-1415\" alt=\"\" srcset=\"https:\/\/healthy-choice.co.uk\/wp-content\/uploads\/2023\/07\/about-the-company.png.webp 294w, https:\/\/healthy-choice.co.uk\/wp-content\/uploads\/2023\/07\/about-the-company.png-219x300.webp 219w\" sizes=\"(max-width: 294px) 100vw, 294px\" \/>\t\t\t\t\t\t\t\t\t\t\t\t\t\t\t<\/div>\n\t\t\t\t<\/div>\n\t\t\t\t<\/div>\n\t\t<div class=\"elementor-element elementor-element-80c8f1b e-con-full e-flex e-con e-child\" data-id=\"80c8f1b\" data-element_type=\"container\" data-e-type=\"container\">\n\t\t\t\t<div class=\"elementor-element elementor-element-f30d244 elementor-widget elementor-widget-text-editor\" data-id=\"f30d244\" data-element_type=\"widget\" data-e-type=\"widget\" data-widget_type=\"text-editor.default\">\n\t\t\t\t<div class=\"elementor-widget-container\">\n\t\t\t\t\t\t\t\t\t<p><strong>SVEIKA ENERGIJA JSC<\/strong> is a Lithuanian-based company that has, for the first time in Lithuanian history developed, produced and distribute top-quality, world-class protein made exclusively in Lithuania. HEALTHY CHOICE 100% PURE and WATER-SOLUBLE WHEY PROTEIN is made in Lithuania from milk supplied by Lithuanian and other Baltic dairy suppliers. Lithuania has been known throughout the ages as a producer of premium quality dairy products. This became the basis upon which we developed our new Lithuanian HEALTHY CHOICE 100% PURE and WATER-SOLUBLE WHEY PROTEIN, which comes in a 2 kg package. We also plan to introduce follow-on <strong>ZDROWY WYB\u00d3R<\/strong> products in the future.<\/p><p>A professional team with long-standing experience manages and supervises the continual supply of<strong> ZDROWY WYB\u00d3R<\/strong> protein to current and potential customers directly from our warehouses or through our e-commerce platforms. SVEIKA ENERGIJA JSC is actively seeking out long-term partners for distributing HEALTHY CHOICE protein both in Europe and Asia. The company continually delivers <strong>ZDROWY WYB\u00d3R<\/strong> protein to customers in United Kingdom, Ireland, Germany, Poland and Baltic States.<\/p>\t\t\t\t\t\t\t\t<\/div>\n\t\t\t\t<\/div>\n\t\t\t\t<\/div>\n\t\t\t\t\t<\/div>\n\t\t\t\t<\/div>\n\t\t<div class=\"elementor-element elementor-element-3f756e3 e-flex e-con-boxed e-con e-child\" data-id=\"3f756e3\" data-element_type=\"container\" data-e-type=\"container\">\n\t\t\t\t\t<div class=\"e-con-inner\">\n\t\t<div class=\"elementor-element elementor-element-93368af e-con-full e-flex e-con e-child\" data-id=\"93368af\" data-element_type=\"container\" data-e-type=\"container\" data-settings=\"{&quot;background_background&quot;:&quot;classic&quot;}\">\n\t\t\t\t<div class=\"elementor-element elementor-element-9457da7 elementor-widget elementor-widget-image\" data-id=\"9457da7\" data-element_type=\"widget\" data-e-type=\"widget\" data-widget_type=\"image.default\">\n\t\t\t\t<div class=\"elementor-widget-container\">\n\t\t\t\t\t\t\t\t\t\t\t\t\t\t\t<img decoding=\"async\" width=\"1267\" height=\"900\" src=\"https:\/\/healthy-choice.co.uk\/wp-content\/uploads\/2023\/07\/visi-proteinai-kombinuotas-Su-vanile-min.jpg\" class=\"attachment-full size-full wp-image-1164\" alt=\"\" srcset=\"https:\/\/healthy-choice.co.uk\/wp-content\/uploads\/2023\/07\/visi-proteinai-kombinuotas-Su-vanile-min.jpg 1267w, https:\/\/healthy-choice.co.uk\/wp-content\/uploads\/2023\/07\/visi-proteinai-kombinuotas-Su-vanile-min-600x426.jpg 600w, https:\/\/healthy-choice.co.uk\/wp-content\/uploads\/2023\/07\/visi-proteinai-kombinuotas-Su-vanile-min-300x213.jpg 300w, https:\/\/healthy-choice.co.uk\/wp-content\/uploads\/2023\/07\/visi-proteinai-kombinuotas-Su-vanile-min-1024x727.jpg 1024w, https:\/\/healthy-choice.co.uk\/wp-content\/uploads\/2023\/07\/visi-proteinai-kombinuotas-Su-vanile-min-768x546.jpg 768w\" sizes=\"(max-width: 1267px) 100vw, 1267px\" \/>\t\t\t\t\t\t\t\t\t\t\t\t\t\t\t<\/div>\n\t\t\t\t<\/div>\n\t\t\t\t<div class=\"elementor-element elementor-element-cf68c59 elementor-hidden-desktop elementor-hidden-mobile elementor-widget elementor-widget-image\" data-id=\"cf68c59\" data-element_type=\"widget\" data-e-type=\"widget\" data-widget_type=\"image.default\">\n\t\t\t\t<div class=\"elementor-widget-container\">\n\t\t\t\t\t\t\t\t\t\t\t\t\t\t\t<img decoding=\"async\" width=\"474\" height=\"527\" src=\"https:\/\/healthy-choice.co.uk\/wp-content\/uploads\/2023\/07\/Zemes-riesutai-ir-migdolu-riesutai-nuotrauka-removebg-preview.png\" class=\"attachment-full size-full wp-image-1229\" alt=\"\" srcset=\"https:\/\/healthy-choice.co.uk\/wp-content\/uploads\/2023\/07\/Zemes-riesutai-ir-migdolu-riesutai-nuotrauka-removebg-preview.png 474w, https:\/\/healthy-choice.co.uk\/wp-content\/uploads\/2023\/07\/Zemes-riesutai-ir-migdolu-riesutai-nuotrauka-removebg-preview-270x300.png 270w\" sizes=\"(max-width: 474px) 100vw, 474px\" \/>\t\t\t\t\t\t\t\t\t\t\t\t\t\t\t<\/div>\n\t\t\t\t<\/div>\n\t\t\t\t<\/div>\n\t\t<div class=\"elementor-element elementor-element-b66e07d e-con-full e-flex e-con e-child\" data-id=\"b66e07d\" data-element_type=\"container\" data-e-type=\"container\">\n\t\t\t\t<div class=\"elementor-element elementor-element-7089241 elementor-widget elementor-widget-text-editor\" data-id=\"7089241\" data-element_type=\"widget\" data-e-type=\"widget\" data-widget_type=\"text-editor.default\">\n\t\t\t\t<div class=\"elementor-widget-container\">\n\t\t\t\t\t\t\t\t\t<p>We are planning to expand in the near future by increasing sales of <strong>ZDROWY WYB\u00d3R<\/strong> protein in foreign markets, exporting to Scandinavia, Central, Western and Southern Europe as well as Asia. The company produces all natural, new generation and premium quality protein products. Lab tests are already under way for the development of a new line of all natural protein products. We hope that this will be a pleasant surprise to our loyal customers. Clients who sign HEALTHY CHOICE representation or distribution agreements with SVEIKA ENERGIJA UAB will be granted exclusive rights to distribute HEALTHY CHOICE <strong>100% PURE and WATER-SOLUBLE WHEY PROTEIN<\/strong>.<\/p><p>The company places a high priority on the protection of the environment. We would like to thank you in advance for throwing used and empty <strong>ZDROWY WYB\u00d3R<\/strong> packaging into the plastic waste container for recycling.<\/p>\t\t\t\t\t\t\t\t<\/div>\n\t\t\t\t<\/div>\n\t\t\t\t<\/div>\n\t\t\t\t\t<\/div>\n\t\t\t\t<\/div>\n\t\t<div class=\"elementor-element elementor-element-23d571e e-flex e-con-boxed e-con e-child\" data-id=\"23d571e\" data-element_type=\"container\" data-e-type=\"container\">\n\t\t\t\t\t<div class=\"e-con-inner\">\n\t\t\t\t<div class=\"elementor-element elementor-element-dfeb8cb elementor-widget elementor-widget-text-editor\" data-id=\"dfeb8cb\" data-element_type=\"widget\" data-e-type=\"widget\" data-widget_type=\"text-editor.default\">\n\t\t\t\t<div class=\"elementor-widget-container\">\n\t\t\t\t\t\t\t\t\t<p><strong>SVEIKA ENERGIJA<\/strong><\/p>\t\t\t\t\t\t\t\t<\/div>\n\t\t\t\t<\/div>\n\t\t\t\t<div class=\"elementor-element elementor-element-d2606e5 elementor-widget-mobile__width-inherit animated-slow elementor-invisible elementor-widget elementor-widget-heading\" data-id=\"d2606e5\" data-element_type=\"widget\" data-e-type=\"widget\" data-settings=\"{&quot;_animation&quot;:&quot;fadeInUp&quot;,&quot;_animation_delay&quot;:200}\" data-widget_type=\"heading.default\">\n\t\t\t\t<div class=\"elementor-widget-container\">\n\t\t\t\t\t<h2 class=\"elementor-heading-title elementor-size-default\"> Nutrition you can trust!\n\n<\/h2>\t\t\t\t<\/div>\n\t\t\t\t<\/div>\n\t\t<div class=\"elementor-element elementor-element-dc5a65e e-flex e-con-boxed e-con e-child\" data-id=\"dc5a65e\" data-element_type=\"container\" data-e-type=\"container\">\n\t\t\t\t\t<div class=\"e-con-inner\">\n\t\t<div class=\"elementor-element elementor-element-96501b6 e-con-full animated-slow e-flex elementor-invisible e-con e-child\" data-id=\"96501b6\" data-element_type=\"container\" data-e-type=\"container\" data-settings=\"{&quot;animation&quot;:&quot;fadeInLeft&quot;,&quot;animation_delay&quot;:200}\">\n\t\t\t\t<div class=\"elementor-element elementor-element-274c40d elementor-position-left elementor-vertical-align-middle elementor-widget elementor-widget-image-box\" data-id=\"274c40d\" data-element_type=\"widget\" data-e-type=\"widget\" data-widget_type=\"image-box.default\">\n\t\t\t\t<div class=\"elementor-widget-container\">\n\t\t\t\t\t<div class=\"elementor-image-box-wrapper\"><figure class=\"elementor-image-box-img\"><img loading=\"lazy\" decoding=\"async\" width=\"566\" height=\"441\" src=\"https:\/\/healthy-choice.co.uk\/wp-content\/uploads\/2023\/07\/vizija.png\" class=\"attachment-full size-full wp-image-1417\" alt=\"\" srcset=\"https:\/\/healthy-choice.co.uk\/wp-content\/uploads\/2023\/07\/vizija.png 566w, https:\/\/healthy-choice.co.uk\/wp-content\/uploads\/2023\/07\/vizija-300x234.png 300w\" sizes=\"(max-width: 566px) 100vw, 566px\" \/><\/figure><div class=\"elementor-image-box-content\"><h3 class=\"elementor-image-box-title\">Vision<\/h3><\/div><\/div>\t\t\t\t<\/div>\n\t\t\t\t<\/div>\n\t\t\t\t<div class=\"elementor-element elementor-element-0cda6d7 elementor-widget elementor-widget-text-editor\" data-id=\"0cda6d7\" data-element_type=\"widget\" data-e-type=\"widget\" data-widget_type=\"text-editor.default\">\n\t\t\t\t<div class=\"elementor-widget-container\">\n\t\t\t\t\t\t\t\t\t<p><strong>SVEIKA ENERGIJA JSC<\/strong>\u00a0seeks to become a leader in the sales and exports of Lithuanian-made premium quality and biologically valuable HEALTHY CHOICE 100% PURE and WATER-SOLUBLE WHEY PROTEIN in United Kingdom, establish itself in the European and CIS markets as well as make its mark on the rest of the global market in the future. We believe that the success of our vision depends on the goals we set ourselves as well as our continual efforts, which is why strive to:<\/p><ul><li>apply innovative and state-of-the-art operational methods, and make comprehensive progress in our commitment to produce and supply high-quality protein products;<\/li><li>become the most trusted and valued protein producer and supplier, ensuring a continual supply of protein products to our customers and business partners;<\/li><li>transform challenges into opportunities and achievements;<\/li><li>encourage initiative and creative thinking;<\/li><li>improve company results.<\/li><\/ul>\t\t\t\t\t\t\t\t<\/div>\n\t\t\t\t<\/div>\n\t\t\t\t<\/div>\n\t\t<div class=\"elementor-element elementor-element-77ab5ab e-con-full animated-slow e-flex elementor-invisible e-con e-child\" data-id=\"77ab5ab\" data-element_type=\"container\" data-e-type=\"container\" data-settings=\"{&quot;animation&quot;:&quot;fadeInUp&quot;,&quot;animation_delay&quot;:200}\">\n\t\t\t\t<div class=\"elementor-element elementor-element-7b5f340 elementor-position-left elementor-vertical-align-middle elementor-widget elementor-widget-image-box\" data-id=\"7b5f340\" data-element_type=\"widget\" data-e-type=\"widget\" data-widget_type=\"image-box.default\">\n\t\t\t\t<div class=\"elementor-widget-container\">\n\t\t\t\t\t<div class=\"elementor-image-box-wrapper\"><figure class=\"elementor-image-box-img\"><img loading=\"lazy\" decoding=\"async\" width=\"566\" height=\"441\" src=\"https:\/\/healthy-choice.co.uk\/wp-content\/uploads\/2023\/07\/misija.png\" class=\"attachment-full size-full wp-image-1418\" alt=\"\" srcset=\"https:\/\/healthy-choice.co.uk\/wp-content\/uploads\/2023\/07\/misija.png 566w, https:\/\/healthy-choice.co.uk\/wp-content\/uploads\/2023\/07\/misija-300x234.png 300w\" sizes=\"(max-width: 566px) 100vw, 566px\" \/><\/figure><div class=\"elementor-image-box-content\"><h3 class=\"elementor-image-box-title\">Mission<\/h3><\/div><\/div>\t\t\t\t<\/div>\n\t\t\t\t<\/div>\n\t\t\t\t<div class=\"elementor-element elementor-element-e1fae5d elementor-widget elementor-widget-text-editor\" data-id=\"e1fae5d\" data-element_type=\"widget\" data-e-type=\"widget\" data-widget_type=\"text-editor.default\">\n\t\t\t\t<div class=\"elementor-widget-container\">\n\t\t\t\t\t\t\t\t\t<ul><li>To encourage people of different ages to live more physically active lives and to exercise and use the natural Lithuanian\u00a0<strong>ZDROWY WYB\u00d3R<\/strong>\u00a0protein concentrate.<\/li><li>To motivate people to improve their bodies, health and wellbeing, and to help individuals who have suffered from injury or disease to recover.<\/li><li>To promote healthy living.<\/li><li>To help athletes achieve their goals.<\/li><li>To provide professional information and consulting services about our product based on scientific research.<\/li><li>To seek long-term partnerships with customers and business partners.<\/li><li>\u00a0<\/li><\/ul>\t\t\t\t\t\t\t\t<\/div>\n\t\t\t\t<\/div>\n\t\t\t\t<\/div>\n\t\t<div class=\"elementor-element elementor-element-31429f5 e-con-full animated-slow e-flex elementor-invisible e-con e-child\" data-id=\"31429f5\" data-element_type=\"container\" data-e-type=\"container\" data-settings=\"{&quot;animation&quot;:&quot;fadeInRight&quot;,&quot;animation_delay&quot;:200}\">\n\t\t\t\t<div class=\"elementor-element elementor-element-8aa8f8b elementor-position-left elementor-vertical-align-middle elementor-widget elementor-widget-image-box\" data-id=\"8aa8f8b\" data-element_type=\"widget\" data-e-type=\"widget\" data-widget_type=\"image-box.default\">\n\t\t\t\t<div class=\"elementor-widget-container\">\n\t\t\t\t\t<div class=\"elementor-image-box-wrapper\"><figure class=\"elementor-image-box-img\"><img loading=\"lazy\" decoding=\"async\" width=\"566\" height=\"441\" src=\"https:\/\/healthy-choice.co.uk\/wp-content\/uploads\/2023\/07\/vertybes.png\" class=\"attachment-full size-full wp-image-1419\" alt=\"\" srcset=\"https:\/\/healthy-choice.co.uk\/wp-content\/uploads\/2023\/07\/vertybes.png 566w, https:\/\/healthy-choice.co.uk\/wp-content\/uploads\/2023\/07\/vertybes-300x234.png 300w\" sizes=\"(max-width: 566px) 100vw, 566px\" \/><\/figure><div class=\"elementor-image-box-content\"><h3 class=\"elementor-image-box-title\">Values<\/h3><\/div><\/div>\t\t\t\t<\/div>\n\t\t\t\t<\/div>\n\t\t\t\t<div class=\"elementor-element elementor-element-66d0c1b elementor-widget elementor-widget-text-editor\" data-id=\"66d0c1b\" data-element_type=\"widget\" data-e-type=\"widget\" data-widget_type=\"text-editor.default\">\n\t\t\t\t<div class=\"elementor-widget-container\">\n\t\t\t\t\t\t\t\t\t<p>Mums klientas ir verslo partneris yra pats svarbiausias, tod\u0117l visada stengiam\u0117s, kad jis b\u016bt\u0173 patenkintas ir kad jam b\u016bt\u0173 malonu su mumis dirbti.<\/p><p>Mes gerbiame ir vertiname kokyb\u0119, patikimum\u0105, atvirum\u0105, paslaugum\u0105, s\u0105\u017einingum\u0105, o ypa\u010d \u2013 ilgalaik\u0119 partneryst\u0119 bei verslo etik\u0105. M\u016bs\u0173 bendrov\u0117s vertybin\u0117s nuostatos \u2013 siekti pa\u017eangos drauge, dirbti kaip viena komanda, puosel\u0117ti ilgalaik\u0119 partneryst\u0119, gerbti vieniems kitus ir r\u016bpintis mus supan\u010dia aplinka.<\/p>\t\t\t\t\t\t\t\t<\/div>\n\t\t\t\t<\/div>\n\t\t\t\t<\/div>\n\t\t\t\t\t<\/div>\n\t\t\t\t<\/div>\n\t\t\t\t\t<\/div>\n\t\t\t\t<\/div>\n\t\t\t\t\t<\/div>\n\t\t\t\t<\/div>\n\t\t\t\t<\/div>","protected":false},"excerpt":{"rendered":"<p>SVEIKA ENERGIJA JSC is a Lithuanian-based company that has, for the first time in Lithuanian history developed, produced and distribute top-quality, world-class protein made exclusively in Lithuania. HEALTHY CHOICE 100% PURE and WATER-SOLUBLE WHEY PROTEIN is made in Lithuania from milk supplied by Lithuanian and other Baltic dairy suppliers. Lithuania has been known throughout the [&hellip;]<\/p>\n","protected":false},"author":3,"featured_media":0,"parent":0,"menu_order":0,"comment_status":"closed","ping_status":"closed","template":"","meta":{"footnotes":""},"class_list":["post-681","page","type-page","status-publish","hentry"],"blocksy_meta":{"styles_descriptor":{"styles":{"desktop":"","tablet":"","mobile":""},"google_fonts":[],"version":6},"page_title_panel":"","has_hero_section":"disabled","1d15b7934ff424ab25737f2d764de13a":"","hero_section":"type-1","hero_elements":[{"id":"custom_title","enabled":true,"heading_tag":"h1","title":"Home"},{"id":"custom_description","enabled":true,"description_visibility":{"desktop":true,"tablet":true,"mobile":false}},{"id":"custom_meta","enabled":false,"meta_elements":[{"id":"author","enabled":true,"label":"By","has_author_avatar":"yes","avatar_size":25},{"id":"post_date","enabled":true,"label":"On","date_format_source":"default","date_format":"M j, Y"},{"id":"updated_date","enabled":false,"label":"On","date_format_source":"default","date_format":"M j, Y"},{"id":"categories","enabled":false,"label":"In","style":"simple"},{"id":"comments","enabled":true}],"page_meta_elements":{"joined":true,"articles_count":true,"comments":true}},{"id":"breadcrumbs","enabled":false}],"e377139f0e48a4cb5a64798ea8d651b9":"","hero_alignment1":"CT_CSS_SKIP_RULE","hero_margin":40,"hero_alignment2":"center","hero_vertical_alignment":"center","af09189de71c08c18e1cd076aeaad8fe":"","hero_structure":"narrow","4241a204ae10e70836b130f646a7f2d5":"","page_title_bg_type":"featured_image","custom_hero_background":{"attachment_id":null},"page_title_image_size":"full","parallax":{"desktop":false,"tablet":false,"mobile":false},"37c6846e78051bc32791c6958664507d":"","hero_height":"250px","pageTitleFont":{"family":"Default","variation":"Default","size":"30px","line-height":"CT_CSS_SKIP_RULE","letter-spacing":"CT_CSS_SKIP_RULE","text-transform":"CT_CSS_SKIP_RULE","text-decoration":"CT_CSS_SKIP_RULE"},"pageTitleFontColor":{"default":{"color":"CT_CSS_SKIP_RULEDEFAULT"}},"pageMetaFont":{"family":"Default","variation":"n6","size":"12px","line-height":"1.3","letter-spacing":"CT_CSS_SKIP_RULE","text-transform":"uppercase","text-decoration":"CT_CSS_SKIP_RULE"},"pageMetaFontColor":{"default":{"color":"CT_CSS_SKIP_RULEDEFAULT"},"hover":{"color":"CT_CSS_SKIP_RULEDEFAULT"}},"page_meta_button_type_font_colors":{"default":{"color":"CT_CSS_SKIP_RULEDEFAULT"},"hover":{"color":"CT_CSS_SKIP_RULEDEFAULT"}},"page_meta_button_type_background_colors":{"default":{"color":"CT_CSS_SKIP_RULEDEFAULT"},"hover":{"color":"CT_CSS_SKIP_RULEDEFAULT"}},"pageExcerptFont":{"family":"Default","variation":"Default","size":"CT_CSS_SKIP_RULE","line-height":"CT_CSS_SKIP_RULE","letter-spacing":"CT_CSS_SKIP_RULE","text-transform":"CT_CSS_SKIP_RULE","text-decoration":"CT_CSS_SKIP_RULE"},"pageExcerptColor":{"default":{"color":"CT_CSS_SKIP_RULEDEFAULT"}},"breadcrumbsFont":{"family":"Default","variation":"Default","size":"CT_CSS_SKIP_RULE","line-height":"CT_CSS_SKIP_RULE","letter-spacing":"CT_CSS_SKIP_RULE","text-transform":"CT_CSS_SKIP_RULE","text-decoration":"CT_CSS_SKIP_RULE"},"breadcrumbsFontColor":{"default":{"color":"CT_CSS_SKIP_RULEDEFAULT"},"initial":{"color":"CT_CSS_SKIP_RULEDEFAULT"},"hover":{"color":"CT_CSS_SKIP_RULEDEFAULT"}},"pageTitleOverlay":{"background_type":"color","background_pattern":"type-1","background_image":{"attachment_id":null,"x":0,"y":0},"gradient":"linear-gradient(135deg,rgba(6,147,227,1) 0%,rgb(155,81,224) 100%)","background_repeat":"repeat","background_size":"auto","background_attachment":"scroll","patternColor":{"default":{"color":"#e5e7ea"}},"overlayColor":{"default":{"color":"CT_CSS_SKIP_RULE"}},"backgroundColor":{"default":{"color":"CT_CSS_SKIP_RULE"}}},"pageTitleBackground":{"background_type":"color","background_pattern":"type-1","background_image":{"attachment_id":null,"x":0,"y":0},"gradient":"linear-gradient(135deg,rgba(6,147,227,1) 0%,rgb(155,81,224) 100%)","background_repeat":"repeat","background_size":"auto","background_attachment":"scroll","patternColor":{"default":{"color":"#e5e7ea"}},"overlayColor":{"default":{"color":"CT_CSS_SKIP_RULE"}},"backgroundColor":{"default":{"color":"var(--theme-palette-color-6)"}}},"pageTitlePadding":{"top":"50px","bottom":"50px","left":"auto","right":"auto","linked":true},"a8fa859ceafab67cbfce97e380ccc088":"","page_structure_type":"default","2c44625e200027fb7003d1deb510aed8":"","content_style_source":"inherit","content_style":"wide","vertical_spacing_source":"custom","content_area_spacing":"none","background":{"background_type":"color","background_pattern":"type-1","background_image":{"attachment_id":null,"x":0,"y":0},"gradient":"linear-gradient(135deg,rgba(6,147,227,1) 0%,rgb(155,81,224) 100%)","background_repeat":"repeat","background_size":"auto","background_attachment":"scroll","patternColor":{"default":{"color":"#e5e7ea"}},"overlayColor":{"default":{"color":"CT_CSS_SKIP_RULE"}},"backgroundColor":{"default":{"color":"CT_CSS_SKIP_RULE"}}},"content_background":{"background_type":"color","background_pattern":"type-1","background_image":{"attachment_id":null,"x":0,"y":0},"gradient":"linear-gradient(135deg,rgba(6,147,227,1) 0%,rgb(155,81,224) 100%)","background_repeat":"repeat","background_size":"auto","background_attachment":"scroll","patternColor":{"default":{"color":"#e5e7ea"}},"overlayColor":{"default":{"color":"CT_CSS_SKIP_RULE"}},"backgroundColor":{"default":{"color":"var(--theme-palette-color-8)"}}},"content_boxed_shadow":{"inherit":false,"blur":18,"spread":-6,"v_offset":12,"h_offset":0,"inset":false,"enable":true,"color":{"color":"rgba(34, 56, 101, 0.04)"}},"content_boxed_border":{"width":1,"style":"none","color":{"color":"rgba(44,62,80,0.2)"}},"content_boxed_radius":{"top":"3px","bottom":"3px","left":"3px","right":"3px","linked":true},"boxed_content_spacing":{"desktop":{"top":"40px","bottom":"40px","left":"40px","right":"40px","linked":true},"tablet":{"top":"35px","bottom":"35px","left":"35px","right":"35px","linked":true},"mobile":{"top":"20px","bottom":"20px","left":"20px","right":"20px","linked":true}},"b6a9da5a132a1b76f66ef374aa22372c":"","disable_featured_image":"no","disable_share_box":"no","disable_header":"no","disable_footer":"no"},"aioseo_notices":[],"_links":{"self":[{"href":"https:\/\/healthy-choice.co.uk\/pl\/wp-json\/wp\/v2\/pages\/681","targetHints":{"allow":["GET"]}}],"collection":[{"href":"https:\/\/healthy-choice.co.uk\/pl\/wp-json\/wp\/v2\/pages"}],"about":[{"href":"https:\/\/healthy-choice.co.uk\/pl\/wp-json\/wp\/v2\/types\/page"}],"author":[{"embeddable":true,"href":"https:\/\/healthy-choice.co.uk\/pl\/wp-json\/wp\/v2\/users\/3"}],"replies":[{"embeddable":true,"href":"https:\/\/healthy-choice.co.uk\/pl\/wp-json\/wp\/v2\/comments?post=681"}],"version-history":[{"count":1,"href":"https:\/\/healthy-choice.co.uk\/pl\/wp-json\/wp\/v2\/pages\/681\/revisions"}],"predecessor-version":[{"id":2141,"href":"https:\/\/healthy-choice.co.uk\/pl\/wp-json\/wp\/v2\/pages\/681\/revisions\/2141"}],"wp:attachment":[{"href":"https:\/\/healthy-choice.co.uk\/pl\/wp-json\/wp\/v2\/media?parent=681"}],"curies":[{"name":"wp","href":"https:\/\/api.w.org\/{rel}","templated":true}]}}