{"id":491,"date":"2022-06-29T17:50:34","date_gmt":"2022-06-29T17:50:34","guid":{"rendered":"https:\/\/demo.creativethemes.com\/elementor\/floreo\/?page_id=491"},"modified":"2024-04-09T13:31:15","modified_gmt":"2024-04-09T10:31:15","slug":"payment-shipping","status":"publish","type":"page","link":"https:\/\/healthy-choice.co.uk\/pl\/payment-shipping\/","title":{"rendered":"P\u0142atno\u015b\u0107 i wysy\u0142ka"},"content":{"rendered":"<div data-elementor-type=\"wp-page\" data-elementor-id=\"491\" class=\"elementor elementor-491\">\n\t\t\t\t\t\t<section class=\"elementor-section elementor-top-section elementor-element elementor-element-5989b116 ct-section-stretched elementor-section-boxed elementor-section-height-default elementor-section-height-default\" data-id=\"5989b116\" data-element_type=\"section\" data-e-type=\"section\" data-settings=\"{&quot;background_background&quot;:&quot;classic&quot;}\">\n\t\t\t\t\t\t<div class=\"elementor-container elementor-column-gap-default\">\n\t\t\t\t\t<div class=\"elementor-column elementor-col-100 elementor-top-column elementor-element elementor-element-49861077\" data-id=\"49861077\" data-element_type=\"column\" data-e-type=\"column\">\n\t\t\t<div class=\"elementor-widget-wrap elementor-element-populated\">\n\t\t\t\t\t\t<div class=\"elementor-element elementor-element-76f0ed4 elementor-widget elementor-widget-heading\" data-id=\"76f0ed4\" data-element_type=\"widget\" data-e-type=\"widget\" data-widget_type=\"heading.default\">\n\t\t\t\t<div class=\"elementor-widget-container\">\n\t\t\t\t\t<h2 class=\"elementor-heading-title elementor-size-default\">Payment<\/h2>\t\t\t\t<\/div>\n\t\t\t\t<\/div>\n\t\t\t\t<div class=\"elementor-element elementor-element-9e70a73 elementor-widget elementor-widget-text-editor\" data-id=\"9e70a73\" data-element_type=\"widget\" data-e-type=\"widget\" data-widget_type=\"text-editor.default\">\n\t\t\t\t<div class=\"elementor-widget-container\">\n\t\t\t\t\t\t\t\t\t<p><strong>1. You can pay by using E-banking (Paysera)<\/strong><\/p><p>Paysera is an electronic payment system that combines different payment methods: via the Paysera system, electronic banking or payment cards. Paysera offers a free multi-currency account, which takes just a few minutes to open and top up. Also fast and secure online payments, for which the buyer receives a refund of part of the amount spent. Paysera also provides access to a convenient mobile wallet that further facilitates payments both online and in physical locations. Pay through Paysera \u2013 it\u2019s fast, modern and useful. For each payment, the buyer returns to the Paysera account up to 1% of the amount paid for the goods or services.<\/p><p>\u201eDanske Bank A\/S\u201c Lietuvos filialas, AS Luminor (\u201eDNB\u201c) bankas, AS Citadele bankas, AS Luminor (\u201eNordea\u201c) bankas, AB SEB bankas, AB bankas \u201eSwedbank\u201c, AB \u0160iauli\u0173 bankas, UAB Medicinos bankas, Lietuvos kredito unijos, MoQ, Paysera s\u0105skaita, Kreditin\u0117s kortel\u0117s<\/p>\t\t\t\t\t\t\t\t<\/div>\n\t\t\t\t<\/div>\n\t\t\t\t<div class=\"elementor-element elementor-element-b074be8 elementor-widget elementor-widget-text-editor\" data-id=\"b074be8\" data-element_type=\"widget\" data-e-type=\"widget\" data-widget_type=\"text-editor.default\">\n\t\t\t\t<div class=\"elementor-widget-container\">\n\t\t\t\t\t\t\t\t\t<p><strong>2. You can pay by using bank transfer:<\/strong><\/p><p>Requisites for settlement:<\/p><ol><li><em><strong>AB \"SEB\" bankas:<\/strong><\/em><br \/>Account No.: LT39 7044 0600 0786 3477 \u2013 EUR \/ USD \/ GBP (multi-currency)<br \/>Bank code: 70440<br \/>S.W.I.F.T. code: CBVILT2X<\/li><li><em><strong>Paysera:\u00a0<\/strong><\/em>UAB Paysera electronic money institution<br \/>Account No.: LT13 3500 0100 0139 8442 \u2013 EUR \/ USD \/ GBP (multi-currency).\u00a0<span class=\"goog-text-highlight\">Bank Code: 35000,\u00a0<\/span><span class=\"goog-text-highlight\">S.WIFT Code: EVIULT21XXX<\/span><br \/><br \/><\/li><\/ol><p>Do not forget to write\u00a0<strong><u>order code<\/u><\/strong>\u00a0in the field of \u201cPurpose\u201d of the bank transfer.<\/p>\t\t\t\t\t\t\t\t<\/div>\n\t\t\t\t<\/div>\n\t\t\t\t\t<\/div>\n\t\t<\/div>\n\t\t\t\t\t<\/div>\n\t\t<\/section>\n\t\t\t\t<section class=\"elementor-section elementor-top-section elementor-element elementor-element-b4986d8 elementor-section-boxed elementor-section-height-default elementor-section-height-default\" data-id=\"b4986d8\" data-element_type=\"section\" data-e-type=\"section\">\n\t\t\t\t\t\t<div class=\"elementor-container elementor-column-gap-default\">\n\t\t\t\t\t<div class=\"elementor-column elementor-col-100 elementor-top-column elementor-element elementor-element-73e89ab\" data-id=\"73e89ab\" data-element_type=\"column\" data-e-type=\"column\">\n\t\t\t<div class=\"elementor-widget-wrap elementor-element-populated\">\n\t\t\t\t\t\t<div class=\"elementor-element elementor-element-472b1f0 elementor-widget elementor-widget-heading\" data-id=\"472b1f0\" data-element_type=\"widget\" data-e-type=\"widget\" data-widget_type=\"heading.default\">\n\t\t\t\t<div class=\"elementor-widget-container\">\n\t\t\t\t\t<h2 class=\"elementor-heading-title elementor-size-default\">Delivery<\/h2>\t\t\t\t<\/div>\n\t\t\t\t<\/div>\n\t\t\t\t<div class=\"elementor-element elementor-element-e951280 elementor-widget elementor-widget-text-editor\" data-id=\"e951280\" data-element_type=\"widget\" data-e-type=\"widget\" data-widget_type=\"text-editor.default\">\n\t\t\t\t<div class=\"elementor-widget-container\">\n\t\t\t\t\t\t\t\t\t<p>1.1. Seller aims to give courier particular goods ordered by the Buyer within 2 working days after the payment for the goods.<br \/>1.2. The courier delivers goods to the address of the Buyer in:<br \/>1.2.1. 1-2 working days in Lithuania;<br \/>1.2.2. For other countries contact by phone or e-mail;<br \/>1.3. Venipak Lietuva services are used for delivery of goods.<br \/>1.4. Any order will be shipped through the Venipak Lietuva courier. When your order is dispatched you will receive notification of the parcel tracking number so you can track its progress using the online service.<br \/>1.5. The buyer can read information regarding Venipak Lietuva working hours (delivery time) and Venipak Lietuva services in Venipak webpage available in particular country.<br \/>1.6. If you can not find your country, please contact us by e-mail or phone and we will find you the most convenient method of delivery.<\/p><p><strong>Order amount exceeding 50\u20ac \u2013 FREE delivery in Lithuania<br \/><\/strong>Otherwise worldwide, the delivery price is calculated from the weight of your order.<\/p>\t\t\t\t\t\t\t\t<\/div>\n\t\t\t\t<\/div>\n\t\t\t\t\t<\/div>\n\t\t<\/div>\n\t\t\t\t\t<\/div>\n\t\t<\/section>\n\t\t\t\t<section class=\"elementor-section elementor-top-section elementor-element elementor-element-c740a31 elementor-section-boxed elementor-section-height-default elementor-section-height-default\" data-id=\"c740a31\" data-element_type=\"section\" data-e-type=\"section\">\n\t\t\t\t\t\t<div class=\"elementor-container elementor-column-gap-default\">\n\t\t\t\t\t<div class=\"elementor-column elementor-col-100 elementor-top-column elementor-element elementor-element-5b9eb46\" data-id=\"5b9eb46\" data-element_type=\"column\" data-e-type=\"column\">\n\t\t\t<div class=\"elementor-widget-wrap elementor-element-populated\">\n\t\t\t\t\t\t<div class=\"elementor-element elementor-element-d5923c9 elementor-widget elementor-widget-heading\" data-id=\"d5923c9\" data-element_type=\"widget\" data-e-type=\"widget\" data-widget_type=\"heading.default\">\n\t\t\t\t<div class=\"elementor-widget-container\">\n\t\t\t\t\t<h2 class=\"elementor-heading-title elementor-size-default\">Returns<\/h2>\t\t\t\t<\/div>\n\t\t\t\t<\/div>\n\t\t\t\t<div class=\"elementor-element elementor-element-e7bef0d elementor-widget elementor-widget-text-editor\" data-id=\"e7bef0d\" data-element_type=\"widget\" data-e-type=\"widget\" data-widget_type=\"text-editor.default\">\n\t\t\t\t<div class=\"elementor-widget-container\">\n\t\t\t\t\t\t\t\t\t<p>2.1. Goods purchased\u00a0<strong>directly<\/strong> from www.healthychoice.co.uk can be returned within 15 days of delivery.<br \/>2.2. Return are eligible only when product package are unopened.<br \/>2.3. Goods must be return in original package.<br \/>2.4. Buyer\u2019s refund might be fulfilled in 5 working days after goods were returned to the Seller and the Seller confirmed that the goods are accepted as returned. Delivery fee is non refundable.<br \/>2.5. If you wish to return an item for exchange or refund, we suggest you do so through a secure and insured delivery service (like Venipak, UPS, DHL, DPD etc). We do not accept liability for non-received items. Returning fees are payed by Buyer.<br \/>2.6. Typically, a return request will be processed within 48 hours of receipt.<br \/>2.7. Adress for returns: Sporto st. 3-79, LT-09238, Vilnius, Lithuania.<\/p>\t\t\t\t\t\t\t\t<\/div>\n\t\t\t\t<\/div>\n\t\t\t\t\t<\/div>\n\t\t<\/div>\n\t\t\t\t\t<\/div>\n\t\t<\/section>\n\t\t\t\t<\/div>","protected":false},"excerpt":{"rendered":"<p>Payment 1. You can pay by using E-banking (Paysera) Paysera is an electronic payment system that combines different payment methods: via the Paysera system, electronic banking or payment cards. Paysera offers a free multi-currency account, which takes just a few minutes to open and top up. Also fast and secure online payments, for which the [&hellip;]<\/p>\n","protected":false},"author":3,"featured_media":0,"parent":0,"menu_order":0,"comment_status":"closed","ping_status":"closed","template":"","meta":{"footnotes":""},"class_list":["post-491","page","type-page","status-publish","hentry"],"blocksy_meta":[],"aioseo_notices":[],"_links":{"self":[{"href":"https:\/\/healthy-choice.co.uk\/pl\/wp-json\/wp\/v2\/pages\/491","targetHints":{"allow":["GET"]}}],"collection":[{"href":"https:\/\/healthy-choice.co.uk\/pl\/wp-json\/wp\/v2\/pages"}],"about":[{"href":"https:\/\/healthy-choice.co.uk\/pl\/wp-json\/wp\/v2\/types\/page"}],"author":[{"embeddable":true,"href":"https:\/\/healthy-choice.co.uk\/pl\/wp-json\/wp\/v2\/users\/3"}],"replies":[{"embeddable":true,"href":"https:\/\/healthy-choice.co.uk\/pl\/wp-json\/wp\/v2\/comments?post=491"}],"version-history":[{"count":1,"href":"https:\/\/healthy-choice.co.uk\/pl\/wp-json\/wp\/v2\/pages\/491\/revisions"}],"predecessor-version":[{"id":2232,"href":"https:\/\/healthy-choice.co.uk\/pl\/wp-json\/wp\/v2\/pages\/491\/revisions\/2232"}],"wp:attachment":[{"href":"https:\/\/healthy-choice.co.uk\/pl\/wp-json\/wp\/v2\/media?parent=491"}],"curies":[{"name":"wp","href":"https:\/\/api.w.org\/{rel}","templated":true}]}}