{"id":3,"date":"2023-07-04T10:27:14","date_gmt":"2023-07-04T10:27:14","guid":{"rendered":"https:\/\/healthy-choice.co.uk\/?page_id=3"},"modified":"2024-04-09T13:31:15","modified_gmt":"2024-04-09T10:31:15","slug":"privacy-policy","status":"publish","type":"page","link":"https:\/\/healthy-choice.co.uk\/pl\/privacy-policy\/","title":{"rendered":"Polityka prywatno\u015bci"},"content":{"rendered":"<div data-elementor-type=\"wp-page\" data-elementor-id=\"3\" class=\"elementor elementor-3\">\n\t\t\t\t<div class=\"elementor-element elementor-element-4a6b9da e-flex e-con-boxed e-con e-parent\" data-id=\"4a6b9da\" data-element_type=\"container\" data-e-type=\"container\" data-settings=\"{&quot;background_background&quot;:&quot;classic&quot;}\">\n\t\t\t\t\t<div class=\"e-con-inner\">\n\t\t<div class=\"elementor-element elementor-element-2af4332 e-con-full animated-slow e-flex elementor-invisible e-con e-child\" data-id=\"2af4332\" data-element_type=\"container\" data-e-type=\"container\" data-settings=\"{&quot;animation&quot;:&quot;fadeInUp&quot;,&quot;animation_delay&quot;:200}\">\n\t\t\t\t<div class=\"elementor-element elementor-element-c142227 elementor-widget elementor-widget-text-editor\" data-id=\"c142227\" data-element_type=\"widget\" data-e-type=\"widget\" data-widget_type=\"text-editor.default\">\n\t\t\t\t<div class=\"elementor-widget-container\">\n\t\t\t\t\t\t\t\t\t<p>Prywatna polityka regulacji elektroniki w praktyce\u00a0<a href=\"https:\/\/www.healthychoice.lt\/?v=c562607189d7\" target=\"_blank\" rel=\"noreferrer noopener\">www.healthychoice.lt<\/a>\u00a0czy pirk\u0117jo pagrindinius asmens duomen\u0173 rinkimo, tvarkymo ir saugojimo principus bei tvark\u0105. Informacje dotycz\u0105ce koreguojama - patikrinkite j\u0105 prie\u0161 darydami pirkim\u0105, kad b\u016btume tikri, jog Jus tenkina pateikta informacija.<\/p>\n<p><strong>Galime rinkti \u0161iuos duomenis:<\/strong> <br>1. Vardas, pavard\u0117. <br>2. Informacje kontaktowe. <br>3. Informacje demograficzne (kod pocztowy, adres IP, nazwisko). <br>4. Informacje na temat pasi\u016blymams vykdyti. <br><br><strong>Mums reikalinga \u0161i informacija, jog suprastume j\u016bs\u0173 poreikius, pasi\u016blytume geresn\u012f aptarnavim\u0105 bei atliktume \u0161iuos veiksmus:<br><\/strong> 1. Vidinei apskaitai. <br>2. Produkt\u0173 bei paslaug\u0173 kokyb\u0117s k\u0117limui. <br>3. Reklamy s\u0105 dost\u0119pne dla wszystkich aktualnych u\u017cytkownik\u00f3w. <br>4. Marketing jest bardzo wa\u017cny, je\u015bli chodzi o telefon w Jumis el.pa\u0161tu.<\/p>\t\t\t\t\t\t\t\t<\/div>\n\t\t\t\t<\/div>\n\t\t\t\t<div class=\"elementor-element elementor-element-05610ec elementor-widget elementor-widget-accordion\" data-id=\"05610ec\" data-element_type=\"widget\" data-e-type=\"widget\" data-widget_type=\"accordion.default\">\n\t\t\t\t<div class=\"elementor-widget-container\">\n\t\t\t\t\t\t\t<div class=\"elementor-accordion\">\n\t\t\t\t\t\t\t<div class=\"elementor-accordion-item\">\n\t\t\t\t\t<div id=\"elementor-tab-title-5641\" class=\"elementor-tab-title\" data-tab=\"1\" role=\"button\" aria-controls=\"elementor-tab-content-5641\" aria-expanded=\"false\">\n\t\t\t\t\t\t\t\t\t\t\t\t\t<span class=\"elementor-accordion-icon elementor-accordion-icon-left\" aria-hidden=\"true\">\n\t\t\t\t\t\t\t\t\t\t\t\t\t\t\t<span class=\"elementor-accordion-icon-closed\"><i class=\"fas fa-angle-down\"><\/i><\/span>\n\t\t\t\t\t\t\t\t<span class=\"elementor-accordion-icon-opened\"><i class=\"fas fa-angle-up\"><\/i><\/span>\n\t\t\t\t\t\t\t\t\t\t\t\t\t\t<\/span>\n\t\t\t\t\t\t\t\t\t\t\t\t<a class=\"elementor-accordion-title\" tabindex=\"0\">Slapukai<\/a>\n\t\t\t\t\t<\/div>\n\t\t\t\t\t<div id=\"elementor-tab-content-5641\" class=\"elementor-tab-content elementor-clearfix\" data-tab=\"1\" role=\"region\" aria-labelledby=\"elementor-tab-title-5641\"><p>Slapukas (angl. cookies) - dokumenty tekstowe, kt\u00f3re zawieraj\u0105 unikalne numery identyfikacyjne, takie jak pliki cookie, dyski twarde, pliki cookie administratora, pliki cookie administratora, pliki cookie administratora, pliki cookie administratora, pliki cookie administratora, pliki cookie administratora, pliki cookie administratora, pliki cookie administratora, pliki cookie administratora, pliki cookie administratora, pliki cookie administratora, pliki cookie administratora, pliki cookie administratora, pliki cookie administratora, pliki cookie administratora, pliki cookie administratora, pliki cookie administratora, pliki cookie administratora, pliki cookie administratora, pliki cookie administratora, pliki cookie administratora, pliki cookie administratora, pliki cookie administratora, pliki cookie administratora, pliki cookie administratora, pliki cookie administratora, pliki cookie administratora, pliki cookie administratora, pliki cookie administratora, pliki cookie administratora. W tym celu nale\u017cy zapozna\u0107 si\u0119 z dokumentami, a nast\u0119pnie przeanalizowa\u0107 informacje. W zwi\u0105zku z tym, \u017ce informacje s\u0105 wa\u017cne, nale\u017cy je analizowa\u0107, a nie tylko je przetwarza\u0107.<\/p>\n<p>Internet jest bardzo popularny, a jego u\u017cytkownicy s\u0105 bardzo zadowoleni. Internetowe narz\u0119dzia analityczne s\u0105 dost\u0119pne na stronie internetowej, dzi\u0119ki czemu mo\u017cna je \u0142atwo znale\u017a\u0107 w Internecie. Informuj\u0105 o tym r\u00f3wnie\u017c statystyki.<\/p>\n<p>W zwi\u0105zku z tym, \u017ce internet jest bardzo popularny, nie ma mo\u017cliwo\u015bci, aby mama w nim mieszka\u0142a. W zwi\u0105zku z tym, \u017ce nie ma ju\u017c mo\u017cliwo\u015bci, aby mamy by\u0142y informowane o tym, co dzieje si\u0119 w Internecie, nie ma ju\u017c mo\u017cliwo\u015bci, aby\u015bmy byli informowani o tym, co dzieje si\u0119 w Internecie. W ka\u017cdej chwili mo\u017cna skorzysta\u0107 z Internetu. Internet nie jest automatycznym narz\u0119dziem do wysy\u0142ania wiadomo\u015bci, dlatego te\u017c nie ma potrzeby korzystania z niego.<\/p><\/div>\n\t\t\t\t<\/div>\n\t\t\t\t\t\t\t<div class=\"elementor-accordion-item\">\n\t\t\t\t\t<div id=\"elementor-tab-title-5642\" class=\"elementor-tab-title\" data-tab=\"2\" role=\"button\" aria-controls=\"elementor-tab-content-5642\" aria-expanded=\"false\">\n\t\t\t\t\t\t\t\t\t\t\t\t\t<span class=\"elementor-accordion-icon elementor-accordion-icon-left\" aria-hidden=\"true\">\n\t\t\t\t\t\t\t\t\t\t\t\t\t\t\t<span class=\"elementor-accordion-icon-closed\"><i class=\"fas fa-angle-down\"><\/i><\/span>\n\t\t\t\t\t\t\t\t<span class=\"elementor-accordion-icon-opened\"><i class=\"fas fa-angle-up\"><\/i><\/span>\n\t\t\t\t\t\t\t\t\t\t\t\t\t\t<\/span>\n\t\t\t\t\t\t\t\t\t\t\t\t<a class=\"elementor-accordion-title\" tabindex=\"0\">M\u016bs\u0173 naudojami slapukai<\/a>\n\t\t\t\t\t<\/div>\n\t\t\t\t\t<div id=\"elementor-tab-content-5642\" class=\"elementor-tab-content elementor-clearfix\" data-tab=\"2\" role=\"region\" aria-labelledby=\"elementor-tab-title-5642\"><p>Google Analytics to narz\u0119dzie, kt\u00f3re generuje anonimowe statystyki i statystyki. \"Google Analytics\" dostarcza informacji na temat stron, na kt\u00f3rych s\u0105 one wy\u015bwietlane.\u00a0<a href=\"https:\/\/policies.google.com\/privacy\" target=\"_blank\" rel=\"noreferrer noopener\">privatumo politik\u0105<\/a>.<\/p>\n<p>El. parduotuv\u0117s veikimui naudojami slapukai. Krep\u0161elis, prisijungimai ir t.t.<\/p><\/div>\n\t\t\t\t<\/div>\n\t\t\t\t\t\t\t<div class=\"elementor-accordion-item\">\n\t\t\t\t\t<div id=\"elementor-tab-title-5643\" class=\"elementor-tab-title\" data-tab=\"3\" role=\"button\" aria-controls=\"elementor-tab-content-5643\" aria-expanded=\"false\">\n\t\t\t\t\t\t\t\t\t\t\t\t\t<span class=\"elementor-accordion-icon elementor-accordion-icon-left\" aria-hidden=\"true\">\n\t\t\t\t\t\t\t\t\t\t\t\t\t\t\t<span class=\"elementor-accordion-icon-closed\"><i class=\"fas fa-angle-down\"><\/i><\/span>\n\t\t\t\t\t\t\t\t<span class=\"elementor-accordion-icon-opened\"><i class=\"fas fa-angle-up\"><\/i><\/span>\n\t\t\t\t\t\t\t\t\t\t\t\t\t\t<\/span>\n\t\t\t\t\t\t\t\t\t\t\t\t<a class=\"elementor-accordion-title\" tabindex=\"0\">Nuorodos \u012f kitus puslapius<\/a>\n\t\t\t\t\t<\/div>\n\t\t\t\t\t<div id=\"elementor-tab-content-5643\" class=\"elementor-tab-content elementor-clearfix\" data-tab=\"3\" role=\"region\" aria-labelledby=\"elementor-tab-title-5643\"><p><a href=\"https:\/\/www.healthychoice.lt\/?v=c562607189d7\" target=\"_blank\" rel=\"noreferrer noopener\">www.healthychoice.lt<\/a>\u00a0Puslapis gali tur\u0117ti nuorod\u0173 \u012f kitus internetinius puslapius. Pasinaudoj\u0119 nuorodomis, vedan\u010diomis \u012f kitus internetinius puslapius, u\u017e ten pateikiam\u0105 informacij\u0105 ar duomenis tampate atsakingi patys. W zwi\u0105zku z tym, \u017ce w Internecie nie ma \u017cadnych informacji na temat tego, co dzieje si\u0119 w Internecie, nie ma \u017cadnych informacji na temat tego, co dzieje si\u0119 w Internecie, nie ma \u017cadnych informacji na temat tego, co dzieje si\u0119 w Internecie, nie ma \u017cadnych informacji na temat tego, co dzieje si\u0119 w Internecie.<\/p><\/div>\n\t\t\t\t<\/div>\n\t\t\t\t\t\t\t<div class=\"elementor-accordion-item\">\n\t\t\t\t\t<div id=\"elementor-tab-title-5644\" class=\"elementor-tab-title\" data-tab=\"4\" role=\"button\" aria-controls=\"elementor-tab-content-5644\" aria-expanded=\"false\">\n\t\t\t\t\t\t\t\t\t\t\t\t\t<span class=\"elementor-accordion-icon elementor-accordion-icon-left\" aria-hidden=\"true\">\n\t\t\t\t\t\t\t\t\t\t\t\t\t\t\t<span class=\"elementor-accordion-icon-closed\"><i class=\"fas fa-angle-down\"><\/i><\/span>\n\t\t\t\t\t\t\t\t<span class=\"elementor-accordion-icon-opened\"><i class=\"fas fa-angle-up\"><\/i><\/span>\n\t\t\t\t\t\t\t\t\t\t\t\t\t\t<\/span>\n\t\t\t\t\t\t\t\t\t\t\t\t<a class=\"elementor-accordion-title\" tabindex=\"0\">Asmenin\u0117s informacijos kontrol\u0117<\/a>\n\t\t\t\t\t<\/div>\n\t\t\t\t\t<div id=\"elementor-tab-content-5644\" class=\"elementor-tab-content elementor-clearfix\" data-tab=\"4\" role=\"region\" aria-labelledby=\"elementor-tab-title-5644\"><p>Osoby, kt\u00f3re nie s\u0105 cz\u0142onkami rodziny, nie s\u0105 cz\u0142onkami rodziny ani nie s\u0105 cz\u0142onkami rodziny, nie s\u0105 cz\u0142onkami rodziny, nie s\u0105 cz\u0142onkami rodziny ani nie s\u0105 cz\u0142onkami rodziny, nie s\u0105 cz\u0142onkami rodziny ani nie s\u0105 cz\u0142onkami rodziny, nie s\u0105 cz\u0142onkami rodziny ani nie s\u0105 cz\u0142onkami rodziny. W zwi\u0105zku z tym, \u017ce informacje marketingowe s\u0105 bardzo wa\u017cne, nie ma mo\u017cliwo\u015bci ich pomini\u0119cia:\u00a0<a href=\"mailto:info@healthychoice.lt\" target=\"_blank\" rel=\"noreferrer noopener\">info@healthychoice.lt<\/a><\/p><\/div>\n\t\t\t\t<\/div>\n\t\t\t\t\t\t\t\t<\/div>\n\t\t\t\t\t\t<\/div>\n\t\t\t\t<\/div>\n\t\t\t\t<\/div>\n\t\t\t\t\t<\/div>\n\t\t\t\t<\/div>\n\t\t\t\t<\/div>","protected":false},"excerpt":{"rendered":"<p>\u0160i privatumo politika reglamentuoja elektronin\u0117s parduotuv\u0117s\u00a0www.healthychoice.lt\u00a0ir pirk\u0117jo pagrindinius asmens duomen\u0173 rinkimo, tvarkymo ir saugojimo principus bei tvark\u0105. Informacija gali b\u016bti koreguojama \u2013 patikrinkite j\u0105 prie\u0161 darydami pirkim\u0105, kad b\u016btume tikri, jog Jus tenkina pateikta informacija. Galime rinkti \u0161iuos duomenis: 1. Vardas, pavard\u0117. 2. Kontaktin\u0117 informacija. 3. Demografin\u0117 informacija (pa\u0161to kodas, IP, kita). 4. Kita informacija [&hellip;]<\/p>\n","protected":false},"author":3,"featured_media":0,"parent":0,"menu_order":0,"comment_status":"closed","ping_status":"closed","template":"","meta":{"footnotes":""},"class_list":["post-3","page","type-page","status-publish","hentry"],"blocksy_meta":[],"aioseo_notices":[],"_links":{"self":[{"href":"https:\/\/healthy-choice.co.uk\/pl\/wp-json\/wp\/v2\/pages\/3","targetHints":{"allow":["GET"]}}],"collection":[{"href":"https:\/\/healthy-choice.co.uk\/pl\/wp-json\/wp\/v2\/pages"}],"about":[{"href":"https:\/\/healthy-choice.co.uk\/pl\/wp-json\/wp\/v2\/types\/page"}],"author":[{"embeddable":true,"href":"https:\/\/healthy-choice.co.uk\/pl\/wp-json\/wp\/v2\/users\/3"}],"replies":[{"embeddable":true,"href":"https:\/\/healthy-choice.co.uk\/pl\/wp-json\/wp\/v2\/comments?post=3"}],"version-history":[{"count":1,"href":"https:\/\/healthy-choice.co.uk\/pl\/wp-json\/wp\/v2\/pages\/3\/revisions"}],"predecessor-version":[{"id":2116,"href":"https:\/\/healthy-choice.co.uk\/pl\/wp-json\/wp\/v2\/pages\/3\/revisions\/2116"}],"wp:attachment":[{"href":"https:\/\/healthy-choice.co.uk\/pl\/wp-json\/wp\/v2\/media?parent=3"}],"curies":[{"name":"wp","href":"https:\/\/api.w.org\/{rel}","templated":true}]}}