{"id":1211,"date":"2023-07-04T12:14:36","date_gmt":"2023-07-04T12:14:36","guid":{"rendered":"https:\/\/healthy-choice.co.uk\/?page_id=1211"},"modified":"2024-04-09T13:31:15","modified_gmt":"2024-04-09T10:31:15","slug":"where-to-get","status":"publish","type":"page","link":"https:\/\/healthy-choice.co.uk\/pl\/where-to-get\/","title":{"rendered":"Sk\u0105d wzi\u0105\u0107"},"content":{"rendered":"<div data-elementor-type=\"wp-page\" data-elementor-id=\"1211\" class=\"elementor elementor-1211\">\n\t\t\t\t<div class=\"elementor-element elementor-element-4da8fdd e-flex e-con-boxed e-con e-parent\" data-id=\"4da8fdd\" data-element_type=\"container\" data-e-type=\"container\" data-settings=\"{&quot;background_background&quot;:&quot;classic&quot;}\">\n\t\t\t\t\t<div class=\"e-con-inner\">\n\t\t<div class=\"elementor-element elementor-element-de52614 e-con-full animated-slow e-flex elementor-invisible e-con e-child\" data-id=\"de52614\" data-element_type=\"container\" data-e-type=\"container\" data-settings=\"{&quot;animation&quot;:&quot;fadeInUp&quot;,&quot;animation_delay&quot;:200}\">\n\t\t\t\t<div class=\"elementor-element elementor-element-fbaba8d elementor-position-top elementor-widget elementor-widget-image-box\" data-id=\"fbaba8d\" data-element_type=\"widget\" data-e-type=\"widget\" data-widget_type=\"image-box.default\">\n\t\t\t\t<div class=\"elementor-widget-container\">\n\t\t\t\t\t<div class=\"elementor-image-box-wrapper\"><figure class=\"elementor-image-box-img\"><img fetchpriority=\"high\" decoding=\"async\" width=\"388\" height=\"375\" src=\"https:\/\/healthy-choice.co.uk\/wp-content\/uploads\/2023\/07\/where.png\" class=\"attachment-full size-full wp-image-1454\" alt=\"\" srcset=\"https:\/\/healthy-choice.co.uk\/wp-content\/uploads\/2023\/07\/where.png 388w, https:\/\/healthy-choice.co.uk\/wp-content\/uploads\/2023\/07\/where-300x290.png 300w\" sizes=\"(max-width: 388px) 100vw, 388px\" \/><\/figure><div class=\"elementor-image-box-content\"><h3 class=\"elementor-image-box-title\">Partnerzy<\/h3><p class=\"elementor-image-box-description\">Si\u0142ownie, partnerzy handlowi, sklepy, instytucje opieki zdrowotnej<\/p><\/div><\/div>\t\t\t\t<\/div>\n\t\t\t\t<\/div>\n\t\t\t\t<div class=\"elementor-element elementor-element-7f6b548 elementor-widget elementor-widget-gallery\" data-id=\"7f6b548\" data-element_type=\"widget\" data-e-type=\"widget\" data-widget_type=\"gallery.default\">\n\t\t\t\t<div class=\"elementor-widget-container\">\n\t\t\t\t\t \t\t\t\t<\/div>\n\t\t\t\t<\/div>\n\t\t\t\t<\/div>\n\t\t\t\t\t<\/div>\n\t\t\t\t<\/div>\n\t\t\t\t<\/div>","protected":false},"excerpt":{"rendered":"<p>Partners Gyms, sales partners, stores, healthcare institutions<\/p>","protected":false},"author":3,"featured_media":0,"parent":0,"menu_order":0,"comment_status":"closed","ping_status":"closed","template":"","meta":{"footnotes":""},"class_list":["post-1211","page","type-page","status-publish","hentry"],"blocksy_meta":[],"aioseo_notices":[],"_links":{"self":[{"href":"https:\/\/healthy-choice.co.uk\/pl\/wp-json\/wp\/v2\/pages\/1211","targetHints":{"allow":["GET"]}}],"collection":[{"href":"https:\/\/healthy-choice.co.uk\/pl\/wp-json\/wp\/v2\/pages"}],"about":[{"href":"https:\/\/healthy-choice.co.uk\/pl\/wp-json\/wp\/v2\/types\/page"}],"author":[{"embeddable":true,"href":"https:\/\/healthy-choice.co.uk\/pl\/wp-json\/wp\/v2\/users\/3"}],"replies":[{"embeddable":true,"href":"https:\/\/healthy-choice.co.uk\/pl\/wp-json\/wp\/v2\/comments?post=1211"}],"version-history":[{"count":1,"href":"https:\/\/healthy-choice.co.uk\/pl\/wp-json\/wp\/v2\/pages\/1211\/revisions"}],"predecessor-version":[{"id":2144,"href":"https:\/\/healthy-choice.co.uk\/pl\/wp-json\/wp\/v2\/pages\/1211\/revisions\/2144"}],"wp:attachment":[{"href":"https:\/\/healthy-choice.co.uk\/pl\/wp-json\/wp\/v2\/media?parent=1211"}],"curies":[{"name":"wp","href":"https:\/\/api.w.org\/{rel}","templated":true}]}}