{"id":84,"date":"2022-01-13T08:50:15","date_gmt":"2022-01-13T08:50:15","guid":{"rendered":"https:\/\/demo.creativethemes.com\/blocksy\/floreo\/?post_type=product&#038;p=84"},"modified":"2025-12-28T14:05:13","modified_gmt":"2025-12-28T12:05:13","slug":"hemp-seed-proteins-250g","status":"publish","type":"product","link":"https:\/\/healthy-choice.co.uk\/lt\/produktas\/hemp-seed-proteins-250g\/","title":{"rendered":"Kanapi\u0173 s\u0117kl\u0173 baltymai, 250g"},"content":{"rendered":"<h2>Apie HEALTHY CHOICE kanapi\u0173 s\u0117kl\u0173 baltymus<\/h2>\n<p>Didel\u0117s baltym\u0173 koncentracijos (49%) baltym\u0173 milteliai, pagaminti i\u0161 kanapi\u0173 i\u0161spaud\u0173, pagamint\u0173 spaud\u017eiant kanapi\u0173 s\u0117klas. Po to kanapi\u0173 i\u0161spaudos sumalamos ir kruop\u0161\u010diai persijojamos \u012f skirtingas frakcijas. Perdirbimo proceso metu med\u017eiagos temperat\u016bra nepakyla auk\u0161\u010diau 40 laipsni\u0173, tod\u0117l i\u0161saugomi visi nat\u016bral\u016bs elementai ir gyvybi\u0161kai svarbios mineralin\u0117s med\u017eiagos. Galiausiai atskiriami ma\u017eiausios frakcijos milteliai ir nat\u016bralios\u00a0<strong>Sveikas pasirinkimas<\/strong>\u00a0gaminami kanapi\u0173 s\u0117kl\u0173 baltymai.<\/p>\n<p><strong>\u0160io Lietuvoje u\u017eauginto ir paruo\u0161to produkto privalumai:<\/strong><\/p>\n<ul>\n<li>Padeda i\u0161laikyti lies\u0105 raumen\u0173 mas\u0119<\/li>\n<li>Yra 9 nepakei\u010diamosios aminor\u016bg\u0161tys<\/li>\n<li>Puikus mineral\u0173 ir vitamin\u0173 \u0161altinis<\/li>\n<li>Tinka veganams<\/li>\n<li>Kanapi\u0173 baltymai yra artimi \u017emogaus baltymams, tod\u0117l gerai \u012fsisavinami<\/li>\n<li>Kanapi\u0173 baltymai yra vieni maistingiausi\u0173 visoje planetoje.<\/li>\n<\/ul>","protected":false},"excerpt":{"rendered":"<div class=\"product-short-description\">\n<p>Pluo\u0161tini\u0173 kanapi\u0173 baltymai yra vieni maistingiausi\u0173 baltym\u0173 planetoje. \u0160is Lietuvoje auginamas ir ruo\u0161iamas produktas turi daug nauding\u0173 savybi\u0173.<\/p>\n<\/div>","protected":false},"featured_media":2396,"template":"","meta":[],"product_brand":[],"product_cat":[31],"product_tag":[],"giftcard-category":[],"class_list":{"0":"post-84","1":"product","2":"type-product","3":"status-publish","4":"has-post-thumbnail","6":"product_cat-hemp-products","8":"first","9":"outofstock","10":"taxable","11":"shipping-taxable","12":"purchasable","13":"product-type-simple"},"aioseo_notices":[],"_links":{"self":[{"href":"https:\/\/healthy-choice.co.uk\/lt\/wp-json\/wp\/v2\/product\/84","targetHints":{"allow":["GET"]}}],"collection":[{"href":"https:\/\/healthy-choice.co.uk\/lt\/wp-json\/wp\/v2\/product"}],"about":[{"href":"https:\/\/healthy-choice.co.uk\/lt\/wp-json\/wp\/v2\/types\/product"}],"wp:featuredmedia":[{"embeddable":true,"href":"https:\/\/healthy-choice.co.uk\/lt\/wp-json\/wp\/v2\/media\/2396"}],"wp:attachment":[{"href":"https:\/\/healthy-choice.co.uk\/lt\/wp-json\/wp\/v2\/media?parent=84"}],"wp:term":[{"taxonomy":"product_brand","embeddable":true,"href":"https:\/\/healthy-choice.co.uk\/lt\/wp-json\/wp\/v2\/product_brand?post=84"},{"taxonomy":"product_cat","embeddable":true,"href":"https:\/\/healthy-choice.co.uk\/lt\/wp-json\/wp\/v2\/product_cat?post=84"},{"taxonomy":"product_tag","embeddable":true,"href":"https:\/\/healthy-choice.co.uk\/lt\/wp-json\/wp\/v2\/product_tag?post=84"},{"taxonomy":"giftcard-category","embeddable":true,"href":"https:\/\/healthy-choice.co.uk\/lt\/wp-json\/wp\/v2\/giftcard-category?post=84"}],"curies":[{"name":"wp","href":"https:\/\/api.w.org\/{rel}","templated":true}]}}