{"id":487,"date":"2022-01-14T17:28:29","date_gmt":"2022-01-14T17:28:29","guid":{"rendered":"https:\/\/demo.creativethemes.com\/blocksy\/floreo\/?post_type=product&#038;p=487"},"modified":"2025-12-28T14:27:27","modified_gmt":"2025-12-28T12:27:27","slug":"melatonin-tryptophan-b6-120-tablets","status":"publish","type":"product","link":"https:\/\/healthy-choice.co.uk\/lt\/produktas\/melatonin-tryptophan-b6-120-tablets\/","title":{"rendered":"Melatoninas + triptofanas + B6 120 table\u010di\u0173"},"content":{"rendered":"<h2>Maisto papildas Melatoninas + triptofanas + B6 120 table\u010di\u0173<\/h2>\n<p>Melatoninas padeda sutrumpinti u\u017emigimo laik\u0105. L-triptofanas yra nepakei\u010diamoji aminor\u016bg\u0161tis, b\u016btina baltym\u0173, dalyvaujan\u010di\u0173 melatonino ir serotonino sintez\u0117je, gamybai. Vitaminas B6 padeda palaikyti normali\u0105 energijos apykait\u0105, normali\u0105 nerv\u0173 sistemos veikl\u0105, normali\u0105 homocisteino apykait\u0105, normali\u0105 baltym\u0173 ir glikogeno apykait\u0105.<\/p>\n<p>120 table\u010di\u0173<br \/>\nGrynasis svoris: 32,4 g<\/p>\n<p><strong>SUD\u0116TIS:<\/strong><br \/>\nU\u017epildas: mikrokristalin\u0117 celiulioz\u0117, kalcio vandenilio fosfatas; L-triptofanas, lipnum\u0105 reguliuojan\u010dios med\u017eiagos: magnio stearatas, silicio dioksidas; piridoksino hidrochloridas, melatoninas.<\/p>","protected":false},"excerpt":{"rendered":"<p>Melatoninas padeda sutrumpinti u\u017emigimo laik\u0105. L-triptofanas yra nepakei\u010diamoji aminor\u016bg\u0161tis, b\u016btina melatonino ir serotonino sintez\u0117je dalyvaujan\u010di\u0173 baltym\u0173 gamybai. Vitaminas B6 padeda palaikyti normali\u0105 energijos apykait\u0105, normali\u0105 nerv\u0173 sistemos veikl\u0105, normali\u0105 homocisteino apykait\u0105 ir normali\u0105 baltym\u0173 bei glikogeno apykait\u0105.<\/p>","protected":false},"featured_media":2392,"template":"","meta":[],"product_brand":[],"product_cat":[30],"product_tag":[],"giftcard-category":[],"class_list":{"0":"post-487","1":"product","2":"type-product","3":"status-publish","4":"has-post-thumbnail","6":"product_cat-food-supplements","8":"first","9":"instock","10":"taxable","11":"shipping-taxable","12":"purchasable","13":"product-type-simple"},"aioseo_notices":[],"_links":{"self":[{"href":"https:\/\/healthy-choice.co.uk\/lt\/wp-json\/wp\/v2\/product\/487","targetHints":{"allow":["GET"]}}],"collection":[{"href":"https:\/\/healthy-choice.co.uk\/lt\/wp-json\/wp\/v2\/product"}],"about":[{"href":"https:\/\/healthy-choice.co.uk\/lt\/wp-json\/wp\/v2\/types\/product"}],"wp:featuredmedia":[{"embeddable":true,"href":"https:\/\/healthy-choice.co.uk\/lt\/wp-json\/wp\/v2\/media\/2392"}],"wp:attachment":[{"href":"https:\/\/healthy-choice.co.uk\/lt\/wp-json\/wp\/v2\/media?parent=487"}],"wp:term":[{"taxonomy":"product_brand","embeddable":true,"href":"https:\/\/healthy-choice.co.uk\/lt\/wp-json\/wp\/v2\/product_brand?post=487"},{"taxonomy":"product_cat","embeddable":true,"href":"https:\/\/healthy-choice.co.uk\/lt\/wp-json\/wp\/v2\/product_cat?post=487"},{"taxonomy":"product_tag","embeddable":true,"href":"https:\/\/healthy-choice.co.uk\/lt\/wp-json\/wp\/v2\/product_tag?post=487"},{"taxonomy":"giftcard-category","embeddable":true,"href":"https:\/\/healthy-choice.co.uk\/lt\/wp-json\/wp\/v2\/giftcard-category?post=487"}],"curies":[{"name":"wp","href":"https:\/\/api.w.org\/{rel}","templated":true}]}}