{"id":485,"date":"2022-01-14T17:27:26","date_gmt":"2022-01-14T17:27:26","guid":{"rendered":"https:\/\/demo.creativethemes.com\/blocksy\/floreo\/?post_type=product&#038;p=485"},"modified":"2025-12-28T14:33:06","modified_gmt":"2025-12-28T12:33:06","slug":"vitamins-d3-4000iu-with-olive-oil-healthy-choice-120-capsules","status":"publish","type":"product","link":"https:\/\/healthy-choice.co.uk\/lt\/produktas\/vitamins-d3-4000iu-with-olive-oil-healthy-choice-120-capsules\/","title":{"rendered":"Vitaminai D3 4000IU su alyvuogi\u0173 aliejumi \"Sveikas pasirinkimas\" 120 kapsuli\u0173"},"content":{"rendered":"","protected":false},"excerpt":{"rendered":"<p>Vitaminas D padeda palaikyti normali\u0105 imunin\u0117s sistemos veikl\u0105, kaul\u0173 ir dant\u0173 b\u016bkl\u0119, raumen\u0173 funkcij\u0105, kalcio ir fosforo \u012fsisavinim\u0105 ir (arba) asimiliacij\u0105 bei kalcio koncentracij\u0105 kraujyje. Vitaminas D atlieka svarb\u0173 vaidmen\u012f l\u0105steli\u0173 dalijimosi procese.<\/p>","protected":false},"featured_media":2393,"template":"","meta":[],"product_brand":[],"product_cat":[30],"product_tag":[],"giftcard-category":[],"class_list":{"0":"post-485","1":"product","2":"type-product","3":"status-publish","4":"has-post-thumbnail","6":"product_cat-food-supplements","8":"first","9":"instock","10":"taxable","11":"shipping-taxable","12":"purchasable","13":"product-type-simple"},"aioseo_notices":[],"_links":{"self":[{"href":"https:\/\/healthy-choice.co.uk\/lt\/wp-json\/wp\/v2\/product\/485","targetHints":{"allow":["GET"]}}],"collection":[{"href":"https:\/\/healthy-choice.co.uk\/lt\/wp-json\/wp\/v2\/product"}],"about":[{"href":"https:\/\/healthy-choice.co.uk\/lt\/wp-json\/wp\/v2\/types\/product"}],"wp:featuredmedia":[{"embeddable":true,"href":"https:\/\/healthy-choice.co.uk\/lt\/wp-json\/wp\/v2\/media\/2393"}],"wp:attachment":[{"href":"https:\/\/healthy-choice.co.uk\/lt\/wp-json\/wp\/v2\/media?parent=485"}],"wp:term":[{"taxonomy":"product_brand","embeddable":true,"href":"https:\/\/healthy-choice.co.uk\/lt\/wp-json\/wp\/v2\/product_brand?post=485"},{"taxonomy":"product_cat","embeddable":true,"href":"https:\/\/healthy-choice.co.uk\/lt\/wp-json\/wp\/v2\/product_cat?post=485"},{"taxonomy":"product_tag","embeddable":true,"href":"https:\/\/healthy-choice.co.uk\/lt\/wp-json\/wp\/v2\/product_tag?post=485"},{"taxonomy":"giftcard-category","embeddable":true,"href":"https:\/\/healthy-choice.co.uk\/lt\/wp-json\/wp\/v2\/giftcard-category?post=485"}],"curies":[{"name":"wp","href":"https:\/\/api.w.org\/{rel}","templated":true}]}}