{"id":483,"date":"2022-01-14T17:22:03","date_gmt":"2022-01-14T17:22:03","guid":{"rendered":"https:\/\/demo.creativethemes.com\/blocksy\/floreo\/?post_type=product&#038;p=483"},"modified":"2025-12-28T14:34:00","modified_gmt":"2025-12-28T12:34:00","slug":"omega-3-fish-oil-healthy-choice-120-capsules","status":"publish","type":"product","link":"https:\/\/healthy-choice.co.uk\/lt\/produktas\/omega-3-fish-oil-healthy-choice-120-capsules\/","title":{"rendered":"Omega-3 \u017euv\u0173 taukai \"Sveikas pasirinkimas\" 120 kapsuli\u0173"},"content":{"rendered":"<p><strong>Omega-3<\/strong><\/p>\n<p><strong>\u017duv\u0173 taukai 1000 mg<\/strong><\/p>\n<p><strong>500 mg EPR ir 250 mg DHA TG<\/strong><\/p>\n<p><strong>(Priedas)<\/strong><\/p>\n<p>Grynasis turinys: 160,8 g \/ 90 mink\u0161t\u0173j\u0173 kapsuli\u0173<\/p>\n<p>Sveikas pasirinkimas Omega-3 \u017euv\u0173 taukai 1000mg 500mg EPR ir 250mg DHA TG. Pakuot\u0117s pakuot\u0117s pakanka 3 m\u0117nesi\u0173 vartojimo kursui.<\/p>\n<p>Omega-3 yra polineso\u010diosios riebal\u0173 r\u016bg\u0161tys, kitaip vadinamos geraisiais riebalais. Tai nepakei\u010diamosios riebal\u0173 r\u016bg\u0161tys, kuri\u0173 organizmas negali pasigaminti pats. Jos b\u016btinos, kad m\u016bs\u0173 organizme gamint\u0173si \u012fvair\u016bs biologi\u0161kai aktyv\u016bs junginiai. Omega-3 galima gauti su maistu, da\u017eniausiai j\u0173 yra \u017euv\u0173 taukuose, ta\u010diau gali b\u016bti sunku j\u0173 gauti pakankamai i\u0161 to, k\u0105 valgome. Polineso\u010diosios riebal\u0173 r\u016bg\u0161tys, tokios kaip eikozapentaeno r\u016bg\u0161tis (EPA) ir dokozaheksaeno r\u016bg\u0161tis (DHA), i\u0161gaunamos i\u0161 \u017euv\u0173, pavyzd\u017eiui, skumbr\u0117s, la\u0161i\u0161os, tuno ir kt. \u0160ios riebal\u0173 r\u016bg\u0161tys padeda palaikyti normali\u0105 \u0161irdies veikl\u0105. Teigiamas poveikis pasirei\u0161kia kasdien suvartojant 250 mg EPR ir DHA.<\/p>\n<p>Omega-3 \u017euv\u0173 taukuose 1000 mg mink\u0161tosiose kapsul\u0117se yra omega-3, kuriose gausu neso\u010di\u0173j\u0173 riebal\u0173 r\u016bg\u0161\u010di\u0173 EPR (eikozapentaeno r\u016bg\u0161ties) ir DHA (dokozaheksaeno r\u016bg\u0161ties).<\/p>\n<p>DHA - dokozaheksaeno r\u016bg\u0161tis<\/p>\n<p>Sud\u0117tyje yra ilgos grandin\u0117s omega-3 riebal\u0173 r\u016bg\u0161ties, svarbios smegen\u0173, aki\u0173 ir bendram vystymuisi, padeda palaikyti normali\u0105 \u0161irdies veikl\u0105. Nepakankamas \u0161ios r\u016bg\u0161ties kiekis gali sukelti reg\u0117jimo sutrikim\u0173.<\/p>\n<p>EPR - eikozapentaeno r\u016bg\u0161tis<\/p>\n<p>Sud\u0117tyje yra ilgos grandin\u0117s omega-3 riebal\u0173 r\u016bg\u0161ties, svarbios bendrai sveikatai, padeda palaikyti normali\u0105 \u0161irdies veikl\u0105.<\/p>","protected":false},"excerpt":{"rendered":"<div class=\"product-short-description\">\n<p>Sveikas pasirinkimas Omega-3 \u017euv\u0173 taukai 1000mg 500mg EPR ir 250mg DHA TG.<\/p>\n<p>Pakuot\u0117s pakuot\u0117s pakanka 3 m\u0117nesi\u0173 naudojimo kursui.<\/p>\n<\/div>\n<p>&nbsp;<\/p>","protected":false},"featured_media":2394,"template":"","meta":[],"product_brand":[],"product_cat":[30],"product_tag":[],"giftcard-category":[],"class_list":{"0":"post-483","1":"product","2":"type-product","3":"status-publish","4":"has-post-thumbnail","6":"product_cat-food-supplements","8":"first","9":"instock","10":"taxable","11":"shipping-taxable","12":"purchasable","13":"product-type-simple"},"aioseo_notices":[],"_links":{"self":[{"href":"https:\/\/healthy-choice.co.uk\/lt\/wp-json\/wp\/v2\/product\/483","targetHints":{"allow":["GET"]}}],"collection":[{"href":"https:\/\/healthy-choice.co.uk\/lt\/wp-json\/wp\/v2\/product"}],"about":[{"href":"https:\/\/healthy-choice.co.uk\/lt\/wp-json\/wp\/v2\/types\/product"}],"wp:featuredmedia":[{"embeddable":true,"href":"https:\/\/healthy-choice.co.uk\/lt\/wp-json\/wp\/v2\/media\/2394"}],"wp:attachment":[{"href":"https:\/\/healthy-choice.co.uk\/lt\/wp-json\/wp\/v2\/media?parent=483"}],"wp:term":[{"taxonomy":"product_brand","embeddable":true,"href":"https:\/\/healthy-choice.co.uk\/lt\/wp-json\/wp\/v2\/product_brand?post=483"},{"taxonomy":"product_cat","embeddable":true,"href":"https:\/\/healthy-choice.co.uk\/lt\/wp-json\/wp\/v2\/product_cat?post=483"},{"taxonomy":"product_tag","embeddable":true,"href":"https:\/\/healthy-choice.co.uk\/lt\/wp-json\/wp\/v2\/product_tag?post=483"},{"taxonomy":"giftcard-category","embeddable":true,"href":"https:\/\/healthy-choice.co.uk\/lt\/wp-json\/wp\/v2\/giftcard-category?post=483"}],"curies":[{"name":"wp","href":"https:\/\/api.w.org\/{rel}","templated":true}]}}