{"id":2180,"date":"2022-01-15T10:45:53","date_gmt":"2022-01-15T08:45:53","guid":{"rendered":"https:\/\/healthy-choice.co.uk\/?post_type=product&#038;p=2180"},"modified":"2025-10-01T00:10:51","modified_gmt":"2025-09-30T21:10:51","slug":"beauty-vitamins-healthy-choice-60-tablets","status":"publish","type":"product","link":"https:\/\/healthy-choice.co.uk\/lt\/produktas\/beauty-vitamins-healthy-choice-60-tablets\/","title":{"rendered":"Gro\u017eio vitaminai \"Sveikas pasirinkimas\" 60 table\u010di\u0173"},"content":{"rendered":"<p>Selenas yra labai svarbus mikroelementas, labiausiai vertinamas d\u0117l antioksidacinio poveikio ir tariamo geb\u0117jimo sul\u0117tinti prie\u0161laikin\u012f sen\u0117jim\u0105. Cinkas, selenas, jodas, vitaminai A, B2 ir B3 kartu su biotinu yra puikus derinys normaliai plauk\u0173, nag\u0173 ir odos b\u016bklei palaikyti. Cholinas ir betainas skatina med\u017eiag\u0173 apykait\u0105, riboja riebal\u0173 kaupim\u0105si kepenyse. Gele\u017eis prisideda prie normalaus deguonies perne\u0161imo organizme. Magnis padeda u\u017etikrinti biochemines reakcijas, didina i\u0161tverm\u0119, padeda \u012fveikti depresij\u0105 ir nuotaik\u0173 svyravimus. Fosforas padeda palaikyti normali\u0105 l\u0105steli\u0173 funkcij\u0105. Vitaminas B6, veikdamas kartu su kitais B grup\u0117s vitaminais, taip pat magniu ir cinku, gerina smegen\u0173 ir nerv\u0173 sistemos veikl\u0105, padeda kontroliuoti alergijas, yra svarbus energijos gamybai l\u0105stel\u0117se ir svarbus organizmo apsaugai nuo infekcij\u0173.<\/p>\n<p>Cinkas, gele\u017eis, selenas, vitaminas A, vitaminas D, vitaminas B6, vitaminas B12 padeda palaikyti normali\u0105 imunin\u0117s sistemos veikl\u0105.<\/p>\n<p>Vitaminas C padeda palaikyti normali\u0105 imunin\u0117s sistemos veikl\u0105 intensyvaus fizinio kr\u016bvio metu ir po jo.<\/p>\n<p>Biotinas, magnis, vitaminai B6 ir B12, vitaminas C padeda palaikyti normali\u0105 psichologin\u0119 funkcij\u0105.<\/p>\n<p>Biotinas ir cinkas padeda palaikyti normali\u0105 maisto makroelement\u0173 apykait\u0105.<\/p>\n<p>Vienas svarbiausi\u0173 m\u016bs\u0173 organizmui yra cinkas, kuris padeda palaikyti normali\u0105 r\u016bg\u0161\u010di\u0173 ir \u0161arm\u0173 apykait\u0105, angliavandeni\u0173 apykait\u0105, riebal\u0173 r\u016bg\u0161\u010di\u0173 apykait\u0105, DNR sintez\u0119, vitamino A apykait\u0105, testosterono koncentracij\u0105 kraujyje, vaisingum\u0105 ir reprodukcij\u0105.<\/p>\n<p>Normali\u0105 energijos apykait\u0105 palaiko biotinas, gele\u017eis, fosforas, kalcis, magnis, manganas, jodas, vitaminas B2, vitaminas B6, vitaminas B12, vitaminas C.<\/p>\n<p>Vitaminas B2 ir vitaminas A padeda palaikyti normali\u0105 gele\u017eies apykait\u0105, o vitaminas C gerina gele\u017eies pasisavinim\u0105.<\/p>\n<p>Biotinas, vitaminas A ir vitaminas B2 padeda palaikyti normali\u0105 gleivini\u0173 b\u016bkl\u0119.<\/p>\n<p>Gele\u017eis, magnis ir pantoteno r\u016bg\u0161tis, vitaminas B2, vitaminas B6, vitaminas B12, vitaminas C padeda suma\u017einti pavargimo jausm\u0105 ir nuovarg\u012f.<\/p>\n<p>l\u0105stel\u0117s: Cinkas, manganas, selenas, vitaminas B2, vitaminas C, vitaminas E. Taip pat cinkas, gele\u017eis, magnis, vitaminas B12, vitaminas D atlieka tam tikr\u0105 funkcij\u0105 l\u0105steli\u0173 dalijimosi procese.<\/p>\n<p>Kalcis, vitaminas A atlieka tam tikr\u0105 funkcij\u0105 l\u0105steli\u0173 dalijimosi ir specializacijos procesuose.<\/p>\n<p>Gele\u017eis, jodas ir cinkas padeda palaikyti normali\u0105 pa\u017einimo funkcij\u0105<\/p>\n<p>Kraujas: Gele\u017eis padeda palaikyti normal\u0173 raudon\u0173j\u0173 kraujo k\u016bneli\u0173 ir hemoglobino susidarym\u0105, deguonies perne\u0161im\u0105 organizme. Riboflavinas (vitaminas B2) padeda palaikyti normali\u0105 raudon\u0173j\u0173 kraujo k\u016bneli\u0173 b\u016bkl\u0119. Vitaminai B6 ir B12 padeda palaikyti normal\u0173 raudon\u0173j\u0173 kraujo k\u016bneli\u0173 susidarym\u0105. Kalcis ir vitaminas K padeda palaikyti normal\u0173 kraujo kre\u0161\u0117jim\u0105.<\/p>\n<p>Raumenys: Kalcis padeda palaikyti normali\u0105 raumen\u0173 funkcij\u0105. Magnis ir vitaminas D padeda palaikyti normali\u0105 raumen\u0173 funkcij\u0105.<\/p>\n<p>Baltymai: Cinkas ir magnis padeda palaikyti normali\u0105 baltym\u0173 sintez\u0119. Vitaminas B6 padeda palaikyti normali\u0105 baltym\u0173 ir glikogeno apykait\u0105<\/p>\n<p>Vizija: Cinkas, vitaminas A, riboflavinas (vitaminas B2) padeda palaikyti normal\u0173 reg\u0117jim\u0105.<\/p>\n<p>Hormonai: Vitaminas B6 padeda reguliuoti hormon\u0173 veikl\u0105. Pantoteno r\u016bg\u0161tis padeda palaikyti normal\u0173 steroidini\u0173 hormon\u0173 aktyvum\u0105. Jodas padeda palaikyti normali\u0105 skydliauk\u0117s hormon\u0173 gamyb\u0105.<\/p>\n<p>Skydliauk\u0117s funkcija: Selenas ir jodas padeda palaikyti normali\u0105 skydliauk\u0117s funkcij\u0105.<\/p>\n<p>Kaulai: Cinkas, fosforas, kalcis, magnis, manganas, vitaminas D reikalingi normaliai kaul\u0173 b\u016bklei palaikyti.<\/p>\n<p>Vitaminas C padeda palaikyti normal\u0173 kolageno, kuris b\u016btinas normaliai kaul\u0173 funkcijai, susidarym\u0105.<\/p>\n<p>Fosforas ir vitaminas D padeda palaikyti normali\u0105 dant\u0173 b\u016bkl\u0119.<\/p>\n<p>Vitaminas C padeda palaikyti normal\u0173 kolageno, kuris b\u016btinas normaliai danten\u0173 funkcijai, susidarym\u0105.<\/p>\n<p>Vitaminas C padeda palaikyti normal\u0173 kolageno, kuris b\u016btinas normaliai dant\u0173 funkcijai, susidarym\u0105.<\/p>\n<p>Vitaminas C padeda palaikyti normal\u0173 kolageno, kuris b\u016btinas normaliai kraujagysli\u0173 funkcijai, susidarym\u0105.<\/p>\n<p>Vitaminas C padeda palaikyti normal\u0173 kolageno, kuris b\u016btinas normaliai kremzli\u0173 funkcijai, susidarym\u0105.<\/p>\n<p>Nagai: Cinkas ir selenas padeda palaikyti normali\u0105 nag\u0173 b\u016bkl\u0119.<\/p>\n<p>Plaukai: biotinas, cinkas ir selenas padeda palaikyti normali\u0105 plauk\u0173 b\u016bkl\u0119.<\/p>\n<p>Oda: Biotinas, cinkas, jodas, vitaminas A ir riboflavinas (vitaminas B2) padeda palaikyti ger\u0105 odos b\u016bkl\u0119. Vitaminas C padeda palaikyti normali\u0105 kolageno, kuris b\u016btinas normaliai odos funkcijai, gamyb\u0105.<\/p>\n<p>Nerv\u0173 sistema: Jodas, biotinas, magnis, vitaminas B2, vitaminas B6, vitaminas B12, vitaminas C padeda u\u017etikrinti normali\u0105 nerv\u0173 sistemos veikl\u0105. Kalcis padeda palaikyti normal\u0173 nervini\u0173 impuls\u0173 perdavim\u0105 ir vir\u0161kinimo ferment\u0173 veikim\u0105.<\/p>\n<p>Cholinas padeda palaikyti normali\u0105 kepen\u0173 funkcij\u0105.<\/p>\n<p>Cholinas padeda palaikyti normali\u0105 lipid\u0173 apykait\u0105.<\/p>\n<p>Fosforas padeda palaikyti normali\u0105 l\u0105steli\u0173 membran\u0173 funkcij\u0105.<\/p>\n<p>Magnis padeda palaikyti elektrolit\u0173 pusiausvyr\u0105.<\/p>\n<p>Manganas padeda palaikyti normal\u0173 jungiamojo audinio formavim\u0105si.<\/p>\n<p>Selenas padeda palaikyti normali\u0105 spermatogenez\u0119.<\/p>\n<p>Vitaminas C padeda atkurti suma\u017e\u0117jus\u012f vitamino E kiek\u012f<\/p>\n<p>Vitaminas D padeda palaikyti normali\u0105 kalcio ir fosforo absorbcij\u0105 ir (arba) \u012fsisavinim\u0105.<\/p>\n<p>Vitaminas D padeda palaikyti normal\u0173 kalcio kiek\u012f kraujyje.<\/p>\n<p>Cholinas, vitaminas B6 ir B12 padeda palaikyti normali\u0105 homocisteino apykait\u0105.<\/p>\n<p>Vitaminas B6 padeda palaikyti normali\u0105 cisteino sintez\u0119.<\/p>\n<pre id=\"tw-target-text\" class=\"tw-data-text tw-text-large tw-ta\" dir=\"ltr\" data-placeholder=\"Vertimas\"><\/pre>","protected":false},"excerpt":{"rendered":"<p>\"Healthy Choice\" Gro\u017eio vitamin\u0173 kompleksas sukurtas pagal speciali\u0105 formul\u0119 odai, plaukams ir nagams.<\/p>\n<p>Grynasis turinys: 97,82 g \/ 60 table\u010di\u0173.<\/p>","protected":false},"featured_media":2391,"template":"","meta":[],"product_brand":[],"product_cat":[30,28],"product_tag":[],"giftcard-category":[],"class_list":{"0":"post-2180","1":"product","2":"type-product","3":"status-publish","4":"has-post-thumbnail","6":"product_cat-food-supplements","7":"product_cat-top","9":"first","10":"instock","11":"taxable","12":"shipping-taxable","13":"purchasable","14":"product-type-simple"},"aioseo_notices":[],"_links":{"self":[{"href":"https:\/\/healthy-choice.co.uk\/lt\/wp-json\/wp\/v2\/product\/2180","targetHints":{"allow":["GET"]}}],"collection":[{"href":"https:\/\/healthy-choice.co.uk\/lt\/wp-json\/wp\/v2\/product"}],"about":[{"href":"https:\/\/healthy-choice.co.uk\/lt\/wp-json\/wp\/v2\/types\/product"}],"wp:featuredmedia":[{"embeddable":true,"href":"https:\/\/healthy-choice.co.uk\/lt\/wp-json\/wp\/v2\/media\/2391"}],"wp:attachment":[{"href":"https:\/\/healthy-choice.co.uk\/lt\/wp-json\/wp\/v2\/media?parent=2180"}],"wp:term":[{"taxonomy":"product_brand","embeddable":true,"href":"https:\/\/healthy-choice.co.uk\/lt\/wp-json\/wp\/v2\/product_brand?post=2180"},{"taxonomy":"product_cat","embeddable":true,"href":"https:\/\/healthy-choice.co.uk\/lt\/wp-json\/wp\/v2\/product_cat?post=2180"},{"taxonomy":"product_tag","embeddable":true,"href":"https:\/\/healthy-choice.co.uk\/lt\/wp-json\/wp\/v2\/product_tag?post=2180"},{"taxonomy":"giftcard-category","embeddable":true,"href":"https:\/\/healthy-choice.co.uk\/lt\/wp-json\/wp\/v2\/giftcard-category?post=2180"}],"curies":[{"name":"wp","href":"https:\/\/api.w.org\/{rel}","templated":true}]}}