{"id":1843,"date":"2016-02-26T09:15:04","date_gmt":"2016-02-26T07:15:04","guid":{"rendered":"https:\/\/healthy-choice.co.uk\/?post_type=product&#038;p=1843"},"modified":"2025-12-28T14:38:43","modified_gmt":"2025-12-28T12:38:43","slug":"healthy-choice-shaker-cup-600ml","status":"publish","type":"product","link":"https:\/\/healthy-choice.co.uk\/lt\/produktas\/healthy-choice-shaker-cup-600ml\/","title":{"rendered":"\"Healthy Choice\" kokteilin\u0117, 600 ml"},"content":{"rendered":"<p><strong>\"Healthy Choice\" kokteilin\u0117, 600 ml<\/strong><\/p>\n<div>\"Healthy Choice\" kokteilin\u0117 \/ puodelis tinka sportuojantiems ir aktyviems \u017emon\u0117ms.<\/div>\n<div><\/div>\n<div><strong>Funkcijos:<\/strong><\/div>\n<div><\/div>\n<div>Pagamintas i\u0161 maistui saugaus plastiko<\/div>\n<div>Talpos matavimo vienetai<\/div>\n<div>100% patvari spauda<\/div>\n<div>100% sandarus<\/div>\n<div><\/div>\n<div>Pagaminta i\u0161 sertifikuotos med\u017eiagos. Ai\u0161kiai matomi matavimo vienetai.<\/div>","protected":false},"excerpt":{"rendered":"<p>Pagaminta i\u0161 sertifikuotos med\u017eiagos. Ai\u0161kiai matomi matavimo vienetai.<\/p>\n<p>\"Healthy Choice\" kokteilin\u0117, 600 ml<\/p>","protected":false},"featured_media":2026,"template":"","meta":[],"product_brand":[],"product_cat":[39],"product_tag":[],"giftcard-category":[],"class_list":{"0":"post-1843","1":"product","2":"type-product","3":"status-publish","4":"has-post-thumbnail","6":"product_cat-shakers-cups","8":"first","9":"instock","10":"taxable","11":"shipping-taxable","12":"purchasable","13":"product-type-simple"},"aioseo_notices":[],"_links":{"self":[{"href":"https:\/\/healthy-choice.co.uk\/lt\/wp-json\/wp\/v2\/product\/1843","targetHints":{"allow":["GET"]}}],"collection":[{"href":"https:\/\/healthy-choice.co.uk\/lt\/wp-json\/wp\/v2\/product"}],"about":[{"href":"https:\/\/healthy-choice.co.uk\/lt\/wp-json\/wp\/v2\/types\/product"}],"wp:featuredmedia":[{"embeddable":true,"href":"https:\/\/healthy-choice.co.uk\/lt\/wp-json\/wp\/v2\/media\/2026"}],"wp:attachment":[{"href":"https:\/\/healthy-choice.co.uk\/lt\/wp-json\/wp\/v2\/media?parent=1843"}],"wp:term":[{"taxonomy":"product_brand","embeddable":true,"href":"https:\/\/healthy-choice.co.uk\/lt\/wp-json\/wp\/v2\/product_brand?post=1843"},{"taxonomy":"product_cat","embeddable":true,"href":"https:\/\/healthy-choice.co.uk\/lt\/wp-json\/wp\/v2\/product_cat?post=1843"},{"taxonomy":"product_tag","embeddable":true,"href":"https:\/\/healthy-choice.co.uk\/lt\/wp-json\/wp\/v2\/product_tag?post=1843"},{"taxonomy":"giftcard-category","embeddable":true,"href":"https:\/\/healthy-choice.co.uk\/lt\/wp-json\/wp\/v2\/giftcard-category?post=1843"}],"curies":[{"name":"wp","href":"https:\/\/api.w.org\/{rel}","templated":true}]}}