{"id":1626,"date":"2023-07-07T05:55:33","date_gmt":"2023-07-07T05:55:33","guid":{"rendered":"https:\/\/healthy-choice.co.uk\/?post_type=product&#038;p=1626"},"modified":"2025-12-28T14:25:59","modified_gmt":"2025-12-28T12:25:59","slug":"set-peanut-spread-healthy-choice-1000g-almond-spread-healthy-choice-with-pieces-250g","status":"publish","type":"product","link":"https:\/\/healthy-choice.co.uk\/lt\/produktas\/set-peanut-spread-healthy-choice-1000g-almond-spread-healthy-choice-with-pieces-250g\/","title":{"rendered":"Set: peanut spread \u201cHealthy Choice\u201d 1000g + almond spread \u201cHealthy Choice\u201d with pieces 250 g"},"content":{"rendered":"","protected":false},"excerpt":{"rendered":"<p>\"Healthy Choice\" \u017eem\u0117s rie\u0161ut\u0173 u\u017etep\u0117l\u0117 yra dviej\u0173 skoni\u0173 - kremin\u0117 ir su gabal\u0117liais, su auk\u0161tos kokyb\u0117s augalin\u0117s kilm\u0117s baltymais, neso\u010diaisiais riebalais, skaidulin\u0117mis med\u017eiagomis ir angliavandeniais. Sudarytas taip, kad i\u0161laikyt\u0173 auk\u0161t\u0105 biologin\u0119 vert\u0119 (BV). Tai kokybi\u0161kas produktas, kur\u012f galima vartoti kelis kartus per dien\u0105.<\/p>\n<p>Migdol\u0173 u\u017etep\u0117l\u0117 \"Sveikas pasirinkimas\" su gabal\u0117liais 250 g I\u0161skirtin\u0117s konsistencijos migdol\u0173 u\u017etep\u0117l\u0117 su gabal\u0117liais, pagaminta i\u0161 auk\u0161\u010diausios kokyb\u0117s nat\u016brali\u0173 migdol\u0173, nenaudojant joki\u0173 sintetini\u0173 pried\u0173, skonio stiprikli\u0173, riebal\u0173 ir da\u017eikli\u0173.<\/p>","protected":false},"featured_media":1627,"template":"","meta":[],"product_brand":[],"product_cat":[40,27,25],"product_tag":[],"giftcard-category":[],"class_list":{"0":"post-1626","1":"product","2":"type-product","3":"status-publish","4":"has-post-thumbnail","6":"product_cat-nut-products","7":"product_cat-sets","8":"product_cat-special-offers","10":"first","11":"instock","12":"sale","13":"taxable","14":"shipping-taxable","15":"purchasable","16":"product-type-simple"},"aioseo_notices":[],"_links":{"self":[{"href":"https:\/\/healthy-choice.co.uk\/lt\/wp-json\/wp\/v2\/product\/1626","targetHints":{"allow":["GET"]}}],"collection":[{"href":"https:\/\/healthy-choice.co.uk\/lt\/wp-json\/wp\/v2\/product"}],"about":[{"href":"https:\/\/healthy-choice.co.uk\/lt\/wp-json\/wp\/v2\/types\/product"}],"wp:featuredmedia":[{"embeddable":true,"href":"https:\/\/healthy-choice.co.uk\/lt\/wp-json\/wp\/v2\/media\/1627"}],"wp:attachment":[{"href":"https:\/\/healthy-choice.co.uk\/lt\/wp-json\/wp\/v2\/media?parent=1626"}],"wp:term":[{"taxonomy":"product_brand","embeddable":true,"href":"https:\/\/healthy-choice.co.uk\/lt\/wp-json\/wp\/v2\/product_brand?post=1626"},{"taxonomy":"product_cat","embeddable":true,"href":"https:\/\/healthy-choice.co.uk\/lt\/wp-json\/wp\/v2\/product_cat?post=1626"},{"taxonomy":"product_tag","embeddable":true,"href":"https:\/\/healthy-choice.co.uk\/lt\/wp-json\/wp\/v2\/product_tag?post=1626"},{"taxonomy":"giftcard-category","embeddable":true,"href":"https:\/\/healthy-choice.co.uk\/lt\/wp-json\/wp\/v2\/giftcard-category?post=1626"}],"curies":[{"name":"wp","href":"https:\/\/api.w.org\/{rel}","templated":true}]}}