{"id":1622,"date":"2023-07-07T05:46:46","date_gmt":"2023-07-07T05:46:46","guid":{"rendered":"https:\/\/healthy-choice.co.uk\/?post_type=product&#038;p=1622"},"modified":"2025-10-01T00:09:53","modified_gmt":"2025-09-30T21:09:53","slug":"set-healthy-choice-peanut-spread-with-250g-pieces-healthy-choice-almond-spread-with-250g-pieces","status":"publish","type":"product","link":"https:\/\/healthy-choice.co.uk\/lt\/produktas\/set-healthy-choice-peanut-spread-with-250g-pieces-healthy-choice-almond-spread-with-250g-pieces\/","title":{"rendered":"Rinkinys: \"Healthy Choice\" \u017eem\u0117s rie\u0161ut\u0173 u\u017etep\u0117l\u0117 su 250 g gabal\u0117li\u0173 + \"Healthy Choice\" migdol\u0173 u\u017etep\u0117l\u0117 su 250 g gabal\u0117li\u0173"},"content":{"rendered":"<p><strong>HEALTHY CHOICE \u017eem\u0117s rie\u0161ut\u0173 u\u017etep\u0117l\u0117<\/strong> yra geriausios kokyb\u0117s augalinis baltymas. Tai auk\u0161tos kokyb\u0117s, puikaus skonio produktas, pagamintas i\u0161 nat\u016brali\u0173 \u017ealiav\u0173, nenaudojant joki\u0173 dirbtini\u0173 prieskoni\u0173, skonio stiprikli\u0173, riebal\u0173, sintetini\u0173 pried\u0173 ir da\u017eikli\u0173.<\/p>\n<p>Pagaminta i\u0161 auk\u0161\u010diausios kokyb\u0117s \u017eem\u0117s rie\u0161ut\u0173, kuriuose gausu VITAMIN\u0172 ir MINERAL\u0172, toki\u0173 kaip natris, kalcis, magnis, kalis. I\u0161gaunami skrudinant \u017eem\u0117s rie\u0161utus kartu su kevalais, v\u0117liau rie\u0161utai susmulkinami, kad \u012fgaut\u0173 nuostab\u0173 tra\u0161kumo skon\u012f, taip i\u0161saugant nepakitusi\u0105 baltym\u0173 ir riebal\u0173 strukt\u016br\u0105.<\/p>\n<p>Skaidulos u\u017etikrina skland\u017ei\u0105 \u017earnyno veikl\u0105 ir suteikia sotumo jausm\u0105, kuris suma\u017eina potrauk\u012f be b\u016btin\u0173 u\u017ekand\u017ei\u0173 ir saldumyn\u0173.<\/p>\n<div class=\"col medium-6 small-12 large-6\">\n<div class=\"col-inner\"><\/div>\n<\/div>\n<p><strong>HEALTHY CHOICE migdol\u0173 u\u017etep\u0117l\u0117<\/strong> yra geriausios kokyb\u0117s augalinis baltymas. Tai auk\u0161tos kokyb\u0117s, puikaus skonio produktas, pagamintas i\u0161 nat\u016brali\u0173 \u017ealiav\u0173, nenaudojant joki\u0173 dirbtini\u0173 prieskoni\u0173, skonio stiprikli\u0173, riebal\u0173, sintetini\u0173 pried\u0173 ir da\u017eikli\u0173.<\/p>\n<p>Pagaminta i\u0161 auk\u0161\u010diausios kokyb\u0117s migdol\u0173, kuriuose gausu VITAMIN\u0172 ir MINERAL\u0172, toki\u0173 kaip natris, kalcis, magnis, kalis. Migdolai i\u0161gaunami kepinant, v\u0117liau rie\u0161utai susmulkinami, kad \u012fgaut\u0173 nuostab\u0173 tra\u0161kumo skon\u012f, taip i\u0161saugant nepakitusi\u0105 baltym\u0173 ir riebal\u0173 strukt\u016br\u0105.<\/p>\n<p>Skaidulos u\u017etikrina skland\u017ei\u0105 \u017earnyno veikl\u0105 ir suteikia sotumo jausm\u0105, kuris suma\u017eina potrauk\u012f be b\u016btin\u0173 u\u017ekand\u017ei\u0173 ir saldumyn\u0173.<\/p>","protected":false},"excerpt":{"rendered":"<p>topSet: \"Healthy Choice\" \u017eem\u0117s rie\u0161ut\u0173 u\u017etep\u0117l\u0117 su 250 g gabal\u0117li\u0173 + \"Healthy Choice\" migdol\u0173 u\u017etep\u0117l\u0117 su 250 g gabal\u0117li\u0173<\/p>","protected":false},"featured_media":1623,"template":"","meta":[],"product_brand":[],"product_cat":[40,27,25],"product_tag":[],"giftcard-category":[],"class_list":{"0":"post-1622","1":"product","2":"type-product","3":"status-publish","4":"has-post-thumbnail","6":"product_cat-nut-products","7":"product_cat-sets","8":"product_cat-special-offers","10":"first","11":"instock","12":"sale","13":"taxable","14":"shipping-taxable","15":"purchasable","16":"product-type-simple"},"aioseo_notices":[],"_links":{"self":[{"href":"https:\/\/healthy-choice.co.uk\/lt\/wp-json\/wp\/v2\/product\/1622","targetHints":{"allow":["GET"]}}],"collection":[{"href":"https:\/\/healthy-choice.co.uk\/lt\/wp-json\/wp\/v2\/product"}],"about":[{"href":"https:\/\/healthy-choice.co.uk\/lt\/wp-json\/wp\/v2\/types\/product"}],"wp:featuredmedia":[{"embeddable":true,"href":"https:\/\/healthy-choice.co.uk\/lt\/wp-json\/wp\/v2\/media\/1623"}],"wp:attachment":[{"href":"https:\/\/healthy-choice.co.uk\/lt\/wp-json\/wp\/v2\/media?parent=1622"}],"wp:term":[{"taxonomy":"product_brand","embeddable":true,"href":"https:\/\/healthy-choice.co.uk\/lt\/wp-json\/wp\/v2\/product_brand?post=1622"},{"taxonomy":"product_cat","embeddable":true,"href":"https:\/\/healthy-choice.co.uk\/lt\/wp-json\/wp\/v2\/product_cat?post=1622"},{"taxonomy":"product_tag","embeddable":true,"href":"https:\/\/healthy-choice.co.uk\/lt\/wp-json\/wp\/v2\/product_tag?post=1622"},{"taxonomy":"giftcard-category","embeddable":true,"href":"https:\/\/healthy-choice.co.uk\/lt\/wp-json\/wp\/v2\/giftcard-category?post=1622"}],"curies":[{"name":"wp","href":"https:\/\/api.w.org\/{rel}","templated":true}]}}