{"id":1616,"date":"2023-07-07T05:42:52","date_gmt":"2023-07-07T05:42:52","guid":{"rendered":"https:\/\/healthy-choice.co.uk\/?post_type=product&#038;p=1616"},"modified":"2025-10-01T00:10:32","modified_gmt":"2025-09-30T21:10:32","slug":"set-l-carnitine-orange-flavor-100-pure-collagen-strawberry-flavor","status":"publish","type":"product","link":"https:\/\/healthy-choice.co.uk\/lt\/produktas\/set-l-carnitine-orange-flavor-100-pure-collagen-strawberry-flavor\/","title":{"rendered":"Rinkinys: L-karnitinas apelsin\u0173 skonio + 100% grynas kolagenas bra\u0161ki\u0173 skonio"},"content":{"rendered":"<p><strong>100% GRYNAS KOLAGENAS BRA\u0160KI\u0172 SKONIO<\/strong><\/p>\n<p>Grynasis kiekis 500 ml<\/p>\n<p>Kolagenas yra nat\u016bralus \u017emogaus organizmo baltymas, kuris palaiko odos, kaul\u0173 ir raumen\u0173 strukt\u016br\u0105, ta\u010diau senstant organizmo geb\u0117jimas pa\u010diam sintetinti kolagen\u0105 ma\u017e\u0117ja. D\u0117l \u0161ios prie\u017easties kuriami kolageno papildai, kurie padeda palaikyti normali\u0105 odos, plauk\u0173 ir nag\u0173 b\u016bkl\u0119, ma\u017eina kaul\u0173 nykim\u0105 ir teigiamai veikia \u0161irdies ir kraujagysli\u0173 sistem\u0105.<\/p>\n<p>100 proc. grynas bra\u0161ki\u0173 skonio kolagenas yra geriausios kokyb\u0117s, sukurtas i\u0161saugant visas svarbiausias med\u017eiagas, gerinan\u010dias plauk\u0173, odos, nag\u0173, jungiamojo audinio, s\u0105nari\u0173 b\u016bkl\u0119. Tai puikus bra\u0161ki\u0173 skonio, nebrangus, kokybi\u0161kas produktas, tinkamas vartoti kart\u0105 per dien\u0105.<\/p>\n<p>100 proc. gryno bra\u0161ki\u0173 skonio kolageno sud\u0117tyje yra biotino, cinko, vitamin\u0173 E ir C. Biotinas labai svarbus angliavandeni\u0173, baltym\u0173 ir riebal\u0173 apykaitai. Biotinas padeda palaikyti normali\u0105 energijos apykait\u0105, nerv\u0173 sistemos veikl\u0105, psichologines funkcijas ir odos b\u016bkl\u0119. Cinkas b\u016btinas baltym\u0173 gamybai, svarbus imunini\u0173 l\u0105steli\u0173 vystymuisi ir funkcionavimui. Cinkas, kaip ir vitaminai E ir C, padeda palaikyti stipri\u0105 imunin\u0119 sistem\u0105.<\/p>\n<p>&nbsp;<\/p>\n<p><strong>L-KARNITINAS APELSIN\u0172 SKONIO<\/strong><\/p>\n<p>Grynasis kiekis 1000 ml<\/p>\n<p>L-karnitinas yra vitamin\u0173 ir aminor\u016bg\u0161\u010di\u0173 junginys, pana\u0161us \u012f B grup\u0117s vitaminus. \u0160i med\u017eiaga veikia kaip riebal\u0173 r\u016bg\u0161\u010di\u0173 perne\u0161\u0117jas \u012f mitochondrij\u0105. L-karnitinas veikia kaip pagalbininkas, padedantis grei\u010diau deginti riebalus ir nat\u016braliai numesti svorio. Be to, naujausi tyrimai \u012frodo, kad L-karnitinas padeda ma\u017einti nuovarg\u012f, k\u016bno svor\u012f ir didinti raumen\u0173 mas\u0119, stabilizuoja cukraus kiek\u012f kraujyje ir kartu ma\u017eina angliavandeni\u0173 poreik\u012f. Karnitinas padeda mobilizuoti riebal\u0173 atsargas, ypa\u010d turintiems antsvorio.<\/p>\n<p>L-karnitinas yra ypa\u010d skanaus apelsin\u0173 skonio, be sintetini\u0173 da\u017eikli\u0173 ir skonio stiprikli\u0173, pagamintas i\u0161saugant visas svarbiausias med\u017eiagas, kurios teigiamai veikia \u017emogaus organizm\u0105. Labai svarbu, kad \u0161is L-karnitinas yra skysto pavidalo, tod\u0117l organizmas j\u012f pasisavins daug grei\u010diau ir lengviau. \u0160iame papilde yra ypa\u010d daug karnitino, vienoje porcijoje (25 ml) yra net 1667 mg, o 100 ml - 6668 mg.<\/p>","protected":false},"excerpt":{"rendered":"<div class=\"product-short-description\">\n<p>Rinkinys: L-karnitinas apelsin\u0173 skonio + 100% grynas kolagenas bra\u0161ki\u0173 skonio<\/p>\n<\/div>","protected":false},"featured_media":1617,"template":"","meta":[],"product_brand":[],"product_cat":[41,27,25],"product_tag":[43],"giftcard-category":[],"class_list":{"0":"post-1616","1":"product","2":"type-product","3":"status-publish","4":"has-post-thumbnail","6":"product_cat-l-carnitine","7":"product_cat-sets","8":"product_cat-special-offers","9":"product_tag-l-carnitine-or-collagen-gift","11":"first","12":"instock","13":"sale","14":"taxable","15":"shipping-taxable","16":"purchasable","17":"product-type-simple"},"aioseo_notices":[],"_links":{"self":[{"href":"https:\/\/healthy-choice.co.uk\/lt\/wp-json\/wp\/v2\/product\/1616","targetHints":{"allow":["GET"]}}],"collection":[{"href":"https:\/\/healthy-choice.co.uk\/lt\/wp-json\/wp\/v2\/product"}],"about":[{"href":"https:\/\/healthy-choice.co.uk\/lt\/wp-json\/wp\/v2\/types\/product"}],"wp:featuredmedia":[{"embeddable":true,"href":"https:\/\/healthy-choice.co.uk\/lt\/wp-json\/wp\/v2\/media\/1617"}],"wp:attachment":[{"href":"https:\/\/healthy-choice.co.uk\/lt\/wp-json\/wp\/v2\/media?parent=1616"}],"wp:term":[{"taxonomy":"product_brand","embeddable":true,"href":"https:\/\/healthy-choice.co.uk\/lt\/wp-json\/wp\/v2\/product_brand?post=1616"},{"taxonomy":"product_cat","embeddable":true,"href":"https:\/\/healthy-choice.co.uk\/lt\/wp-json\/wp\/v2\/product_cat?post=1616"},{"taxonomy":"product_tag","embeddable":true,"href":"https:\/\/healthy-choice.co.uk\/lt\/wp-json\/wp\/v2\/product_tag?post=1616"},{"taxonomy":"giftcard-category","embeddable":true,"href":"https:\/\/healthy-choice.co.uk\/lt\/wp-json\/wp\/v2\/giftcard-category?post=1616"}],"curies":[{"name":"wp","href":"https:\/\/api.w.org\/{rel}","templated":true}]}}