{"id":1614,"date":"2023-07-07T05:34:27","date_gmt":"2023-07-07T05:34:27","guid":{"rendered":"https:\/\/healthy-choice.co.uk\/?post_type=product&#038;p=1614"},"modified":"2025-06-02T14:07:59","modified_gmt":"2025-06-02T11:07:59","slug":"set-collagen-strawberry-flavor-100-pure-healthy-choice-500ml-3-pcs","status":"publish","type":"product","link":"https:\/\/healthy-choice.co.uk\/lt\/produktas\/set-collagen-strawberry-flavor-100-pure-healthy-choice-500ml-3-pcs\/","title":{"rendered":"Rinkinys: 100% grynas HEALTHY CHOICE, 500 ml (3 vnt.)"},"content":{"rendered":"<p><strong>100% GRYNAS KOLAGENAS BRA\u0160KI\u0172 SKONIO<\/strong><\/p>\n<p>Grynasis kiekis 500 ml<\/p>\n<p>Kolagenas yra nat\u016bralus \u017emogaus organizmo baltymas, kuris palaiko odos, kaul\u0173 ir raumen\u0173 strukt\u016br\u0105, ta\u010diau senstant organizmo geb\u0117jimas pa\u010diam sintetinti kolagen\u0105 ma\u017e\u0117ja. D\u0117l \u0161ios prie\u017easties kuriami kolageno papildai, kurie padeda palaikyti normali\u0105 odos, plauk\u0173 ir nag\u0173 b\u016bkl\u0119, ma\u017eina kaul\u0173 nykim\u0105 ir teigiamai veikia \u0161irdies ir kraujagysli\u0173 sistem\u0105.<\/p>\n<p>100 proc. grynas bra\u0161ki\u0173 skonio kolagenas yra geriausios kokyb\u0117s, sukurtas i\u0161saugant visas svarbiausias med\u017eiagas, gerinan\u010dias plauk\u0173, odos, nag\u0173, jungiamojo audinio, s\u0105nari\u0173 b\u016bkl\u0119. Tai puikus bra\u0161ki\u0173 skonio, nebrangus, kokybi\u0161kas produktas, tinkamas vartoti kart\u0105 per dien\u0105.<\/p>\n<p>100 proc. gryno bra\u0161ki\u0173 skonio kolageno sud\u0117tyje yra biotino, cinko, vitamin\u0173 E ir C. Biotinas labai svarbus angliavandeni\u0173, baltym\u0173 ir riebal\u0173 apykaitai. Biotinas padeda palaikyti normali\u0105 energijos apykait\u0105, nerv\u0173 sistemos veikl\u0105, psichologines funkcijas ir odos b\u016bkl\u0119. Cinkas b\u016btinas baltym\u0173 gamybai, svarbus imunini\u0173 l\u0105steli\u0173 vystymuisi ir funkcionavimui. Cinkas, kaip ir vitaminai E ir C, padeda palaikyti stipri\u0105 imunin\u0119 sistem\u0105.<\/p>","protected":false},"excerpt":{"rendered":"<p>Kolagenas yra nat\u016bralus \u017emogaus organizmo baltymas, kuris palaiko odos, kaul\u0173 ir raumen\u0173 strukt\u016br\u0105, ta\u010diau senstant organizmo geb\u0117jimas pa\u010diam sintetinti kolagen\u0105 ma\u017e\u0117ja.<\/p>","protected":false},"featured_media":1615,"template":"","meta":[],"product_brand":[],"product_cat":[27,25],"product_tag":[43],"giftcard-category":[],"class_list":{"0":"post-1614","1":"product","2":"type-product","3":"status-publish","4":"has-post-thumbnail","6":"product_cat-sets","7":"product_cat-special-offers","8":"product_tag-l-carnitine-or-collagen-gift","10":"first","11":"instock","12":"sale","13":"taxable","14":"shipping-taxable","15":"purchasable","16":"product-type-simple"},"aioseo_notices":[],"_links":{"self":[{"href":"https:\/\/healthy-choice.co.uk\/lt\/wp-json\/wp\/v2\/product\/1614","targetHints":{"allow":["GET"]}}],"collection":[{"href":"https:\/\/healthy-choice.co.uk\/lt\/wp-json\/wp\/v2\/product"}],"about":[{"href":"https:\/\/healthy-choice.co.uk\/lt\/wp-json\/wp\/v2\/types\/product"}],"wp:featuredmedia":[{"embeddable":true,"href":"https:\/\/healthy-choice.co.uk\/lt\/wp-json\/wp\/v2\/media\/1615"}],"wp:attachment":[{"href":"https:\/\/healthy-choice.co.uk\/lt\/wp-json\/wp\/v2\/media?parent=1614"}],"wp:term":[{"taxonomy":"product_brand","embeddable":true,"href":"https:\/\/healthy-choice.co.uk\/lt\/wp-json\/wp\/v2\/product_brand?post=1614"},{"taxonomy":"product_cat","embeddable":true,"href":"https:\/\/healthy-choice.co.uk\/lt\/wp-json\/wp\/v2\/product_cat?post=1614"},{"taxonomy":"product_tag","embeddable":true,"href":"https:\/\/healthy-choice.co.uk\/lt\/wp-json\/wp\/v2\/product_tag?post=1614"},{"taxonomy":"giftcard-category","embeddable":true,"href":"https:\/\/healthy-choice.co.uk\/lt\/wp-json\/wp\/v2\/giftcard-category?post=1614"}],"curies":[{"name":"wp","href":"https:\/\/api.w.org\/{rel}","templated":true}]}}