{"id":1612,"date":"2023-07-07T05:31:37","date_gmt":"2023-07-07T05:31:37","guid":{"rendered":"https:\/\/healthy-choice.co.uk\/?post_type=product&#038;p=1612"},"modified":"2025-06-02T14:06:17","modified_gmt":"2025-06-02T11:06:17","slug":"set-l-carnitine-orange-flavor-healthy-choice-1000ml-3-pcs","status":"publish","type":"product","link":"https:\/\/healthy-choice.co.uk\/lt\/produktas\/set-l-carnitine-orange-flavor-healthy-choice-1000ml-3-pcs\/","title":{"rendered":"Rinkinys: L-karnitino apelsin\u0173 skonio HEALTHY CHOICE, 1000 ml (3 vnt.)"},"content":{"rendered":"<p><strong>L-KARNITINAS APELSIN\u0172 SKONIO<\/strong><\/p>\n<p>Grynasis kiekis 1000 ml<\/p>\n<p>L-karnitinas yra vitamin\u0173 ir aminor\u016bg\u0161\u010di\u0173 junginys, pana\u0161us \u012f B grup\u0117s vitaminus. \u0160i med\u017eiaga veikia kaip riebal\u0173 r\u016bg\u0161\u010di\u0173 perne\u0161\u0117jas \u012f mitochondrij\u0105. L-karnitinas veikia kaip pagalbininkas, padedantis grei\u010diau deginti riebalus ir nat\u016braliai numesti svorio. Be to, naujausi tyrimai \u012frodo, kad L-karnitinas padeda ma\u017einti nuovarg\u012f, k\u016bno svor\u012f ir didinti raumen\u0173 mas\u0119, stabilizuoja cukraus kiek\u012f kraujyje ir kartu ma\u017eina angliavandeni\u0173 poreik\u012f. Karnitinas padeda mobilizuoti riebal\u0173 atsargas, ypa\u010d turintiems antsvorio.<\/p>\n<p>L-karnitinas yra ypa\u010d skanaus apelsin\u0173 skonio, be sintetini\u0173 da\u017eikli\u0173 ir skonio stiprikli\u0173, pagamintas i\u0161saugant visas svarbiausias med\u017eiagas, kurios teigiamai veikia \u017emogaus organizm\u0105. Labai svarbu, kad \u0161is L-karnitinas yra skysto pavidalo, tod\u0117l organizmas j\u012f pasisavins daug grei\u010diau ir lengviau. \u0160iame papilde yra ypa\u010d daug karnitino, vienoje porcijoje (25 ml) yra net 1667 mg, o 100 ml - 6668 mg.<\/p>","protected":false},"excerpt":{"rendered":"<p>L-karnitinas yra vitamin\u0173 ir aminor\u016bg\u0161\u010di\u0173 junginys, pana\u0161us \u012f B grup\u0117s vitaminus. \u0160i med\u017eiaga veikia kaip riebal\u0173 r\u016bg\u0161\u010di\u0173 perne\u0161\u0117jas \u012f mitochondrij\u0105.<\/p>","protected":false},"featured_media":1613,"template":"","meta":[],"product_brand":[],"product_cat":[41,27,25],"product_tag":[43],"giftcard-category":[],"class_list":{"0":"post-1612","1":"product","2":"type-product","3":"status-publish","4":"has-post-thumbnail","6":"product_cat-l-carnitine","7":"product_cat-sets","8":"product_cat-special-offers","9":"product_tag-l-carnitine-or-collagen-gift","11":"first","12":"instock","13":"sale","14":"taxable","15":"shipping-taxable","16":"purchasable","17":"product-type-simple"},"aioseo_notices":[],"_links":{"self":[{"href":"https:\/\/healthy-choice.co.uk\/lt\/wp-json\/wp\/v2\/product\/1612","targetHints":{"allow":["GET"]}}],"collection":[{"href":"https:\/\/healthy-choice.co.uk\/lt\/wp-json\/wp\/v2\/product"}],"about":[{"href":"https:\/\/healthy-choice.co.uk\/lt\/wp-json\/wp\/v2\/types\/product"}],"wp:featuredmedia":[{"embeddable":true,"href":"https:\/\/healthy-choice.co.uk\/lt\/wp-json\/wp\/v2\/media\/1613"}],"wp:attachment":[{"href":"https:\/\/healthy-choice.co.uk\/lt\/wp-json\/wp\/v2\/media?parent=1612"}],"wp:term":[{"taxonomy":"product_brand","embeddable":true,"href":"https:\/\/healthy-choice.co.uk\/lt\/wp-json\/wp\/v2\/product_brand?post=1612"},{"taxonomy":"product_cat","embeddable":true,"href":"https:\/\/healthy-choice.co.uk\/lt\/wp-json\/wp\/v2\/product_cat?post=1612"},{"taxonomy":"product_tag","embeddable":true,"href":"https:\/\/healthy-choice.co.uk\/lt\/wp-json\/wp\/v2\/product_tag?post=1612"},{"taxonomy":"giftcard-category","embeddable":true,"href":"https:\/\/healthy-choice.co.uk\/lt\/wp-json\/wp\/v2\/giftcard-category?post=1612"}],"curies":[{"name":"wp","href":"https:\/\/api.w.org\/{rel}","templated":true}]}}