{"id":1608,"date":"2023-07-07T05:51:14","date_gmt":"2023-07-07T02:51:14","guid":{"rendered":"https:\/\/healthy-choice.co.uk\/?post_type=product&#038;p=1608"},"modified":"2025-12-28T14:28:37","modified_gmt":"2025-12-28T12:28:37","slug":"almond-spread-chunky-250gr","status":"publish","type":"product","link":"https:\/\/healthy-choice.co.uk\/lt\/produktas\/almond-spread-chunky-250gr\/","title":{"rendered":"Almond spread CHUNKY 250 gr"},"content":{"rendered":"<p><strong>HEALTHY CHOICE migdol\u0173 rie\u0161ut\u0173 u\u017etep\u0117l\u0117<\/strong> yra geriausios kokyb\u0117s augalin\u0117s kilm\u0117s baltymai. Tai puikaus skonio, auk\u0161tos kokyb\u0117s produktas, pagamintas i\u0161 nat\u016brali\u0173 \u017ealiav\u0173, nenaudojant joki\u0173 dirbtini\u0173 kvapi\u0173j\u0173 med\u017eiag\u0173, skonio stiprikli\u0173, riebal\u0173, sintetini\u0173 pried\u0173 ir da\u017eikli\u0173.<\/p>\n<p>Jis pagamintas i\u0161 geriausi\u0173 migdol\u0173 rie\u0161ut\u0173, kuriuose gausu VITAMIN\u0172 ir MINERAL\u0172, toki\u0173 kaip natris, kalcis, magnis, kalis. Jis i\u0161gaunamas migdol\u0173 rie\u0161utus skrudinant, po to susmulkinant, kad i\u0161gaut\u0173 nuostab\u0173 tra\u0161k\u0173 skon\u012f ir i\u0161saugot\u0173 nepakitusi\u0105 baltym\u0173 ir riebal\u0173 strukt\u016br\u0105.<\/p>\n<p>Skaidulos u\u017etikrina skland\u017ei\u0105 \u017earnyno veikl\u0105 ir suteikia sotumo jausm\u0105, tod\u0117l suma\u017e\u0117ja potraukis nereikalingiems u\u017ekand\u017eiams ir saldumynams.<\/p>","protected":false},"excerpt":{"rendered":"<p>100 % gryno, nat\u016bralaus skonio Migdol\u0173 sviestas \"Sveikas pasirinkimas\" sudarytas i\u0161 geriausios kokyb\u0117s augalini\u0173 baltym\u0173, neso\u010di\u0173j\u0173 riebal\u0173, skaidulini\u0173 med\u017eiag\u0173 ir angliavandeni\u0173. Jis sukurtas i\u0161saugant auk\u0161t\u0105 biologin\u0119 vert\u0119 (BV).<\/p>","protected":false},"featured_media":2387,"template":"","meta":[],"product_brand":[],"product_cat":[40,25,28],"product_tag":[46],"giftcard-category":[],"class_list":{"0":"post-1608","1":"product","2":"type-product","3":"status-publish","4":"has-post-thumbnail","6":"product_cat-nut-products","7":"product_cat-special-offers","8":"product_cat-top","9":"product_tag-specia","11":"first","12":"instock","13":"taxable","14":"shipping-taxable","15":"purchasable","16":"product-type-simple"},"aioseo_notices":[],"_links":{"self":[{"href":"https:\/\/healthy-choice.co.uk\/lt\/wp-json\/wp\/v2\/product\/1608","targetHints":{"allow":["GET"]}}],"collection":[{"href":"https:\/\/healthy-choice.co.uk\/lt\/wp-json\/wp\/v2\/product"}],"about":[{"href":"https:\/\/healthy-choice.co.uk\/lt\/wp-json\/wp\/v2\/types\/product"}],"wp:featuredmedia":[{"embeddable":true,"href":"https:\/\/healthy-choice.co.uk\/lt\/wp-json\/wp\/v2\/media\/2387"}],"wp:attachment":[{"href":"https:\/\/healthy-choice.co.uk\/lt\/wp-json\/wp\/v2\/media?parent=1608"}],"wp:term":[{"taxonomy":"product_brand","embeddable":true,"href":"https:\/\/healthy-choice.co.uk\/lt\/wp-json\/wp\/v2\/product_brand?post=1608"},{"taxonomy":"product_cat","embeddable":true,"href":"https:\/\/healthy-choice.co.uk\/lt\/wp-json\/wp\/v2\/product_cat?post=1608"},{"taxonomy":"product_tag","embeddable":true,"href":"https:\/\/healthy-choice.co.uk\/lt\/wp-json\/wp\/v2\/product_tag?post=1608"},{"taxonomy":"giftcard-category","embeddable":true,"href":"https:\/\/healthy-choice.co.uk\/lt\/wp-json\/wp\/v2\/giftcard-category?post=1608"}],"curies":[{"name":"wp","href":"https:\/\/api.w.org\/{rel}","templated":true}]}}