{"id":1593,"date":"2023-07-07T05:53:03","date_gmt":"2023-07-07T02:53:03","guid":{"rendered":"https:\/\/healthy-choice.co.uk\/?post_type=product&#038;p=1593"},"modified":"2025-12-28T14:30:20","modified_gmt":"2025-12-28T12:30:20","slug":"peanut-spread-smooth-1kg","status":"publish","type":"product","link":"https:\/\/healthy-choice.co.uk\/lt\/produktas\/peanut-spread-smooth-1kg\/","title":{"rendered":"Peanut spread SMOOTH 1 kg"},"content":{"rendered":"<p><strong>100 % gryno, nat\u016bralaus skonio RIE\u0160UT\u0172 RIE\u0160UT\u0172 S\u016aRIS \"Sveikas pasirinkimas\"<\/strong>\u00a0sudaro geriausios kokyb\u0117s augaliniai baltymai, nesotieji riebalai, skaidulin\u0117s med\u017eiagos ir angliavandeniai. Ji sukurta i\u0161saugant auk\u0161t\u0105 biologin\u0119 vert\u0119 (BV). Tai puikaus skonio, nebrangus, auk\u0161tos kokyb\u0117s produktas, tinkamas vartoti kelis kartus per dien\u0105.<\/p>\n<p>100 % gryno, nat\u016bralaus skonio \u017eem\u0117s rie\u0161ut\u0173 sviesto\u00a0<strong>\"SVEIKAS PASIRINKIMAS\"<\/strong>\u00a0yra auk\u0161\u010diausios kokyb\u0117s ir puikios konsistencijos. Jis gaminamas i\u0161 auk\u0161\u010diausios kokyb\u0117s \u017eem\u0117s rie\u0161ut\u0173, kuriuose gausu vitamin\u0173 ir mineral\u0173, toki\u0173 kaip natris, kalcis, magnis, kalis. \u0160is puikaus skonio auk\u0161tos kokyb\u0117s produktas pagamintas i\u0161 nat\u016brali\u0173 ingredient\u0173, be joki\u0173 dirbtini\u0173 prieskoni\u0173, skonio stiprikli\u0173, riebal\u0173, sintetini\u0173 pried\u0173 ir da\u017eikli\u0173.<\/p>\n<p><strong>\"SVEIKAS PASIRINKIMAS\"<\/strong>\u00a0\u017eem\u0117s rie\u0161ut\u0173 sviestas i\u0161gaunamas kepant \u017eem\u0117s rie\u0161utus su luobele. V\u0117liau rie\u0161utai sutrinami, kad b\u016bt\u0173 i\u0161gautas nuostabus, tra\u0161kus skonis. Taip i\u0161saugoma nepa\u017eeista baltym\u0173 ir riebal\u0173 strukt\u016bra. (100 g) produkto yra iki 30 g baltym\u0173, kurie atlieka svarb\u0173 vaidmen\u012f raumen\u0173 vystymuisi, 19 g angliavandeni\u0173 ir net iki 50 g ger\u0173j\u0173 riebal\u0173 (vertingesni\u0173 u\u017e gyvulinius riebalus, nes did\u017ei\u0105j\u0105 dal\u012f sudaro neso\u010diosios riebal\u0173 r\u016bg\u0161tys).<\/p>\n<p>\u0160is produktas yra vienas geriausi\u0173 \u0161akotos grandin\u0117s nepakei\u010diam\u0173j\u0173 riebal\u0173 r\u016bg\u0161\u010di\u0173 (EFA) \u0161altini\u0173, nuo seno pripa\u017eint\u0173 vienu sveikiausi\u0173 riebal\u0173 ir baltym\u0173 \u0161altini\u0173.<\/p>\n<p>\u017dem\u0117s rie\u0161utuose gausu B grup\u0117s vitamin\u0173 (B1, B2, B6), kuri\u0173 b\u016btina nuolat gauti su maistu, nes organizmas j\u0173 netaupo, taip pat jodo, fosforo, gele\u017eies, magnio, kalcio, kalio, natrio.<\/p>","protected":false},"excerpt":{"rendered":"<p>\"Healthy Choice\" \u017eem\u0117s rie\u0161ut\u0173 u\u017etep\u0117l\u0117 yra dviej\u0173 skoni\u0173 - kremin\u0117 ir su gabal\u0117liais, su auk\u0161tos kokyb\u0117s augalin\u0117s kilm\u0117s baltymais, neso\u010diaisiais riebalais, skaidulin\u0117mis med\u017eiagomis ir angliavandeniais. Sudarytas taip, kad i\u0161laikyt\u0173 auk\u0161t\u0105 biologin\u0119 vert\u0119 (BV).<\/p>\n<p>Tai kokybi\u0161kas produktas, kur\u012f galima naudoti kelis kartus per dien\u0105.<\/p>","protected":false},"featured_media":2386,"template":"","meta":[],"product_brand":[],"product_cat":[40],"product_tag":[],"giftcard-category":[],"class_list":{"0":"post-1593","1":"product","2":"type-product","3":"status-publish","4":"has-post-thumbnail","6":"product_cat-nut-products","8":"first","9":"instock","10":"taxable","11":"shipping-taxable","12":"purchasable","13":"product-type-simple"},"aioseo_notices":[],"_links":{"self":[{"href":"https:\/\/healthy-choice.co.uk\/lt\/wp-json\/wp\/v2\/product\/1593","targetHints":{"allow":["GET"]}}],"collection":[{"href":"https:\/\/healthy-choice.co.uk\/lt\/wp-json\/wp\/v2\/product"}],"about":[{"href":"https:\/\/healthy-choice.co.uk\/lt\/wp-json\/wp\/v2\/types\/product"}],"wp:featuredmedia":[{"embeddable":true,"href":"https:\/\/healthy-choice.co.uk\/lt\/wp-json\/wp\/v2\/media\/2386"}],"wp:attachment":[{"href":"https:\/\/healthy-choice.co.uk\/lt\/wp-json\/wp\/v2\/media?parent=1593"}],"wp:term":[{"taxonomy":"product_brand","embeddable":true,"href":"https:\/\/healthy-choice.co.uk\/lt\/wp-json\/wp\/v2\/product_brand?post=1593"},{"taxonomy":"product_cat","embeddable":true,"href":"https:\/\/healthy-choice.co.uk\/lt\/wp-json\/wp\/v2\/product_cat?post=1593"},{"taxonomy":"product_tag","embeddable":true,"href":"https:\/\/healthy-choice.co.uk\/lt\/wp-json\/wp\/v2\/product_tag?post=1593"},{"taxonomy":"giftcard-category","embeddable":true,"href":"https:\/\/healthy-choice.co.uk\/lt\/wp-json\/wp\/v2\/giftcard-category?post=1593"}],"curies":[{"name":"wp","href":"https:\/\/api.w.org\/{rel}","templated":true}]}}