{"id":1581,"date":"2025-04-21T09:35:32","date_gmt":"2025-04-21T06:35:32","guid":{"rendered":"https:\/\/healthy-choice.co.uk\/?post_type=product&#038;p=1581"},"modified":"2025-12-28T14:24:15","modified_gmt":"2025-12-28T12:24:15","slug":"bcaa-blackcurrant-flavor-400g","status":"publish","type":"product","link":"https:\/\/healthy-choice.co.uk\/lt\/produktas\/bcaa-blackcurrant-flavor-400g\/","title":{"rendered":"BCAA Blackcurrant flavor, 400 g"},"content":{"rendered":"<p><strong>Sveikas pasirinkimas BCAA 2:1:1<\/strong>\u00a0- \u0160akotosios grandin\u0117s aminor\u016bg\u0161tys (BCAA) greitesniam raumen\u0173 atsigavimui!<\/p>\n<p>\u0160akotos grandin\u0117s aminor\u016bg\u0161tys (BCAA) yra svarbi nepakei\u010diam\u0173j\u0173 aminor\u016bg\u0161\u010di\u0173 grup\u0117, kuri\u0105 sudaro leucinas, izoleucinas ir valinas. BCAA yra viena i\u0161 devyni\u0173 nepakei\u010diam\u0173j\u0173 aminor\u016bg\u0161\u010di\u0173, kuri\u0173 m\u016bs\u0173 organizmas negali pasigaminti. Vienintelis BCAA \u0161altinis yra m\u016bs\u0173 kasdienis maistas arba maisto papildai. Kita vertus, jos sudaro 35% aminor\u016bg\u0161\u010di\u0173 raumen\u0173 baltymuose. Leucinas, izoleucinas ir valinas yra nepakei\u010diamosios aminor\u016bg\u0161tys, gaunamos i\u0161 skirting\u0173 baltym\u0173 \u0161altini\u0173. Jos taip pat gali b\u016bti vartojamos kaip maisto papildai, ypa\u010d intensyvi\u0173 ar fizini\u0173 treniruo\u010di\u0173 metu. M\u016bs\u0173 BCAA formul\u0117je leucino, izoleucino ir valino santykis yra 2:1:1, nes toks \u0161akotosios grandin\u0117s aminor\u016bg\u0161\u010di\u0173 produkt\u0173 santykis yra veiksmingiausias.<\/p>","protected":false},"excerpt":{"rendered":"<div class=\"product-short-description\">\n<p>Healthy Choice BCAA 2:1:1 - \u0161akotos grandin\u0117s aminor\u016bg\u0161tys (BCAA) greitesniam raumen\u0173 atsigavimui!<\/p>\n<\/div>\n<form class=\"cart\" action=\"https:\/\/www.healthychoice.world\/products\/bcaa-blackcurrant-flavor-400g\/?v=c562607189d7\" enctype=\"multipart\/form-data\" method=\"post\">\n<div class=\"sticky-add-to-cart-wrapper\">\n<div class=\"sticky-add-to-cart\">\n<div class=\"quantity buttons_added\"><\/div>\n<\/div>\n<\/div>\n<\/form>","protected":false},"featured_media":2390,"template":"","meta":[],"product_brand":[],"product_cat":[38],"product_tag":[],"giftcard-category":[],"class_list":{"0":"post-1581","1":"product","2":"type-product","3":"status-publish","4":"has-post-thumbnail","6":"product_cat-bcaa","8":"first","9":"instock","10":"sale","11":"taxable","12":"shipping-taxable","13":"purchasable","14":"product-type-simple"},"aioseo_notices":[],"_links":{"self":[{"href":"https:\/\/healthy-choice.co.uk\/lt\/wp-json\/wp\/v2\/product\/1581","targetHints":{"allow":["GET"]}}],"collection":[{"href":"https:\/\/healthy-choice.co.uk\/lt\/wp-json\/wp\/v2\/product"}],"about":[{"href":"https:\/\/healthy-choice.co.uk\/lt\/wp-json\/wp\/v2\/types\/product"}],"wp:featuredmedia":[{"embeddable":true,"href":"https:\/\/healthy-choice.co.uk\/lt\/wp-json\/wp\/v2\/media\/2390"}],"wp:attachment":[{"href":"https:\/\/healthy-choice.co.uk\/lt\/wp-json\/wp\/v2\/media?parent=1581"}],"wp:term":[{"taxonomy":"product_brand","embeddable":true,"href":"https:\/\/healthy-choice.co.uk\/lt\/wp-json\/wp\/v2\/product_brand?post=1581"},{"taxonomy":"product_cat","embeddable":true,"href":"https:\/\/healthy-choice.co.uk\/lt\/wp-json\/wp\/v2\/product_cat?post=1581"},{"taxonomy":"product_tag","embeddable":true,"href":"https:\/\/healthy-choice.co.uk\/lt\/wp-json\/wp\/v2\/product_tag?post=1581"},{"taxonomy":"giftcard-category","embeddable":true,"href":"https:\/\/healthy-choice.co.uk\/lt\/wp-json\/wp\/v2\/giftcard-category?post=1581"}],"curies":[{"name":"wp","href":"https:\/\/api.w.org\/{rel}","templated":true}]}}