{"id":1579,"date":"2025-04-21T09:20:59","date_gmt":"2025-04-21T06:20:59","guid":{"rendered":"https:\/\/healthy-choice.co.uk\/?post_type=product&#038;p=1579"},"modified":"2025-12-28T14:24:25","modified_gmt":"2025-12-28T12:24:25","slug":"100-whey-protein-isolate-1kg","status":"publish","type":"product","link":"https:\/\/healthy-choice.co.uk\/lt\/produktas\/100-whey-protein-isolate-1kg\/","title":{"rendered":"100% Whey Protein Isolate, 1 kg"},"content":{"rendered":"<h3 class=\"text-white\">Apie \"HEALTHY CHOICE\" i\u0161r\u016bg\u0173 baltym\u0173 izoliat\u0105<\/h3>\n<p>I\u0161r\u016bg\u0173 baltym\u0173 izoliatas - tai gryniausia i\u0161r\u016bg\u0173 baltym\u0173 forma, kurioje yra labai ma\u017eai laktoz\u0117s ir riebal\u0173. \u017dmon\u0117s, kurie sunkiai vir\u0161kina i\u0161r\u016bg\u0173 baltymus, vartoja tik \u0161ios r\u016b\u0161ies baltymus, nes \u010dia laktoz\u0117s kiekis yra ma\u017eesnis nei 1%. Tai didel\u0117s biologin\u0117s vert\u0117s (BV) baltym\u0173 \u0161altinis, kuriame yra daug \u0161akot\u0173j\u0173 aminor\u016bg\u0161\u010di\u0173 (BCAA), glutamino ir nepakei\u010diam\u0173j\u0173 aminor\u016bg\u0161\u010di\u0173 (EAA), kuri\u0173 \u017emogaus organizmas pats pasigaminti negali.<\/p>\n<p>Labai tirpus 100% i\u0161r\u016bg\u0173 baltym\u0173 izoliatas \"HEALTHY CHOICE\" yra auk\u0161tos kokyb\u0117s baltymas, pagamintas \u017eemoje temperat\u016broje derinant ultrafiltracijos ir mikrofiltracijos proces\u0105, kuris leid\u017eia atskirti baltym\u0105, kurio baltymo strukt\u016bra nepakito ir kuris i\u0161laik\u0117 auk\u0161t\u0105 biologin\u0119 vert\u0119 (BV).<\/p>\n<p>Svarbu tai, kad kaip emulsikl\u012f naudojame tik saul\u0117gr\u0105\u017e\u0173 lecitin\u0105, kad pagerintume produkto tirpum\u0105. Daugelis gamintoj\u0173 naudoja soj\u0173 lecitin\u0105, ta\u010diau pagrindin\u0117 prie\u017eastis yra ta, kad jis pigesnis. Ta\u010diau soja yra alergenas ir daugelis \u017emoni\u0173 yra alergi\u0161ki sojai. Be to, sojos pramon\u0117je da\u017enai naudojami geneti\u0161kai modifikuoti produktai, o gaminant soj\u0173 lecitin\u0105 naudojamos pavojingos chemin\u0117s med\u017eiagos.<\/p>\n<p>Prie\u0161ingai nei sojos, saul\u0117gr\u0105\u017eos n\u0117ra geneti\u0161kai modifikuotos - jos auginamos nat\u016braliai. Saul\u0117gr\u0105\u017e\u0173 lecitinas gaminamas \u0161alto spaudimo frakcionavimo b\u016bdu, pana\u0161iai kaip alyvuogi\u0173 aliejus, ir \u0161iame procese nenaudojamos jokios pavojingos chemin\u0117s med\u017eiagos.<\/p>\n<p>Mums r\u016bpi aplinka ir m\u016bs\u0173 produkt\u0173 kokyb\u0117, tod\u0117l \"HEALTHY CHOICE\" i\u0161r\u016bg\u0173 baltym\u0173 izoliat\u0105 gaminame tik i\u0161 \u017eole \u0161ert\u0173 karvi\u0173 pieno.<\/p>\n<p>D\u0117l \"HEALTHY CHOICE\" produkt\u0173 nuolat konsultuojam\u0117s su profesionaliais sportininkais, treneriais, mitybos specialistais ir tobuliname vertingiausias kiekvieno produkto savybes.<\/p>\n<p>&nbsp;<\/p>\n<h3 class=\"sub-header text-white mt-2\">\"Sveikas pasirinkimas\" baltymai ir j\u0173 svarba \u017emogaus organizmui<\/h3>\n<div id=\"row-525022350\" class=\"row\">\n<div class=\"col medium-6 small-12 large-6\">\n<div class=\"col-inner\">\n<p>Baltymai yra raumenis formuojanti med\u017eiaga, viena i\u0161 pagrindini\u0173 maistini\u0173 med\u017eiag\u0173, kaip ir angliavandeniai bei riebalai. Baltymai yra antras pagal gausum\u0105 ir svarb\u0105 organizmo komponentas po vandens. Baltymai labai pla\u010diai paplit\u0119 gyvojoje gamtoje ir jos pagrinde. Kaip d\u0117lion\u0117, baltymai susideda i\u0161 atskir\u0173 detali\u0173, baltymus sudaro smulkios dalel\u0117s - aminor\u016bg\u0161tys. Baltym\u0173 makromolekul\u0117s pagrind\u0105 sudaro i\u0161 viso 20 skirting\u0173 aminor\u016bg\u0161\u010di\u0173. 9 i\u0161 20 aminor\u016bg\u0161\u010di\u0173 yra b\u016btinos vartojant maist\u0105, nes organizmas pats j\u0173 pasigaminti negali, tod\u0117l kasdien reikia suvartoti pakankam\u0105 baltym\u0173 kiek\u012f. \"HEALTHY CHOICE\" baltyminiai produktai yra vienas geriausi\u0173 \u0161akotosios grandin\u0117s aminor\u016bg\u0161\u010di\u0173 (BCAA) \u0161altini\u0173.<\/p>\n<p>Baltym\u0173 svarb\u0105 \u017emogaus organizmui sunku pervertinti. Baltymai formuoja, palaiko ir atkuria raumen\u0173 mas\u0119. Baltymai padeda auginti raumenis ir juos stiprinti. Baltymai taip pat svarb\u016bs normaliai kaul\u0173 b\u016bklei palaikyti. Kad \u017emogaus organizmas b\u016bt\u0173 sveikas, b\u016btina kasdien suvartoti baltym\u0173.<\/p>\n<\/div>\n<\/div>\n<div class=\"col medium-6 small-12 large-6\">\n<div class=\"col-inner\">\n<p>Be raumen\u0173 augimo, baltymai atlieka ir kitas funkcijas:<\/p>\n<ul>\n<li>Apr\u016bpina organizm\u0105 baltymais, kurie b\u016btini raumen\u0173 funkcijai;<\/li>\n<li>Stiprina raumenis ir atkuria juos po fizinio kr\u016bvio;<\/li>\n<li>slopina apetit\u0105 ir padeda suma\u017einti antsvor\u012f.<\/li>\n<\/ul>\n<p>Gaukite visa tai ir dar daugiau naudodami\u00a0<strong>\"SVEIKAS PASIRINKIMAS\"<\/strong>\u00a0baltymai reguliariai - Pirkti dabar!<\/p>\n<\/div>\n<\/div>\n<\/div>","protected":false},"excerpt":{"rendered":"<p>100% \u0160VIESUS ir VANDENOJE I\u0160R\u016aGUSIS IZOLATAS yra auk\u0161\u010diausios kokyb\u0117s i\u0161r\u016bg\u0173 baltym\u0173 koncentratas, kuriame yra daugiau kaip 90% baltym\u0173.<\/p>","protected":false},"featured_media":2036,"template":"","meta":[],"product_brand":[],"product_cat":[29],"product_tag":[43,44],"giftcard-category":[],"class_list":{"0":"post-1579","1":"product","2":"type-product","3":"status-publish","4":"has-post-thumbnail","6":"product_cat-whey-proteins","7":"product_tag-l-carnitine-or-collagen-gift","8":"product_tag-baltymai","10":"first","11":"instock","12":"taxable","13":"shipping-taxable","14":"purchasable","15":"product-type-simple"},"aioseo_notices":[],"_links":{"self":[{"href":"https:\/\/healthy-choice.co.uk\/lt\/wp-json\/wp\/v2\/product\/1579","targetHints":{"allow":["GET"]}}],"collection":[{"href":"https:\/\/healthy-choice.co.uk\/lt\/wp-json\/wp\/v2\/product"}],"about":[{"href":"https:\/\/healthy-choice.co.uk\/lt\/wp-json\/wp\/v2\/types\/product"}],"wp:featuredmedia":[{"embeddable":true,"href":"https:\/\/healthy-choice.co.uk\/lt\/wp-json\/wp\/v2\/media\/2036"}],"wp:attachment":[{"href":"https:\/\/healthy-choice.co.uk\/lt\/wp-json\/wp\/v2\/media?parent=1579"}],"wp:term":[{"taxonomy":"product_brand","embeddable":true,"href":"https:\/\/healthy-choice.co.uk\/lt\/wp-json\/wp\/v2\/product_brand?post=1579"},{"taxonomy":"product_cat","embeddable":true,"href":"https:\/\/healthy-choice.co.uk\/lt\/wp-json\/wp\/v2\/product_cat?post=1579"},{"taxonomy":"product_tag","embeddable":true,"href":"https:\/\/healthy-choice.co.uk\/lt\/wp-json\/wp\/v2\/product_tag?post=1579"},{"taxonomy":"giftcard-category","embeddable":true,"href":"https:\/\/healthy-choice.co.uk\/lt\/wp-json\/wp\/v2\/giftcard-category?post=1579"}],"curies":[{"name":"wp","href":"https:\/\/api.w.org\/{rel}","templated":true}]}}