{"id":1575,"date":"2025-04-21T09:19:07","date_gmt":"2025-04-21T06:19:07","guid":{"rendered":"https:\/\/healthy-choice.co.uk\/?post_type=product&#038;p=1575"},"modified":"2025-12-28T14:25:18","modified_gmt":"2025-12-28T12:25:18","slug":"100-whey-protein-vanilla-flavor-1kg","status":"publish","type":"product","link":"https:\/\/healthy-choice.co.uk\/lt\/produktas\/100-whey-protein-vanilla-flavor-1kg\/","title":{"rendered":"100% Whey Protein Vanilla flavor, 1 kg"},"content":{"rendered":"<h2 class=\"text-white\">Vanil\u0117s skonio i\u0161r\u016bg\u0173 baltymai<\/h2>\n<div id=\"row-1584175623\" class=\"row\">\n<div class=\"col medium-6 small-12 large-6\">\n<div class=\"col-inner\">\n<p>100% I\u0161r\u016bg\u0173 baltymai\u00a0<strong>\"SVEIKAS PASIRINKIMAS\"<\/strong>\u00a0yra auk\u0161tos kokyb\u0117s baltymas, pagamintas \u017eemoje temperat\u016broje ultrafiltracijos b\u016bdu, kuris i\u0161saugo nepakitusi\u0105 baltymo strukt\u016br\u0105 ir auk\u0161t\u0105 biologin\u0119 vert\u0119 (BV).<\/p>\n<p><strong>\"SVEIKAS PASIRINKIMAS\"<\/strong>\u00a0pagamintas i\u0161 auk\u0161\u010diausios kokyb\u0117s i\u0161r\u016bg\u0173 baltym\u0173 koncentrato, kuriame yra daugiau kaip 79% baltym\u0173 ir ma\u017eai laktoz\u0117s. Vienoje produkto porcijoje (30 g) yra 24 g baltym\u0173, kurie i\u0161saugo J\u016bs\u0173 raumen\u0173 mas\u0119 ir palaiko raumen\u0173 augim\u0105.<\/p>\n<p>\u0160is produktas yra vienas geriausi\u0173 \u0161akotosios grandin\u0117s aminor\u016bg\u0161\u010di\u0173 (BCAA) \u0161altini\u0173<\/p>\n<\/div>\n<\/div>\n<div class=\"col medium-6 small-12 large-6\">\n<div class=\"col-inner\">\n<p><strong>Pagrindiniai \u0161io baltymo privalumai<\/strong><\/p>\n<ul>\n<li>24 g baltym\u0173 vienoje porcijoje<\/li>\n<li>4,3 g BCAA vienoje porcijoje<\/li>\n<li>Greitas \u012fsisavinimas<\/li>\n<li>Momentinis<\/li>\n<li>Didelis BV<\/li>\n<li>Ma\u017eai laktoz\u0117s<\/li>\n<li>Padeda i\u0161saugoti ir palaikyti raumen\u0173 mas\u0117s augim\u0105<\/li>\n<li>Padeda palaikyti normali\u0105 kaul\u0173 b\u016bkl\u0119<\/li>\n<li>Tinka sportininkams<\/li>\n<li>Tinka vegetarams<\/li>\n<li>Tinka visoms am\u017eiaus grup\u0117ms<\/li>\n<\/ul>\n<\/div>\n<\/div>\n<\/div>","protected":false},"excerpt":{"rendered":"<p><strong>\"SVEIKAS PASIRINKIMAS\"<\/strong>\u00a0pagamintas i\u0161 auk\u0161\u010diausios kokyb\u0117s i\u0161r\u016bg\u0173 baltym\u0173 koncentrato, kuriame yra daugiau kaip 79% baltym\u0173 ir ma\u017eai laktoz\u0117s. Vienoje produkto porcijoje (30 g) yra 24 g baltym\u0173, kurie i\u0161saugo J\u016bs\u0173 raumen\u0173 mas\u0119 ir palaiko raumen\u0173 augim\u0105.<\/p>","protected":false},"featured_media":2035,"template":"","meta":[],"product_brand":[],"product_cat":[29],"product_tag":[43,44],"giftcard-category":[],"class_list":{"0":"post-1575","1":"product","2":"type-product","3":"status-publish","4":"has-post-thumbnail","6":"product_cat-whey-proteins","7":"product_tag-l-carnitine-or-collagen-gift","8":"product_tag-baltymai","10":"first","11":"instock","12":"taxable","13":"shipping-taxable","14":"purchasable","15":"product-type-simple"},"aioseo_notices":[],"_links":{"self":[{"href":"https:\/\/healthy-choice.co.uk\/lt\/wp-json\/wp\/v2\/product\/1575","targetHints":{"allow":["GET"]}}],"collection":[{"href":"https:\/\/healthy-choice.co.uk\/lt\/wp-json\/wp\/v2\/product"}],"about":[{"href":"https:\/\/healthy-choice.co.uk\/lt\/wp-json\/wp\/v2\/types\/product"}],"wp:featuredmedia":[{"embeddable":true,"href":"https:\/\/healthy-choice.co.uk\/lt\/wp-json\/wp\/v2\/media\/2035"}],"wp:attachment":[{"href":"https:\/\/healthy-choice.co.uk\/lt\/wp-json\/wp\/v2\/media?parent=1575"}],"wp:term":[{"taxonomy":"product_brand","embeddable":true,"href":"https:\/\/healthy-choice.co.uk\/lt\/wp-json\/wp\/v2\/product_brand?post=1575"},{"taxonomy":"product_cat","embeddable":true,"href":"https:\/\/healthy-choice.co.uk\/lt\/wp-json\/wp\/v2\/product_cat?post=1575"},{"taxonomy":"product_tag","embeddable":true,"href":"https:\/\/healthy-choice.co.uk\/lt\/wp-json\/wp\/v2\/product_tag?post=1575"},{"taxonomy":"giftcard-category","embeddable":true,"href":"https:\/\/healthy-choice.co.uk\/lt\/wp-json\/wp\/v2\/giftcard-category?post=1575"}],"curies":[{"name":"wp","href":"https:\/\/api.w.org\/{rel}","templated":true}]}}