{"id":1567,"date":"2025-04-21T09:18:52","date_gmt":"2025-04-21T06:18:52","guid":{"rendered":"https:\/\/healthy-choice.co.uk\/?post_type=product&#038;p=1567"},"modified":"2025-12-28T14:25:06","modified_gmt":"2025-12-28T12:25:06","slug":"100-whey-protein-concentrate-1kg","status":"publish","type":"product","link":"https:\/\/healthy-choice.co.uk\/lt\/produktas\/100-whey-protein-concentrate-1kg\/","title":{"rendered":"100% Whey Protein Concentrate 1 kg"},"content":{"rendered":"<h2 class=\"text-white\">\"HEALTHY CHOICE\" i\u0161r\u016bg\u0173 baltymai<\/h2>\n<p>Did\u017eiuojam\u0117s gal\u0117dami pristatyti savo\u00a0<strong>\"SVEIKAS PASIRINKIMAS\"<\/strong>\u00a0100% \u0160varus ir vandenyje tirpstantis baltyminis baltymas - pirmoji Lietuvoje pagamint\u0173 baltymini\u0173 produkt\u0173 linija. Pirm\u0105 kart\u0105 Lietuvoje i\u0161leista nepertraukiamai gamybai, kokyb\u0117\u00a0<strong>\"SVEIKAS PASIRINKIMAS\"<\/strong>\u00a0100% \u0160varus ir vandenyje tirpstantis KVIETINIS BALTYMAS yra neprilygstamas analogi\u0161kiems u\u017esienio gamintoj\u0173 produktams.<\/p>\n<p>Lietuva visada gars\u0117jo auk\u0161tos kokyb\u0117s ir populiari\u0173 pieno produkt\u0173 gamyba did\u017eiosiose rinkose, pavyzd\u017eiui, Vokietijoje, Italijoje, Pranc\u016bzijoje, \u0160veicarijoje ir Naujojoje Zelandijoje.\u00a0<u>\u0160io lietuvi\u0161ko produkto atsiradim\u0105 l\u0117m\u0117 ne tik nei\u0161naudotas m\u016bs\u0173 \u0161alies pramon\u0117s potencialas, bet ir tai, kad nei Jungtin\u0117s Karalyst\u0117s, nei kitose Europos rinkose nebuvo sukurtas analogi\u0161kas produktas.<\/u>. Kita vertus, atid\u017eiau pa\u017evelgus \u012f u\u017esienio gamintoj\u0173 si\u016blom\u0173 produkt\u0173 sud\u0117t\u012f ir atlikus i\u0161samius mokslinius tyrimus paai\u0161k\u0117jo, kad dauguma \u0161iandien si\u016blom\u0173 baltymini\u0173 produkt\u0173 n\u0117ra visi\u0161kai nat\u016bral\u016bs, juose yra \u012fvairi\u0173 dirbtini\u0173 kvapi\u0173j\u0173 med\u017eiag\u0173, saldikli\u0173, da\u017eikli\u0173 ir kit\u0173 pried\u0173.<\/p>\n<p>Prie\u0161 pradedant gamybos, tiekimo ir platinimo proces\u0105\u00a0<strong>\"SVEIKAS PASIRINKIMAS\"<\/strong>\u00a0100% \u0160varus ir vandenyje tirpstantis KVIETINIS BALTYMAS buvo prad\u0117tas gaminti, u\u017etrukome pus\u0119 met\u0173, kol atlikome i\u0161sami\u0105 \u0161io produkto sud\u0117ties, pakuot\u0117s ir rinkos paklausos analiz\u0119.\u00a0<u>Produkt\u0173 pavyzd\u017eiai\u00a0<strong>\"SVEIKAS PASIRINKIMAS\"<\/strong>\u00a0i\u0161band\u0117 \u017einomiausi sportininkai ir dietologai ir greitai pripa\u017eino nat\u016brali\u0173 baltym\u0173 naud\u0105.<\/u>. Nuolat konsultuojam\u0117s su profesionaliais sportininkais, treneriais, dietologais ir gydytojais apie naudingiausias\u00a0<strong>\"SVEIKAS PASIRINKIMAS\"<\/strong>\u00a0baltym\u0173.<\/p>\n<p><strong>\"SVEIKAS PASIRINKIMAS\"<\/strong>\u00a0tur\u0117t\u0173 b\u016bti vartojamas reguliariai ir tinkamais kiekiais.\u00a0<strong>\"SVEIKAS PASIRINKIMAS\"<\/strong>\u00a0apr\u016bpina l\u0105steles reikalingais baltymais, tod\u0117l suma\u017e\u0117ja poreikis valgyti ne pirmo b\u016btinumo maisto produktus ir galima numesti svorio.<\/p>\n<p>L\u0105stel\u0117s, praturtintos baltymais, slopina alkio jausm\u0105. Lietuvi\u0173 gamybos\u00a0<strong>\"SVEIKAS PASIRINKIMAS\"<\/strong>\u00a0100% \u0160varus ir vandenyje tirpstantis PIENO BALTYMAS taip pat yra ypa\u010d populiarus tarp t\u0173, kurie nori palaikyti sveik\u0105 gyvenimo b\u016bd\u0105.<\/p>\n<p><strong>\"SVEIKAS PASIRINKIMAS\"<\/strong>\u00a0100% \u0160varus ir vandenyje tirpstantis i\u0161r\u016bg\u0173 baltymas yra auk\u0161\u010diausios kokyb\u0117s i\u0161r\u016bg\u0173 baltymas, turintis auk\u0161t\u0105 biologin\u0119 vert\u0119 (BV). \u0160is puikaus skonio, vandenyje tirpus, be da\u017eikli\u0173, saldikli\u0173, nebrangus ir auk\u0161tos kokyb\u0117s produktas tinka vartoti kelis kartus per dien\u0105.\u00a0<strong>\"SVEIKAS PASIRINKIMAS\"<\/strong>\u00a0100% TIKRAS ir VANDENOJE I\u0160R\u016aG\u0172 BALTYMAS yra auk\u0161\u010diausios kokyb\u0117s i\u0161r\u016bg\u0173 baltym\u0173 koncentratas, kuriame yra daugiau kaip 80% baltym\u0173.<\/p>\n<p><strong>\"SVEIKAS PASIRINKIMAS\"<\/strong>\u00a0baltymai gaminami ultrafiltracijos b\u016bdu \u017eemoje temperat\u016broje, i\u0161saugant j\u0173 pirmin\u0119 strukt\u016br\u0105. Vienoje produkto porcijoje (30 g) yra labai ma\u017eai laktoz\u0117s ir 24 g raumenis stiprinan\u010di\u0173 baltym\u0173. \u0160is produktas yra vienas geriausi\u0173 \u0161akotosios grandin\u0117s aminor\u016bg\u0161\u010di\u0173 (BCAA) \u0161altini\u0173.<\/p>","protected":false},"excerpt":{"rendered":"<p><strong>\"SVEIKAS PASIRINKIMAS\"<\/strong>\u00a0100% \u0160varus ir vandenyje tirpstantis i\u0161r\u016bg\u0173 baltymas yra auk\u0161\u010diausios kokyb\u0117s i\u0161r\u016bg\u0173 baltymas, turintis auk\u0161t\u0105 biologin\u0119 vert\u0119 (BV). \u0160is puikaus skonio, vandenyje tirpus, be da\u017eikli\u0173, saldikli\u0173, nebrangus ir auk\u0161tos kokyb\u0117s produktas tinka vartoti kelis kartus per dien\u0105.<\/p>","protected":false},"featured_media":2037,"template":"","meta":[],"product_brand":[],"product_cat":[29],"product_tag":[43,44],"giftcard-category":[],"class_list":{"0":"post-1567","1":"product","2":"type-product","3":"status-publish","4":"has-post-thumbnail","6":"product_cat-whey-proteins","7":"product_tag-l-carnitine-or-collagen-gift","8":"product_tag-baltymai","10":"first","11":"instock","12":"taxable","13":"shipping-taxable","14":"purchasable","15":"product-type-simple"},"aioseo_notices":[],"_links":{"self":[{"href":"https:\/\/healthy-choice.co.uk\/lt\/wp-json\/wp\/v2\/product\/1567","targetHints":{"allow":["GET"]}}],"collection":[{"href":"https:\/\/healthy-choice.co.uk\/lt\/wp-json\/wp\/v2\/product"}],"about":[{"href":"https:\/\/healthy-choice.co.uk\/lt\/wp-json\/wp\/v2\/types\/product"}],"wp:featuredmedia":[{"embeddable":true,"href":"https:\/\/healthy-choice.co.uk\/lt\/wp-json\/wp\/v2\/media\/2037"}],"wp:attachment":[{"href":"https:\/\/healthy-choice.co.uk\/lt\/wp-json\/wp\/v2\/media?parent=1567"}],"wp:term":[{"taxonomy":"product_brand","embeddable":true,"href":"https:\/\/healthy-choice.co.uk\/lt\/wp-json\/wp\/v2\/product_brand?post=1567"},{"taxonomy":"product_cat","embeddable":true,"href":"https:\/\/healthy-choice.co.uk\/lt\/wp-json\/wp\/v2\/product_cat?post=1567"},{"taxonomy":"product_tag","embeddable":true,"href":"https:\/\/healthy-choice.co.uk\/lt\/wp-json\/wp\/v2\/product_tag?post=1567"},{"taxonomy":"giftcard-category","embeddable":true,"href":"https:\/\/healthy-choice.co.uk\/lt\/wp-json\/wp\/v2\/giftcard-category?post=1567"}],"curies":[{"name":"wp","href":"https:\/\/api.w.org\/{rel}","templated":true}]}}