{"id":1543,"date":"2015-07-05T14:14:31","date_gmt":"2015-07-05T11:14:31","guid":{"rendered":"https:\/\/healthy-choice.co.uk\/?post_type=product&#038;p=1543"},"modified":"2025-02-03T10:38:37","modified_gmt":"2025-02-03T08:38:37","slug":"fizinis-dovanu-kuponas","status":"publish","type":"product","link":"https:\/\/healthy-choice.co.uk\/lt\/produktas\/fizinis-dovanu-kuponas\/","title":{"rendered":"Fizin\u0117 dovan\u0173 kortel\u0117"},"content":{"rendered":"","protected":false},"excerpt":{"rendered":"<p>Ne\u017einote, k\u0105 padovanoti mylimam \u017emogui? Dovanokite \"Sveiko pasirinkimo\" e. dovan\u0173 \u010dek\u012f. Juk sveikata yra brangiausia, k\u0105 turime, o m\u016bs\u0173 tikslas - kad J\u016bs ir J\u016bs\u0173 artimieji atrastum\u0117te tai, ko tr\u016bksta, ir spinduliuotum\u0117te stiprybe, gro\u017eiu ir, \u017einoma, sveikata!<\/p>","protected":false},"featured_media":1231,"template":"","meta":[],"product_brand":[],"product_cat":[26],"product_tag":[],"giftcard-category":[],"class_list":{"0":"post-1543","1":"product","2":"type-product","3":"status-publish","4":"has-post-thumbnail","6":"product_cat-gift-vouchers","8":"first","9":"instock","10":"taxable","11":"shipping-taxable","12":"purchasable","13":"product-type-gift-card"},"aioseo_notices":[],"_links":{"self":[{"href":"https:\/\/healthy-choice.co.uk\/lt\/wp-json\/wp\/v2\/product\/1543","targetHints":{"allow":["GET"]}}],"collection":[{"href":"https:\/\/healthy-choice.co.uk\/lt\/wp-json\/wp\/v2\/product"}],"about":[{"href":"https:\/\/healthy-choice.co.uk\/lt\/wp-json\/wp\/v2\/types\/product"}],"wp:featuredmedia":[{"embeddable":true,"href":"https:\/\/healthy-choice.co.uk\/lt\/wp-json\/wp\/v2\/media\/1231"}],"wp:attachment":[{"href":"https:\/\/healthy-choice.co.uk\/lt\/wp-json\/wp\/v2\/media?parent=1543"}],"wp:term":[{"taxonomy":"product_brand","embeddable":true,"href":"https:\/\/healthy-choice.co.uk\/lt\/wp-json\/wp\/v2\/product_brand?post=1543"},{"taxonomy":"product_cat","embeddable":true,"href":"https:\/\/healthy-choice.co.uk\/lt\/wp-json\/wp\/v2\/product_cat?post=1543"},{"taxonomy":"product_tag","embeddable":true,"href":"https:\/\/healthy-choice.co.uk\/lt\/wp-json\/wp\/v2\/product_tag?post=1543"},{"taxonomy":"giftcard-category","embeddable":true,"href":"https:\/\/healthy-choice.co.uk\/lt\/wp-json\/wp\/v2\/giftcard-category?post=1543"}],"curies":[{"name":"wp","href":"https:\/\/api.w.org\/{rel}","templated":true}]}}