{"id":681,"date":"2022-07-02T05:28:59","date_gmt":"2022-07-02T05:28:59","guid":{"rendered":"https:\/\/demo.creativethemes.com\/elementor\/floreo\/?page_id=681"},"modified":"2024-04-09T13:31:15","modified_gmt":"2024-04-09T10:31:15","slug":"about-company","status":"publish","type":"page","link":"https:\/\/healthy-choice.co.uk\/lt\/about-company\/","title":{"rendered":"Apie \u012fmon\u0119"},"content":{"rendered":"<div data-elementor-type=\"wp-page\" data-elementor-id=\"681\" class=\"elementor elementor-681\">\n\t\t\t\t<div class=\"elementor-element elementor-element-36a20ed e-flex e-con-boxed e-con e-parent\" data-id=\"36a20ed\" data-element_type=\"container\" data-e-type=\"container\" data-settings=\"{&quot;background_background&quot;:&quot;classic&quot;}\">\n\t\t\t\t\t<div class=\"e-con-inner\">\n\t\t\t\t<div class=\"elementor-element elementor-element-d54a232 elementor-widget elementor-widget-woocommerce-breadcrumb\" data-id=\"d54a232\" data-element_type=\"widget\" data-e-type=\"widget\" data-widget_type=\"woocommerce-breadcrumb.default\">\n\t\t\t\t<div class=\"elementor-widget-container\">\n\t\t\t\t\t \t\t\t\t<\/div>\n\t\t\t\t<\/div>\n\t\t\t\t<div class=\"elementor-element elementor-element-b0bccca elementor-widget elementor-widget-heading\" data-id=\"b0bccca\" data-element_type=\"widget\" data-e-type=\"widget\" data-widget_type=\"heading.default\">\n\t\t\t\t<div class=\"elementor-widget-container\">\n\t\t\t\t\t<h2 class=\"elementor-heading-title elementor-size-default\">Contact Us<\/h2>\t\t\t\t<\/div>\n\t\t\t\t<\/div>\n\t\t\t\t\t<\/div>\n\t\t\t\t<\/div>\n\t\t<div class=\"elementor-element elementor-element-7b45f29 e-flex e-con-boxed e-con e-parent\" data-id=\"7b45f29\" data-element_type=\"container\" data-e-type=\"container\" data-settings=\"{&quot;background_background&quot;:&quot;classic&quot;}\">\n\t\t\t\t\t<div class=\"e-con-inner\">\n\t\t<div class=\"elementor-element elementor-element-76063b1 e-flex e-con-boxed e-con e-child\" data-id=\"76063b1\" data-element_type=\"container\" data-e-type=\"container\">\n\t\t\t\t\t<div class=\"e-con-inner\">\n\t\t<div class=\"elementor-element elementor-element-080eb3f e-con-full e-flex e-con e-child\" data-id=\"080eb3f\" data-element_type=\"container\" data-e-type=\"container\" data-settings=\"{&quot;background_background&quot;:&quot;classic&quot;}\">\n\t\t\t\t<div class=\"elementor-element elementor-element-54709e5 elementor-widget elementor-widget-image\" data-id=\"54709e5\" data-element_type=\"widget\" data-e-type=\"widget\" data-widget_type=\"image.default\">\n\t\t\t\t<div class=\"elementor-widget-container\">\n\t\t\t\t\t\t\t\t\t\t\t\t\t\t\t<img fetchpriority=\"high\" decoding=\"async\" width=\"294\" height=\"403\" src=\"https:\/\/healthy-choice.co.uk\/wp-content\/uploads\/2023\/07\/about-the-company.png.webp\" class=\"attachment-full size-full wp-image-1415\" alt=\"\" srcset=\"https:\/\/healthy-choice.co.uk\/wp-content\/uploads\/2023\/07\/about-the-company.png.webp 294w, https:\/\/healthy-choice.co.uk\/wp-content\/uploads\/2023\/07\/about-the-company.png-219x300.webp 219w\" sizes=\"(max-width: 294px) 100vw, 294px\" \/>\t\t\t\t\t\t\t\t\t\t\t\t\t\t\t<\/div>\n\t\t\t\t<\/div>\n\t\t\t\t<\/div>\n\t\t<div class=\"elementor-element elementor-element-80c8f1b e-con-full e-flex e-con e-child\" data-id=\"80c8f1b\" data-element_type=\"container\" data-e-type=\"container\">\n\t\t\t\t<div class=\"elementor-element elementor-element-f30d244 elementor-widget elementor-widget-text-editor\" data-id=\"f30d244\" data-element_type=\"widget\" data-e-type=\"widget\" data-widget_type=\"text-editor.default\">\n\t\t\t\t<div class=\"elementor-widget-container\">\n\t\t\t\t\t\t\t\t\t<p><strong>SVEIKA ENERGIJA JSC<\/strong> yra Lietuvoje \u012fsik\u016brusi \u012fmon\u0117, kuri pirm\u0105 kart\u0105 Lietuvos istorijoje suk\u016br\u0117, gamina ir platina auk\u0161\u010diausios kokyb\u0117s pasaulinio lygio baltymus, pagamintus tik Lietuvoje. HEALTHY CHOICE 100% TIKRAS ir VANDENINIS PIENO BALTYMAS gaminamas Lietuvoje i\u0161 Lietuvos ir kit\u0173 Baltijos \u0161ali\u0173 pieno tiek\u0117j\u0173 tiekiamo pieno. Lietuva nuo seno \u017einoma kaip auk\u0161\u010diausios kokyb\u0117s pieno produkt\u0173 gamintoja. Tai tapo pagrindu, kuriuo remdamiesi suk\u016br\u0117me nauj\u0105j\u012f lietuvi\u0161k\u0105 HEALTHY CHOICE 100% PURE and WATER-SOLUBLE WHEY PROTEIN, supakuot\u0105 \u012f 2 kg pakuot\u0119. Taip pat planuojame pristatyti tolesnius <strong>SVEIKAS PASIRINKIMAS<\/strong> produktus ateityje.<\/p><p>Ilgamet\u0119 patirt\u012f turinti profesional\u0173 komanda valdo ir pri\u017ei\u016bri nuolatin\u012f tiekim\u0105<strong> SVEIKAS PASIRINKIMAS<\/strong> baltymus esamiems ir potencialiems klientams tiesiogiai i\u0161 m\u016bs\u0173 sand\u0117li\u0173 arba per m\u016bs\u0173 e. prekybos platformas. UAB \"SVEIKA ENERGIJA\" aktyviai ie\u0161ko ilgalaiki\u0173 partneri\u0173 HEALTHY CHOICE baltym\u0173 platinimui Europoje ir Azijoje. Bendrov\u0117 nuolat tiekia <strong>SVEIKAS PASIRINKIMAS<\/strong> baltymus klientams Jungtin\u0117je Karalyst\u0117je, Airijoje, Vokietijoje, Lenkijoje ir Baltijos \u0161alyse.<\/p>\t\t\t\t\t\t\t\t<\/div>\n\t\t\t\t<\/div>\n\t\t\t\t<\/div>\n\t\t\t\t\t<\/div>\n\t\t\t\t<\/div>\n\t\t<div class=\"elementor-element elementor-element-3f756e3 e-flex e-con-boxed e-con e-child\" data-id=\"3f756e3\" data-element_type=\"container\" data-e-type=\"container\">\n\t\t\t\t\t<div class=\"e-con-inner\">\n\t\t<div class=\"elementor-element elementor-element-93368af e-con-full e-flex e-con e-child\" data-id=\"93368af\" data-element_type=\"container\" data-e-type=\"container\" data-settings=\"{&quot;background_background&quot;:&quot;classic&quot;}\">\n\t\t\t\t<div class=\"elementor-element elementor-element-9457da7 elementor-widget elementor-widget-image\" data-id=\"9457da7\" data-element_type=\"widget\" data-e-type=\"widget\" data-widget_type=\"image.default\">\n\t\t\t\t<div class=\"elementor-widget-container\">\n\t\t\t\t\t\t\t\t\t\t\t\t\t\t\t<img decoding=\"async\" width=\"1267\" height=\"900\" src=\"https:\/\/healthy-choice.co.uk\/wp-content\/uploads\/2023\/07\/visi-proteinai-kombinuotas-Su-vanile-min.jpg\" class=\"attachment-full size-full wp-image-1164\" alt=\"\" srcset=\"https:\/\/healthy-choice.co.uk\/wp-content\/uploads\/2023\/07\/visi-proteinai-kombinuotas-Su-vanile-min.jpg 1267w, https:\/\/healthy-choice.co.uk\/wp-content\/uploads\/2023\/07\/visi-proteinai-kombinuotas-Su-vanile-min-600x426.jpg 600w, https:\/\/healthy-choice.co.uk\/wp-content\/uploads\/2023\/07\/visi-proteinai-kombinuotas-Su-vanile-min-300x213.jpg 300w, https:\/\/healthy-choice.co.uk\/wp-content\/uploads\/2023\/07\/visi-proteinai-kombinuotas-Su-vanile-min-1024x727.jpg 1024w, https:\/\/healthy-choice.co.uk\/wp-content\/uploads\/2023\/07\/visi-proteinai-kombinuotas-Su-vanile-min-768x546.jpg 768w\" sizes=\"(max-width: 1267px) 100vw, 1267px\" \/>\t\t\t\t\t\t\t\t\t\t\t\t\t\t\t<\/div>\n\t\t\t\t<\/div>\n\t\t\t\t<div class=\"elementor-element elementor-element-cf68c59 elementor-hidden-desktop elementor-hidden-mobile elementor-widget elementor-widget-image\" data-id=\"cf68c59\" data-element_type=\"widget\" data-e-type=\"widget\" data-widget_type=\"image.default\">\n\t\t\t\t<div class=\"elementor-widget-container\">\n\t\t\t\t\t\t\t\t\t\t\t\t\t\t\t<img decoding=\"async\" width=\"474\" height=\"527\" src=\"https:\/\/healthy-choice.co.uk\/wp-content\/uploads\/2023\/07\/Zemes-riesutai-ir-migdolu-riesutai-nuotrauka-removebg-preview.png\" class=\"attachment-full size-full wp-image-1229\" alt=\"\" srcset=\"https:\/\/healthy-choice.co.uk\/wp-content\/uploads\/2023\/07\/Zemes-riesutai-ir-migdolu-riesutai-nuotrauka-removebg-preview.png 474w, https:\/\/healthy-choice.co.uk\/wp-content\/uploads\/2023\/07\/Zemes-riesutai-ir-migdolu-riesutai-nuotrauka-removebg-preview-270x300.png 270w\" sizes=\"(max-width: 474px) 100vw, 474px\" \/>\t\t\t\t\t\t\t\t\t\t\t\t\t\t\t<\/div>\n\t\t\t\t<\/div>\n\t\t\t\t<\/div>\n\t\t<div class=\"elementor-element elementor-element-b66e07d e-con-full e-flex e-con e-child\" data-id=\"b66e07d\" data-element_type=\"container\" data-e-type=\"container\">\n\t\t\t\t<div class=\"elementor-element elementor-element-7089241 elementor-widget elementor-widget-text-editor\" data-id=\"7089241\" data-element_type=\"widget\" data-e-type=\"widget\" data-widget_type=\"text-editor.default\">\n\t\t\t\t<div class=\"elementor-widget-container\">\n\t\t\t\t\t\t\t\t\t<p>Artimiausiu metu planuojame pl\u0117stis didindami pardavimus <strong>SVEIKAS PASIRINKIMAS<\/strong> baltym\u0173 u\u017esienio rinkose, eksportuojant \u012f Skandinavij\u0105, Vidurio, Vakar\u0173 ir Piet\u0173 Europ\u0105 bei Azij\u0105. \u012emon\u0117 gamina visi\u0161kai nat\u016bralius, naujos kartos ir auk\u0161\u010diausios kokyb\u0117s baltyminius produktus. Jau atliekami laboratoriniai tyrimai, skirti naujai visi\u0161kai nat\u016brali\u0173 baltymini\u0173 produkt\u0173 linijai sukurti. Tikim\u0117s, kad tai bus maloni staigmena m\u016bs\u0173 i\u0161tikimiems klientams. Klientams, pasira\u0161iusiems HEALTHY CHOICE atstovavimo ar platinimo sutartis su UAB \"SVEIKA ENERGIJA\", bus suteiktos i\u0161skirtin\u0117s teis\u0117s platinti HEALTHY CHOICE <strong>100% \u0160varus ir vandenyje tirpstantis PIENO BALTYMAS<\/strong>.<\/p><p>\u012emon\u0117 skiria daug d\u0117mesio aplinkos apsaugai. Nor\u0117tume i\u0161 anksto pad\u0117koti, kad i\u0161metate panaudotus ir tu\u0161\u010dius <strong>SVEIKAS PASIRINKIMAS<\/strong> pakuot\u0119 \u012f plastiko atliek\u0173 konteiner\u012f, kad ji b\u016bt\u0173 perdirbta.<\/p>\t\t\t\t\t\t\t\t<\/div>\n\t\t\t\t<\/div>\n\t\t\t\t<\/div>\n\t\t\t\t\t<\/div>\n\t\t\t\t<\/div>\n\t\t<div class=\"elementor-element elementor-element-23d571e e-flex e-con-boxed e-con e-child\" data-id=\"23d571e\" data-element_type=\"container\" data-e-type=\"container\">\n\t\t\t\t\t<div class=\"e-con-inner\">\n\t\t\t\t<div class=\"elementor-element elementor-element-dfeb8cb elementor-widget elementor-widget-text-editor\" data-id=\"dfeb8cb\" data-element_type=\"widget\" data-e-type=\"widget\" data-widget_type=\"text-editor.default\">\n\t\t\t\t<div class=\"elementor-widget-container\">\n\t\t\t\t\t\t\t\t\t<p><strong>SVEIKA ENERGIJA<\/strong><\/p>\t\t\t\t\t\t\t\t<\/div>\n\t\t\t\t<\/div>\n\t\t\t\t<div class=\"elementor-element elementor-element-d2606e5 elementor-widget-mobile__width-inherit animated-slow elementor-invisible elementor-widget elementor-widget-heading\" data-id=\"d2606e5\" data-element_type=\"widget\" data-e-type=\"widget\" data-settings=\"{&quot;_animation&quot;:&quot;fadeInUp&quot;,&quot;_animation_delay&quot;:200}\" data-widget_type=\"heading.default\">\n\t\t\t\t<div class=\"elementor-widget-container\">\n\t\t\t\t\t<h2 class=\"elementor-heading-title elementor-size-default\"> Mityba, kuria galite pasitik\u0117ti!\n\n<\/h2>\t\t\t\t<\/div>\n\t\t\t\t<\/div>\n\t\t<div class=\"elementor-element elementor-element-dc5a65e e-flex e-con-boxed e-con e-child\" data-id=\"dc5a65e\" data-element_type=\"container\" data-e-type=\"container\">\n\t\t\t\t\t<div class=\"e-con-inner\">\n\t\t<div class=\"elementor-element elementor-element-96501b6 e-con-full animated-slow e-flex elementor-invisible e-con e-child\" data-id=\"96501b6\" data-element_type=\"container\" data-e-type=\"container\" data-settings=\"{&quot;animation&quot;:&quot;fadeInLeft&quot;,&quot;animation_delay&quot;:200}\">\n\t\t\t\t<div class=\"elementor-element elementor-element-274c40d elementor-position-left elementor-vertical-align-middle elementor-widget elementor-widget-image-box\" data-id=\"274c40d\" data-element_type=\"widget\" data-e-type=\"widget\" data-widget_type=\"image-box.default\">\n\t\t\t\t<div class=\"elementor-widget-container\">\n\t\t\t\t\t<div class=\"elementor-image-box-wrapper\"><figure class=\"elementor-image-box-img\"><img loading=\"lazy\" decoding=\"async\" width=\"566\" height=\"441\" src=\"https:\/\/healthy-choice.co.uk\/wp-content\/uploads\/2023\/07\/vizija.png\" class=\"attachment-full size-full wp-image-1417\" alt=\"\" srcset=\"https:\/\/healthy-choice.co.uk\/wp-content\/uploads\/2023\/07\/vizija.png 566w, https:\/\/healthy-choice.co.uk\/wp-content\/uploads\/2023\/07\/vizija-300x234.png 300w\" sizes=\"(max-width: 566px) 100vw, 566px\" \/><\/figure><div class=\"elementor-image-box-content\"><h3 class=\"elementor-image-box-title\">Vizija<\/h3><\/div><\/div>\t\t\t\t<\/div>\n\t\t\t\t<\/div>\n\t\t\t\t<div class=\"elementor-element elementor-element-0cda6d7 elementor-widget elementor-widget-text-editor\" data-id=\"0cda6d7\" data-element_type=\"widget\" data-e-type=\"widget\" data-widget_type=\"text-editor.default\">\n\t\t\t\t<div class=\"elementor-widget-container\">\n\t\t\t\t\t\t\t\t\t<p><strong>SVEIKA ENERGIJA JSC<\/strong>\u00a0siekia tapti lietuvi\u0161k\u0173 auk\u0161\u010diausios kokyb\u0117s ir biologi\u0161kai verting\u0173 HEALTHY CHOICE 100% PURE ir WATER-SOLUBLE WHEY PROTEIN pardavimo ir eksporto lydere Jungtin\u0117je Karalyst\u0117je, \u012fsitvirtinti Europos ir NVS rinkose bei ateityje \u012fsitvirtinti likusioje pasaulio rinkoje. Tikime, kad m\u016bs\u0173 vizijos s\u0117km\u0117 priklauso nuo u\u017esibr\u0117\u017et\u0173 tiksl\u0173 bei nuolatini\u0173 pastang\u0173, tod\u0117l siekiame:<\/p><ul><li>taikyti naujovi\u0161kus ir modernius veiklos metodus ir daryti visapusi\u0161k\u0105 pa\u017eang\u0105 \u012fgyvendinant savo \u012fsipareigojim\u0105 gaminti ir tiekti auk\u0161tos kokyb\u0117s baltyminius produktus;<\/li><li>tapti patikimiausiu ir labiausiai vertinamu baltym\u0173 gamintoju ir tiek\u0117ju, u\u017etikrinan\u010diu nuolatin\u012f baltym\u0173 produkt\u0173 tiekim\u0105 savo klientams ir verslo partneriams;<\/li><li>i\u0161\u0161\u016bkius paversti galimyb\u0117mis ir pasiekimais;<\/li><li>skatinti iniciatyvum\u0105 ir k\u016brybin\u012f m\u0105stym\u0105;<\/li><li>pagerinti \u012fmon\u0117s rezultatus.<\/li><\/ul>\t\t\t\t\t\t\t\t<\/div>\n\t\t\t\t<\/div>\n\t\t\t\t<\/div>\n\t\t<div class=\"elementor-element elementor-element-77ab5ab e-con-full animated-slow e-flex elementor-invisible e-con e-child\" data-id=\"77ab5ab\" data-element_type=\"container\" data-e-type=\"container\" data-settings=\"{&quot;animation&quot;:&quot;fadeInUp&quot;,&quot;animation_delay&quot;:200}\">\n\t\t\t\t<div class=\"elementor-element elementor-element-7b5f340 elementor-position-left elementor-vertical-align-middle elementor-widget elementor-widget-image-box\" data-id=\"7b5f340\" data-element_type=\"widget\" data-e-type=\"widget\" data-widget_type=\"image-box.default\">\n\t\t\t\t<div class=\"elementor-widget-container\">\n\t\t\t\t\t<div class=\"elementor-image-box-wrapper\"><figure class=\"elementor-image-box-img\"><img loading=\"lazy\" decoding=\"async\" width=\"566\" height=\"441\" src=\"https:\/\/healthy-choice.co.uk\/wp-content\/uploads\/2023\/07\/misija.png\" class=\"attachment-full size-full wp-image-1418\" alt=\"\" srcset=\"https:\/\/healthy-choice.co.uk\/wp-content\/uploads\/2023\/07\/misija.png 566w, https:\/\/healthy-choice.co.uk\/wp-content\/uploads\/2023\/07\/misija-300x234.png 300w\" sizes=\"(max-width: 566px) 100vw, 566px\" \/><\/figure><div class=\"elementor-image-box-content\"><h3 class=\"elementor-image-box-title\">Misija<\/h3><\/div><\/div>\t\t\t\t<\/div>\n\t\t\t\t<\/div>\n\t\t\t\t<div class=\"elementor-element elementor-element-e1fae5d elementor-widget elementor-widget-text-editor\" data-id=\"e1fae5d\" data-element_type=\"widget\" data-e-type=\"widget\" data-widget_type=\"text-editor.default\">\n\t\t\t\t<div class=\"elementor-widget-container\">\n\t\t\t\t\t\t\t\t\t<ul><li>Skatinti \u012fvairaus am\u017eiaus \u017emones gyventi fizi\u0161kai aktyviau, sportuoti ir naudotis nat\u016braliomis Lietuvos\u00a0<strong>SVEIKAS PASIRINKIMAS<\/strong>\u00a0baltym\u0173 koncentratas.<\/li><li>Motyvuoti \u017emones gerinti savo k\u016bn\u0105, sveikat\u0105 ir gerov\u0119 bei pad\u0117ti atsigauti asmenims, patyrusiems traum\u0105 ar susirgusiems.<\/li><li>Skatinti sveik\u0105 gyvensen\u0105.<\/li><li>Pad\u0117ti sportininkams siekti savo tiksl\u0173.<\/li><li>Teikti profesionali\u0105 informacij\u0105 ir konsultavimo paslaugas apie m\u016bs\u0173 gamin\u012f remiantis moksliniais tyrimais.<\/li><li>Siekti ilgalaik\u0117s partneryst\u0117s su klientais ir verslo partneriais.<\/li><li>\u00a0<\/li><\/ul>\t\t\t\t\t\t\t\t<\/div>\n\t\t\t\t<\/div>\n\t\t\t\t<\/div>\n\t\t<div class=\"elementor-element elementor-element-31429f5 e-con-full animated-slow e-flex elementor-invisible e-con e-child\" data-id=\"31429f5\" data-element_type=\"container\" data-e-type=\"container\" data-settings=\"{&quot;animation&quot;:&quot;fadeInRight&quot;,&quot;animation_delay&quot;:200}\">\n\t\t\t\t<div class=\"elementor-element elementor-element-8aa8f8b elementor-position-left elementor-vertical-align-middle elementor-widget elementor-widget-image-box\" data-id=\"8aa8f8b\" data-element_type=\"widget\" data-e-type=\"widget\" data-widget_type=\"image-box.default\">\n\t\t\t\t<div class=\"elementor-widget-container\">\n\t\t\t\t\t<div class=\"elementor-image-box-wrapper\"><figure class=\"elementor-image-box-img\"><img loading=\"lazy\" decoding=\"async\" width=\"566\" height=\"441\" src=\"https:\/\/healthy-choice.co.uk\/wp-content\/uploads\/2023\/07\/vertybes.png\" class=\"attachment-full size-full wp-image-1419\" alt=\"\" srcset=\"https:\/\/healthy-choice.co.uk\/wp-content\/uploads\/2023\/07\/vertybes.png 566w, https:\/\/healthy-choice.co.uk\/wp-content\/uploads\/2023\/07\/vertybes-300x234.png 300w\" sizes=\"(max-width: 566px) 100vw, 566px\" \/><\/figure><div class=\"elementor-image-box-content\"><h3 class=\"elementor-image-box-title\">Vertyb\u0117s<\/h3><\/div><\/div>\t\t\t\t<\/div>\n\t\t\t\t<\/div>\n\t\t\t\t<div class=\"elementor-element elementor-element-66d0c1b elementor-widget elementor-widget-text-editor\" data-id=\"66d0c1b\" data-element_type=\"widget\" data-e-type=\"widget\" data-widget_type=\"text-editor.default\">\n\t\t\t\t<div class=\"elementor-widget-container\">\n\t\t\t\t\t\t\t\t\t<p>Mums klientas ir verslo partneris yra pats svarbiausias, tod\u0117l visada stengiam\u0117s, kad jis b\u016bt\u0173 patenkintas ir kad jam b\u016bt\u0173 malonu su mumis dirbti.<\/p><p>Mes gerbiame ir vertiname kokyb\u0119, patikimum\u0105, atvirum\u0105, paslaugum\u0105, s\u0105\u017einingum\u0105, o ypa\u010d - ilgalaik\u0119 partneryst\u0119 bei verslo etik\u0105. M\u016bs\u0173 bendrov\u0117s vertybin\u0117s nuostatos - siekti pa\u017eangos drauge, dirbti kaip viena komanda, puosel\u0117ti ilgalaik\u0119 partneryst\u0119, gerbti vieniems kitiems ir r\u016bpintis mus supan\u010dia aplinka.<\/p>\t\t\t\t\t\t\t\t<\/div>\n\t\t\t\t<\/div>\n\t\t\t\t<\/div>\n\t\t\t\t\t<\/div>\n\t\t\t\t<\/div>\n\t\t\t\t\t<\/div>\n\t\t\t\t<\/div>\n\t\t\t\t\t<\/div>\n\t\t\t\t<\/div>\n\t\t\t\t<\/div>","protected":false},"excerpt":{"rendered":"<p>SVEIKA ENERGIJA JSC is a Lithuanian-based company that has, for the first time in Lithuanian history developed, produced and distribute top-quality, world-class protein made exclusively in Lithuania. HEALTHY CHOICE 100% PURE and WATER-SOLUBLE WHEY PROTEIN is made in Lithuania from milk supplied by Lithuanian and other Baltic dairy suppliers. Lithuania has been known throughout the [&hellip;]<\/p>\n","protected":false},"author":3,"featured_media":0,"parent":0,"menu_order":0,"comment_status":"closed","ping_status":"closed","template":"","meta":{"footnotes":""},"class_list":["post-681","page","type-page","status-publish","hentry"],"blocksy_meta":{"styles_descriptor":{"styles":{"desktop":"","tablet":"","mobile":""},"google_fonts":[],"version":6},"page_title_panel":"","has_hero_section":"disabled","1d15b7934ff424ab25737f2d764de13a":"","hero_section":"type-1","hero_elements":[{"id":"custom_title","enabled":true,"heading_tag":"h1","title":"Home"},{"id":"custom_description","enabled":true,"description_visibility":{"desktop":true,"tablet":true,"mobile":false}},{"id":"custom_meta","enabled":false,"meta_elements":[{"id":"author","enabled":true,"label":"By","has_author_avatar":"yes","avatar_size":25},{"id":"post_date","enabled":true,"label":"On","date_format_source":"default","date_format":"M j, Y"},{"id":"updated_date","enabled":false,"label":"On","date_format_source":"default","date_format":"M j, Y"},{"id":"categories","enabled":false,"label":"In","style":"simple"},{"id":"comments","enabled":true}],"page_meta_elements":{"joined":true,"articles_count":true,"comments":true}},{"id":"breadcrumbs","enabled":false}],"e377139f0e48a4cb5a64798ea8d651b9":"","hero_alignment1":"CT_CSS_SKIP_RULE","hero_margin":40,"hero_alignment2":"center","hero_vertical_alignment":"center","af09189de71c08c18e1cd076aeaad8fe":"","hero_structure":"narrow","4241a204ae10e70836b130f646a7f2d5":"","page_title_bg_type":"featured_image","custom_hero_background":{"attachment_id":null},"page_title_image_size":"full","parallax":{"desktop":false,"tablet":false,"mobile":false},"37c6846e78051bc32791c6958664507d":"","hero_height":"250px","pageTitleFont":{"family":"Default","variation":"Default","size":"30px","line-height":"CT_CSS_SKIP_RULE","letter-spacing":"CT_CSS_SKIP_RULE","text-transform":"CT_CSS_SKIP_RULE","text-decoration":"CT_CSS_SKIP_RULE"},"pageTitleFontColor":{"default":{"color":"CT_CSS_SKIP_RULEDEFAULT"}},"pageMetaFont":{"family":"Default","variation":"n6","size":"12px","line-height":"1.3","letter-spacing":"CT_CSS_SKIP_RULE","text-transform":"uppercase","text-decoration":"CT_CSS_SKIP_RULE"},"pageMetaFontColor":{"default":{"color":"CT_CSS_SKIP_RULEDEFAULT"},"hover":{"color":"CT_CSS_SKIP_RULEDEFAULT"}},"page_meta_button_type_font_colors":{"default":{"color":"CT_CSS_SKIP_RULEDEFAULT"},"hover":{"color":"CT_CSS_SKIP_RULEDEFAULT"}},"page_meta_button_type_background_colors":{"default":{"color":"CT_CSS_SKIP_RULEDEFAULT"},"hover":{"color":"CT_CSS_SKIP_RULEDEFAULT"}},"pageExcerptFont":{"family":"Default","variation":"Default","size":"CT_CSS_SKIP_RULE","line-height":"CT_CSS_SKIP_RULE","letter-spacing":"CT_CSS_SKIP_RULE","text-transform":"CT_CSS_SKIP_RULE","text-decoration":"CT_CSS_SKIP_RULE"},"pageExcerptColor":{"default":{"color":"CT_CSS_SKIP_RULEDEFAULT"}},"breadcrumbsFont":{"family":"Default","variation":"Default","size":"CT_CSS_SKIP_RULE","line-height":"CT_CSS_SKIP_RULE","letter-spacing":"CT_CSS_SKIP_RULE","text-transform":"CT_CSS_SKIP_RULE","text-decoration":"CT_CSS_SKIP_RULE"},"breadcrumbsFontColor":{"default":{"color":"CT_CSS_SKIP_RULEDEFAULT"},"initial":{"color":"CT_CSS_SKIP_RULEDEFAULT"},"hover":{"color":"CT_CSS_SKIP_RULEDEFAULT"}},"pageTitleOverlay":{"background_type":"color","background_pattern":"type-1","background_image":{"attachment_id":null,"x":0,"y":0},"gradient":"linear-gradient(135deg,rgba(6,147,227,1) 0%,rgb(155,81,224) 100%)","background_repeat":"repeat","background_size":"auto","background_attachment":"scroll","patternColor":{"default":{"color":"#e5e7ea"}},"overlayColor":{"default":{"color":"CT_CSS_SKIP_RULE"}},"backgroundColor":{"default":{"color":"CT_CSS_SKIP_RULE"}}},"pageTitleBackground":{"background_type":"color","background_pattern":"type-1","background_image":{"attachment_id":null,"x":0,"y":0},"gradient":"linear-gradient(135deg,rgba(6,147,227,1) 0%,rgb(155,81,224) 100%)","background_repeat":"repeat","background_size":"auto","background_attachment":"scroll","patternColor":{"default":{"color":"#e5e7ea"}},"overlayColor":{"default":{"color":"CT_CSS_SKIP_RULE"}},"backgroundColor":{"default":{"color":"var(--theme-palette-color-6)"}}},"pageTitlePadding":{"top":"50px","bottom":"50px","left":"auto","right":"auto","linked":true},"a8fa859ceafab67cbfce97e380ccc088":"","page_structure_type":"default","2c44625e200027fb7003d1deb510aed8":"","content_style_source":"inherit","content_style":"wide","vertical_spacing_source":"custom","content_area_spacing":"none","background":{"background_type":"color","background_pattern":"type-1","background_image":{"attachment_id":null,"x":0,"y":0},"gradient":"linear-gradient(135deg,rgba(6,147,227,1) 0%,rgb(155,81,224) 100%)","background_repeat":"repeat","background_size":"auto","background_attachment":"scroll","patternColor":{"default":{"color":"#e5e7ea"}},"overlayColor":{"default":{"color":"CT_CSS_SKIP_RULE"}},"backgroundColor":{"default":{"color":"CT_CSS_SKIP_RULE"}}},"content_background":{"background_type":"color","background_pattern":"type-1","background_image":{"attachment_id":null,"x":0,"y":0},"gradient":"linear-gradient(135deg,rgba(6,147,227,1) 0%,rgb(155,81,224) 100%)","background_repeat":"repeat","background_size":"auto","background_attachment":"scroll","patternColor":{"default":{"color":"#e5e7ea"}},"overlayColor":{"default":{"color":"CT_CSS_SKIP_RULE"}},"backgroundColor":{"default":{"color":"var(--theme-palette-color-8)"}}},"content_boxed_shadow":{"inherit":false,"blur":18,"spread":-6,"v_offset":12,"h_offset":0,"inset":false,"enable":true,"color":{"color":"rgba(34, 56, 101, 0.04)"}},"content_boxed_border":{"width":1,"style":"none","color":{"color":"rgba(44,62,80,0.2)"}},"content_boxed_radius":{"top":"3px","bottom":"3px","left":"3px","right":"3px","linked":true},"boxed_content_spacing":{"desktop":{"top":"40px","bottom":"40px","left":"40px","right":"40px","linked":true},"tablet":{"top":"35px","bottom":"35px","left":"35px","right":"35px","linked":true},"mobile":{"top":"20px","bottom":"20px","left":"20px","right":"20px","linked":true}},"b6a9da5a132a1b76f66ef374aa22372c":"","disable_featured_image":"no","disable_share_box":"no","disable_header":"no","disable_footer":"no"},"aioseo_notices":[],"_links":{"self":[{"href":"https:\/\/healthy-choice.co.uk\/lt\/wp-json\/wp\/v2\/pages\/681","targetHints":{"allow":["GET"]}}],"collection":[{"href":"https:\/\/healthy-choice.co.uk\/lt\/wp-json\/wp\/v2\/pages"}],"about":[{"href":"https:\/\/healthy-choice.co.uk\/lt\/wp-json\/wp\/v2\/types\/page"}],"author":[{"embeddable":true,"href":"https:\/\/healthy-choice.co.uk\/lt\/wp-json\/wp\/v2\/users\/3"}],"replies":[{"embeddable":true,"href":"https:\/\/healthy-choice.co.uk\/lt\/wp-json\/wp\/v2\/comments?post=681"}],"version-history":[{"count":1,"href":"https:\/\/healthy-choice.co.uk\/lt\/wp-json\/wp\/v2\/pages\/681\/revisions"}],"predecessor-version":[{"id":2141,"href":"https:\/\/healthy-choice.co.uk\/lt\/wp-json\/wp\/v2\/pages\/681\/revisions\/2141"}],"wp:attachment":[{"href":"https:\/\/healthy-choice.co.uk\/lt\/wp-json\/wp\/v2\/media?parent=681"}],"curies":[{"name":"wp","href":"https:\/\/api.w.org\/{rel}","templated":true}]}}