{"id":491,"date":"2022-06-29T17:50:34","date_gmt":"2022-06-29T17:50:34","guid":{"rendered":"https:\/\/demo.creativethemes.com\/elementor\/floreo\/?page_id=491"},"modified":"2024-04-09T13:31:15","modified_gmt":"2024-04-09T10:31:15","slug":"payment-shipping","status":"publish","type":"page","link":"https:\/\/healthy-choice.co.uk\/lt\/payment-shipping\/","title":{"rendered":"Mok\u0117jimas ir pristatymas"},"content":{"rendered":"<div data-elementor-type=\"wp-page\" data-elementor-id=\"491\" class=\"elementor elementor-491\">\n\t\t\t\t\t\t<section class=\"elementor-section elementor-top-section elementor-element elementor-element-5989b116 ct-section-stretched elementor-section-boxed elementor-section-height-default elementor-section-height-default\" data-id=\"5989b116\" data-element_type=\"section\" data-e-type=\"section\" data-settings=\"{&quot;background_background&quot;:&quot;classic&quot;}\">\n\t\t\t\t\t\t<div class=\"elementor-container elementor-column-gap-default\">\n\t\t\t\t\t<div class=\"elementor-column elementor-col-100 elementor-top-column elementor-element elementor-element-49861077\" data-id=\"49861077\" data-element_type=\"column\" data-e-type=\"column\">\n\t\t\t<div class=\"elementor-widget-wrap elementor-element-populated\">\n\t\t\t\t\t\t<div class=\"elementor-element elementor-element-76f0ed4 elementor-widget elementor-widget-heading\" data-id=\"76f0ed4\" data-element_type=\"widget\" data-e-type=\"widget\" data-widget_type=\"heading.default\">\n\t\t\t\t<div class=\"elementor-widget-container\">\n\t\t\t\t\t<h2 class=\"elementor-heading-title elementor-size-default\">Mok\u0117jimas<\/h2>\t\t\t\t<\/div>\n\t\t\t\t<\/div>\n\t\t\t\t<div class=\"elementor-element elementor-element-9e70a73 elementor-widget elementor-widget-text-editor\" data-id=\"9e70a73\" data-element_type=\"widget\" data-e-type=\"widget\" data-widget_type=\"text-editor.default\">\n\t\t\t\t<div class=\"elementor-widget-container\">\n\t\t\t\t\t\t\t\t\t<p><strong>1. Galite mok\u0117ti naudodamiesi e. bankininkyste (Paysera)<\/strong><\/p><p>\"Paysera\" - tai elektronin\u0117 mok\u0117jimo sistema, kurioje derinami \u012fvair\u016bs mok\u0117jimo b\u016bdai: per \"Paysera\" sistem\u0105, elektronin\u0119 bankininkyst\u0119 arba mok\u0117jimo korteles. \"Paysera\" si\u016blo nemokam\u0105 keli\u0173 valiut\u0173 s\u0105skait\u0105, kuri\u0105 atidaryti ir papildyti u\u017etrunka vos kelias minutes. Taip pat greitus ir saugius mok\u0117jimus internetu, u\u017e kuriuos pirk\u0117jui gr\u0105\u017einama dalis i\u0161leistos sumos. Paysera taip pat suteikia prieig\u0105 prie patogios mobiliosios pinigin\u0117s, kuri dar labiau palengvina mok\u0117jimus tiek internetu, tiek fizin\u0117se vietose. Mok\u0117kite per \"Paysera\" - tai greita, \u0161iuolaiki\u0161ka ir naudinga. U\u017e kiekvien\u0105 mok\u0117jim\u0105 pirk\u0117jas \u012f \"Paysera\" s\u0105skait\u0105 gr\u0105\u017eina iki 1% sumos, sumok\u0117tos u\u017e prekes ar paslaugas.<\/p><p>\"Danske Bank A\/S\" Lietuvos filialas, AS Luminor (\"DNB\") bankas, AS Citadele bankas, AS Luminor (\"Nordea\") bankas, AB SEB bankas, AB bankas \"Swedbank\", AB \u0160iauli\u0173 bankas, UAB Medicinos bankas, Lietuvos kredito unijos, MoQ, Paysera s\u0105skaita, Kreditin\u0117s kortel\u0117s<\/p>\t\t\t\t\t\t\t\t<\/div>\n\t\t\t\t<\/div>\n\t\t\t\t<div class=\"elementor-element elementor-element-b074be8 elementor-widget elementor-widget-text-editor\" data-id=\"b074be8\" data-element_type=\"widget\" data-e-type=\"widget\" data-widget_type=\"text-editor.default\">\n\t\t\t\t<div class=\"elementor-widget-container\">\n\t\t\t\t\t\t\t\t\t<p><strong>2. Galite mok\u0117ti banko pavedimu:<\/strong><\/p><p>Atsiskaitymo reikalavimai:<\/p><ol><li><em><strong>AB \"SEB\" bankas:<\/strong><\/em><br \/>S\u0105skaitos Nr.: LT39 7044 0600 0786 3477 - EUR \/ USD \/ GBP (\u012fvairiomis valiutomis)<br \/>Banko kodas: 70440<br \/>S.W.I.F.T. kodas: CBVILT2X<\/li><li><em><strong>Paysera:\u00a0<\/strong><\/em>UAB Paysera elektronini\u0173 pinig\u0173 \u012fstaiga<br \/>S\u0105skaitos Nr.: LT13 3500 0100 0139 8442 - EUR \/ USD \/ GBP (\u012fvairiomis valiutomis).\u00a0<span class=\"goog-text-highlight\">Banko kodas: 35000,\u00a0<\/span><span class=\"goog-text-highlight\">S.WIFT kodas: EVIULT21XXX<\/span><br \/><br \/><\/li><\/ol><p>Nepamir\u0161kite para\u0161yti\u00a0<strong><u>u\u017esakymo kodas<\/u><\/strong>\u00a0banko pavedimo laukelyje \"Paskirtis\".<\/p>\t\t\t\t\t\t\t\t<\/div>\n\t\t\t\t<\/div>\n\t\t\t\t\t<\/div>\n\t\t<\/div>\n\t\t\t\t\t<\/div>\n\t\t<\/section>\n\t\t\t\t<section class=\"elementor-section elementor-top-section elementor-element elementor-element-b4986d8 elementor-section-boxed elementor-section-height-default elementor-section-height-default\" data-id=\"b4986d8\" data-element_type=\"section\" data-e-type=\"section\">\n\t\t\t\t\t\t<div class=\"elementor-container elementor-column-gap-default\">\n\t\t\t\t\t<div class=\"elementor-column elementor-col-100 elementor-top-column elementor-element elementor-element-73e89ab\" data-id=\"73e89ab\" data-element_type=\"column\" data-e-type=\"column\">\n\t\t\t<div class=\"elementor-widget-wrap elementor-element-populated\">\n\t\t\t\t\t\t<div class=\"elementor-element elementor-element-472b1f0 elementor-widget elementor-widget-heading\" data-id=\"472b1f0\" data-element_type=\"widget\" data-e-type=\"widget\" data-widget_type=\"heading.default\">\n\t\t\t\t<div class=\"elementor-widget-container\">\n\t\t\t\t\t<h2 class=\"elementor-heading-title elementor-size-default\">Pristatymas<\/h2>\t\t\t\t<\/div>\n\t\t\t\t<\/div>\n\t\t\t\t<div class=\"elementor-element elementor-element-e951280 elementor-widget elementor-widget-text-editor\" data-id=\"e951280\" data-element_type=\"widget\" data-e-type=\"widget\" data-widget_type=\"text-editor.default\">\n\t\t\t\t<div class=\"elementor-widget-container\">\n\t\t\t\t\t\t\t\t\t<p>1.1. Pardav\u0117jas siekia, kad konkre\u010dios Pirk\u0117jo u\u017esakytos prek\u0117s b\u016bt\u0173 perduotos kurjeriui per 2 darbo dienas po apmok\u0117jimo u\u017e prekes.<br \/>1.2. Kurjeris pristato prekes Pirk\u0117jo adresu:<br \/>1.2.1. 1-2 darbo dienos Lietuvoje;<br \/>1.2.2. D\u0117l kit\u0173 \u0161ali\u0173 kreipkit\u0117s telefonu arba el. pa\u0161tu;<br \/>1.3. Preki\u0173 pristatymui naudojamos \"Venipak Lietuva\" paslaugos.<br \/>1.4. Bet koks u\u017esakymas bus i\u0161si\u0173stas per \"Venipak Lietuva\" kurjer\u012f. Kai u\u017esakymas bus i\u0161si\u0173stas, gausite prane\u0161im\u0105 su siuntos sekimo numeriu, kad gal\u0117tum\u0117te sekti jo eig\u0105 naudodamiesi internetine paslauga.<br \/>1.5. Informacij\u0105 apie \"Venipak Lietuva\" darbo laik\u0105 (pristatymo laik\u0105) ir \"Venipak Lietuva\" paslaugas pirk\u0117jas gali perskaityti konkre\u010dioje \u0161alyje esan\u010diame \"Venipak\" tinklalapyje.<br \/>1.6. Jei nerandate savo \u0161alies, susisiekite su mumis el. pa\u0161tu arba telefonu ir mes jums parinksime patogiausi\u0105 pristatymo b\u016bd\u0105.<\/p><p><strong>U\u017esakymo suma vir\u0161ija 50 \u20ac - NEMOKAMAS pristatymas Lietuvoje<br \/><\/strong>Kitais atvejais visame pasaulyje pristatymo kaina apskai\u010diuojama pagal u\u017esakymo svor\u012f.<\/p>\t\t\t\t\t\t\t\t<\/div>\n\t\t\t\t<\/div>\n\t\t\t\t\t<\/div>\n\t\t<\/div>\n\t\t\t\t\t<\/div>\n\t\t<\/section>\n\t\t\t\t<section class=\"elementor-section elementor-top-section elementor-element elementor-element-c740a31 elementor-section-boxed elementor-section-height-default elementor-section-height-default\" data-id=\"c740a31\" data-element_type=\"section\" data-e-type=\"section\">\n\t\t\t\t\t\t<div class=\"elementor-container elementor-column-gap-default\">\n\t\t\t\t\t<div class=\"elementor-column elementor-col-100 elementor-top-column elementor-element elementor-element-5b9eb46\" data-id=\"5b9eb46\" data-element_type=\"column\" data-e-type=\"column\">\n\t\t\t<div class=\"elementor-widget-wrap elementor-element-populated\">\n\t\t\t\t\t\t<div class=\"elementor-element elementor-element-d5923c9 elementor-widget elementor-widget-heading\" data-id=\"d5923c9\" data-element_type=\"widget\" data-e-type=\"widget\" data-widget_type=\"heading.default\">\n\t\t\t\t<div class=\"elementor-widget-container\">\n\t\t\t\t\t<h2 class=\"elementor-heading-title elementor-size-default\">Gr\u0105\u017eina<\/h2>\t\t\t\t<\/div>\n\t\t\t\t<\/div>\n\t\t\t\t<div class=\"elementor-element elementor-element-e7bef0d elementor-widget elementor-widget-text-editor\" data-id=\"e7bef0d\" data-element_type=\"widget\" data-e-type=\"widget\" data-widget_type=\"text-editor.default\">\n\t\t\t\t<div class=\"elementor-widget-container\">\n\t\t\t\t\t\t\t\t\t<p>2.1. \u012esigytos prek\u0117s\u00a0<strong>tiesiogiai<\/strong> i\u0161 www.healthychoice.co.uk galima gr\u0105\u017einti per 15 dien\u0173 nuo pristatymo.<br \/>2.2. Gr\u0105\u017einti galima tik neatidaryt\u0105 gaminio pakuot\u0119.<br \/>2.3. Prek\u0117s turi b\u016bti gr\u0105\u017einamos originalioje pakuot\u0117je.<br \/>2.4. Pirk\u0117jui gr\u0105\u017einama suma gali b\u016bti i\u0161mok\u0117ta per 5 darbo dienas po to, kai prek\u0117s buvo gr\u0105\u017eintos Pardav\u0117jui ir Pardav\u0117jas patvirtino, kad prek\u0117s yra priimtos kaip gr\u0105\u017eintos. Pristatymo mokestis negr\u0105\u017einamas.<br \/>2.5. Jei norite gr\u0105\u017einti prek\u0119, kad j\u0105 pakeistum\u0117te arba gr\u0105\u017eintum\u0117te pinigus, si\u016blome tai padaryti per saugi\u0105 ir apdraust\u0105 pristatymo tarnyb\u0105 (pvz., \"Venipak\", UPS, DHL, DPD ir kt.). Mes neprisiimame atsakomyb\u0117s u\u017e neatsiimtas prekes. Gr\u0105\u017einimo mokes\u010dius apmoka pirk\u0117jas.<br \/>2.6. Paprastai pra\u0161ymas gr\u0105\u017einti prek\u0119 bus i\u0161nagrin\u0117tas per 48 valandas nuo jo gavimo.<br \/>2.7. Gr\u0105\u017einimo adresas: Sporto g. 3-79, LT-09238, Vilnius, Lietuva.<\/p>\t\t\t\t\t\t\t\t<\/div>\n\t\t\t\t<\/div>\n\t\t\t\t\t<\/div>\n\t\t<\/div>\n\t\t\t\t\t<\/div>\n\t\t<\/section>\n\t\t\t\t<\/div>","protected":false},"excerpt":{"rendered":"<p>Payment 1. You can pay by using E-banking (Paysera) Paysera is an electronic payment system that combines different payment methods: via the Paysera system, electronic banking or payment cards. Paysera offers a free multi-currency account, which takes just a few minutes to open and top up. Also fast and secure online payments, for which the [&hellip;]<\/p>\n","protected":false},"author":3,"featured_media":0,"parent":0,"menu_order":0,"comment_status":"closed","ping_status":"closed","template":"","meta":{"footnotes":""},"class_list":["post-491","page","type-page","status-publish","hentry"],"blocksy_meta":[],"aioseo_notices":[],"_links":{"self":[{"href":"https:\/\/healthy-choice.co.uk\/lt\/wp-json\/wp\/v2\/pages\/491","targetHints":{"allow":["GET"]}}],"collection":[{"href":"https:\/\/healthy-choice.co.uk\/lt\/wp-json\/wp\/v2\/pages"}],"about":[{"href":"https:\/\/healthy-choice.co.uk\/lt\/wp-json\/wp\/v2\/types\/page"}],"author":[{"embeddable":true,"href":"https:\/\/healthy-choice.co.uk\/lt\/wp-json\/wp\/v2\/users\/3"}],"replies":[{"embeddable":true,"href":"https:\/\/healthy-choice.co.uk\/lt\/wp-json\/wp\/v2\/comments?post=491"}],"version-history":[{"count":1,"href":"https:\/\/healthy-choice.co.uk\/lt\/wp-json\/wp\/v2\/pages\/491\/revisions"}],"predecessor-version":[{"id":2232,"href":"https:\/\/healthy-choice.co.uk\/lt\/wp-json\/wp\/v2\/pages\/491\/revisions\/2232"}],"wp:attachment":[{"href":"https:\/\/healthy-choice.co.uk\/lt\/wp-json\/wp\/v2\/media?parent=491"}],"curies":[{"name":"wp","href":"https:\/\/api.w.org\/{rel}","templated":true}]}}