{"id":84,"date":"2022-01-13T08:50:15","date_gmt":"2022-01-13T08:50:15","guid":{"rendered":"https:\/\/demo.creativethemes.com\/blocksy\/floreo\/?post_type=product&#038;p=84"},"modified":"2025-12-28T14:05:13","modified_gmt":"2025-12-28T12:05:13","slug":"hemp-seed-proteins-250g","status":"publish","type":"product","link":"https:\/\/healthy-choice.co.uk\/fr\/produit\/hemp-seed-proteins-250g\/","title":{"rendered":"Prot\u00e9ines de graines de chanvre, 250g"},"content":{"rendered":"<h2>A propos de HEALTHY CHOICE Hemp Seed Protein<\/h2>\n<p>Poudre de prot\u00e9ines \u00e0 haute concentration prot\u00e9ique (49%) fabriqu\u00e9e \u00e0 partir de tourteaux de chanvre obtenus par pressage de graines de chanvre. Le tourteau de chanvre est ensuite broy\u00e9 et soigneusement tamis\u00e9 en diff\u00e9rentes fractions. Pendant le processus de traitement, la temp\u00e9rature du mat\u00e9riau ne d\u00e9passe pas 40 degr\u00e9s, ce qui permet de pr\u00e9server tous les \u00e9l\u00e9ments naturels et les min\u00e9raux vitaux. Enfin, la poudre de la fraction la plus petite est s\u00e9par\u00e9e et les \u00e9l\u00e9ments naturels de l'huile de chanvre sont extraits de l'huile de chanvre.\u00a0<strong>Le choix de la sant\u00e9<\/strong>\u00a0la prot\u00e9ine de chanvre est produite.<\/p>\n<p><strong>Les avantages de ce produit, cultiv\u00e9 et pr\u00e9par\u00e9 en Lituanie :<\/strong><\/p>\n<ul>\n<li>Aide \u00e0 maintenir la masse musculaire maigre<\/li>\n<li>Il existe 9 acides amin\u00e9s essentiels<\/li>\n<li>Excellente source de min\u00e9raux et de vitamines<\/li>\n<li>Convient aux v\u00e9g\u00e9taliens<\/li>\n<li>Les prot\u00e9ines du chanvre sont proches des prot\u00e9ines humaines, elles sont donc bien absorb\u00e9es.<\/li>\n<li>La prot\u00e9ine de chanvre est connue pour \u00eatre l'une des plus nutritives de la plan\u00e8te.<\/li>\n<\/ul>","protected":false},"excerpt":{"rendered":"<div class=\"product-short-description\">\n<p>La prot\u00e9ine de fibre de chanvre est connue pour \u00eatre l'une des prot\u00e9ines les plus nutritives de la plan\u00e8te. Ce produit est cultiv\u00e9 et pr\u00e9par\u00e9 en Lituanie et poss\u00e8de de nombreuses propri\u00e9t\u00e9s utiles.<\/p>\n<\/div>","protected":false},"featured_media":2396,"template":"","meta":[],"product_brand":[],"product_cat":[31],"product_tag":[],"giftcard-category":[],"class_list":{"0":"post-84","1":"product","2":"type-product","3":"status-publish","4":"has-post-thumbnail","6":"product_cat-hemp-products","8":"first","9":"outofstock","10":"taxable","11":"shipping-taxable","12":"purchasable","13":"product-type-simple"},"aioseo_notices":[],"_links":{"self":[{"href":"https:\/\/healthy-choice.co.uk\/fr\/wp-json\/wp\/v2\/product\/84","targetHints":{"allow":["GET"]}}],"collection":[{"href":"https:\/\/healthy-choice.co.uk\/fr\/wp-json\/wp\/v2\/product"}],"about":[{"href":"https:\/\/healthy-choice.co.uk\/fr\/wp-json\/wp\/v2\/types\/product"}],"wp:featuredmedia":[{"embeddable":true,"href":"https:\/\/healthy-choice.co.uk\/fr\/wp-json\/wp\/v2\/media\/2396"}],"wp:attachment":[{"href":"https:\/\/healthy-choice.co.uk\/fr\/wp-json\/wp\/v2\/media?parent=84"}],"wp:term":[{"taxonomy":"product_brand","embeddable":true,"href":"https:\/\/healthy-choice.co.uk\/fr\/wp-json\/wp\/v2\/product_brand?post=84"},{"taxonomy":"product_cat","embeddable":true,"href":"https:\/\/healthy-choice.co.uk\/fr\/wp-json\/wp\/v2\/product_cat?post=84"},{"taxonomy":"product_tag","embeddable":true,"href":"https:\/\/healthy-choice.co.uk\/fr\/wp-json\/wp\/v2\/product_tag?post=84"},{"taxonomy":"giftcard-category","embeddable":true,"href":"https:\/\/healthy-choice.co.uk\/fr\/wp-json\/wp\/v2\/giftcard-category?post=84"}],"curies":[{"name":"wp","href":"https:\/\/api.w.org\/{rel}","templated":true}]}}