{"id":487,"date":"2022-01-14T17:28:29","date_gmt":"2022-01-14T17:28:29","guid":{"rendered":"https:\/\/demo.creativethemes.com\/blocksy\/floreo\/?post_type=product&#038;p=487"},"modified":"2025-12-28T14:27:27","modified_gmt":"2025-12-28T12:27:27","slug":"melatonin-tryptophan-b6-120-tablets","status":"publish","type":"product","link":"https:\/\/healthy-choice.co.uk\/fr\/produit\/melatonin-tryptophan-b6-120-tablets\/","title":{"rendered":"M\u00e9latonine + Tryptophane + B6 120 comprim\u00e9s"},"content":{"rendered":"<h2>Compl\u00e9ment alimentaire M\u00e9latonine + Tryptophane + B6 120 comprim\u00e9s<\/h2>\n<p>La m\u00e9latonine contribue \u00e0 raccourcir le temps d'endormissement. Le L-tryptophane est un acide amin\u00e9 essentiel n\u00e9cessaire \u00e0 la production de prot\u00e9ines impliqu\u00e9es dans la synth\u00e8se de la m\u00e9latonine et de la s\u00e9rotonine. La vitamine B6 contribue au maintien d'un m\u00e9tabolisme \u00e9nerg\u00e9tique normal, au fonctionnement normal du syst\u00e8me nerveux, au m\u00e9tabolisme normal de l'homocyst\u00e9ine, au m\u00e9tabolisme normal des prot\u00e9ines et du glycog\u00e8ne.<\/p>\n<p>120 comprim\u00e9s<br \/>\nPoids net : 32,4 g<\/p>\n<p><strong>COMPOSITION :<\/strong><br \/>\nagents de charge : cellulose microcristalline, hydrog\u00e9nophosphate de calcium ; L-tryptophane, substances r\u00e9gulatrices de l'adh\u00e9sion : st\u00e9arate de magn\u00e9sium, dioxyde de silicium ; chlorhydrate de pyridoxine, m\u00e9latonine.<\/p>","protected":false},"excerpt":{"rendered":"<p>La m\u00e9latonine contribue \u00e0 r\u00e9duire le temps n\u00e9cessaire \u00e0 l'endormissement. Le L-tryptophane est un acide amin\u00e9 essentiel n\u00e9cessaire \u00e0 la production de prot\u00e9ines impliqu\u00e9es dans la synth\u00e8se de la m\u00e9latonine et de la s\u00e9rotonine. La vitamine B6 contribue \u00e0 maintenir un m\u00e9tabolisme \u00e9nerg\u00e9tique normal, un fonctionnement normal du syst\u00e8me nerveux, un m\u00e9tabolisme normal de l'homocyst\u00e9ine et un m\u00e9tabolisme normal des prot\u00e9ines et du glycog\u00e8ne.<\/p>","protected":false},"featured_media":2392,"template":"","meta":[],"product_brand":[],"product_cat":[30],"product_tag":[],"giftcard-category":[],"class_list":{"0":"post-487","1":"product","2":"type-product","3":"status-publish","4":"has-post-thumbnail","6":"product_cat-food-supplements","8":"first","9":"instock","10":"taxable","11":"shipping-taxable","12":"purchasable","13":"product-type-simple"},"aioseo_notices":[],"_links":{"self":[{"href":"https:\/\/healthy-choice.co.uk\/fr\/wp-json\/wp\/v2\/product\/487","targetHints":{"allow":["GET"]}}],"collection":[{"href":"https:\/\/healthy-choice.co.uk\/fr\/wp-json\/wp\/v2\/product"}],"about":[{"href":"https:\/\/healthy-choice.co.uk\/fr\/wp-json\/wp\/v2\/types\/product"}],"wp:featuredmedia":[{"embeddable":true,"href":"https:\/\/healthy-choice.co.uk\/fr\/wp-json\/wp\/v2\/media\/2392"}],"wp:attachment":[{"href":"https:\/\/healthy-choice.co.uk\/fr\/wp-json\/wp\/v2\/media?parent=487"}],"wp:term":[{"taxonomy":"product_brand","embeddable":true,"href":"https:\/\/healthy-choice.co.uk\/fr\/wp-json\/wp\/v2\/product_brand?post=487"},{"taxonomy":"product_cat","embeddable":true,"href":"https:\/\/healthy-choice.co.uk\/fr\/wp-json\/wp\/v2\/product_cat?post=487"},{"taxonomy":"product_tag","embeddable":true,"href":"https:\/\/healthy-choice.co.uk\/fr\/wp-json\/wp\/v2\/product_tag?post=487"},{"taxonomy":"giftcard-category","embeddable":true,"href":"https:\/\/healthy-choice.co.uk\/fr\/wp-json\/wp\/v2\/giftcard-category?post=487"}],"curies":[{"name":"wp","href":"https:\/\/api.w.org\/{rel}","templated":true}]}}