{"id":483,"date":"2022-01-14T17:22:03","date_gmt":"2022-01-14T17:22:03","guid":{"rendered":"https:\/\/demo.creativethemes.com\/blocksy\/floreo\/?post_type=product&#038;p=483"},"modified":"2025-12-28T14:34:00","modified_gmt":"2025-12-28T12:34:00","slug":"omega-3-fish-oil-healthy-choice-120-capsules","status":"publish","type":"product","link":"https:\/\/healthy-choice.co.uk\/fr\/produit\/omega-3-fish-oil-healthy-choice-120-capsules\/","title":{"rendered":"Huile de poisson om\u00e9ga-3 \"Healthy Choice\" 120 g\u00e9lules"},"content":{"rendered":"<p><strong>Om\u00e9ga-3<\/strong><\/p>\n<p><strong>Huile de poisson 1000 mg<\/strong><\/p>\n<p><strong>500mg EPR &amp; 250mg DHA TG<\/strong><\/p>\n<p><strong>(Suppl\u00e9ment)<\/strong><\/p>\n<p>Contenu net : 160,8 g \/ 90 capsules molles<\/p>\n<p>Healthy Choice Omega-3 Fish Oil 1000mg 500mg EPR &amp; 250mg DHA TG. L'emballage est suffisant pour une utilisation de 3 mois.<\/p>\n<p>Les om\u00e9ga-3 sont des acides gras polyinsatur\u00e9s, autrement dit de bonnes graisses. Il s'agit d'un acide gras essentiel que l'organisme ne peut pas produire lui-m\u00eame. Il est n\u00e9cessaire \u00e0 notre organisme pour produire divers compos\u00e9s biologiquement actifs. Les om\u00e9ga-3 peuvent \u00eatre obtenus \u00e0 partir de l'alimentation, g\u00e9n\u00e9ralement dans l'huile de poisson, mais il peut \u00eatre difficile d'en obtenir suffisamment \u00e0 partir de ce que l'on mange. Les acides gras polyinsatur\u00e9s tels que l'acide eicosapenta\u00e9no\u00efque (EPA) et l'acide docosahexa\u00e9no\u00efque (DHA) sont extraits de poissons tels que le maquereau, le saumon, le thon, etc. Ces acides gras contribuent au maintien d'une fonction cardiaque normale. Ces acides gras contribuent au maintien d'une fonction cardiaque normale. La consommation quotidienne de 250 mg d'EPR et de DHA a un effet positif.<\/p>\n<p>Les capsules molles d'huile de poisson om\u00e9ga-3 1000 mg contiennent des om\u00e9ga-3 riches en acides gras insatur\u00e9s EPR (acide eicosapenta\u00e9no\u00efque) et DHA (acide docosahexa\u00e9no\u00efque).<\/p>\n<p>DHA - acide docosahexa\u00e9no\u00efque<\/p>\n<p>Contient de l'acide gras om\u00e9ga-3 \u00e0 longue cha\u00eene, important pour le d\u00e9veloppement du cerveau, des yeux et du corps en g\u00e9n\u00e9ral, et contribue au maintien d'une fonction cardiaque normale. Un apport insuffisant en cet acide peut entra\u00eener des probl\u00e8mes de vision.<\/p>\n<p>EPR - acide eicosapenta\u00e9no\u00efque<\/p>\n<p>Contient des acides gras om\u00e9ga-3 \u00e0 longue cha\u00eene, importants pour la sant\u00e9 g\u00e9n\u00e9rale, qui contribuent au maintien d'une fonction cardiaque normale.<\/p>","protected":false},"excerpt":{"rendered":"<div class=\"product-short-description\">\n<p>Healthy Choice Omega-3 Fish Oil 1000mg 500mg EPR &amp; 250mg DHA TG.<\/p>\n<p>L'emballage est suffisant pour une utilisation de 3 mois.<\/p>\n<\/div>\n<p>&nbsp;<\/p>","protected":false},"featured_media":2394,"template":"","meta":[],"product_brand":[],"product_cat":[30],"product_tag":[],"giftcard-category":[],"class_list":{"0":"post-483","1":"product","2":"type-product","3":"status-publish","4":"has-post-thumbnail","6":"product_cat-food-supplements","8":"first","9":"instock","10":"taxable","11":"shipping-taxable","12":"purchasable","13":"product-type-simple"},"aioseo_notices":[],"_links":{"self":[{"href":"https:\/\/healthy-choice.co.uk\/fr\/wp-json\/wp\/v2\/product\/483","targetHints":{"allow":["GET"]}}],"collection":[{"href":"https:\/\/healthy-choice.co.uk\/fr\/wp-json\/wp\/v2\/product"}],"about":[{"href":"https:\/\/healthy-choice.co.uk\/fr\/wp-json\/wp\/v2\/types\/product"}],"wp:featuredmedia":[{"embeddable":true,"href":"https:\/\/healthy-choice.co.uk\/fr\/wp-json\/wp\/v2\/media\/2394"}],"wp:attachment":[{"href":"https:\/\/healthy-choice.co.uk\/fr\/wp-json\/wp\/v2\/media?parent=483"}],"wp:term":[{"taxonomy":"product_brand","embeddable":true,"href":"https:\/\/healthy-choice.co.uk\/fr\/wp-json\/wp\/v2\/product_brand?post=483"},{"taxonomy":"product_cat","embeddable":true,"href":"https:\/\/healthy-choice.co.uk\/fr\/wp-json\/wp\/v2\/product_cat?post=483"},{"taxonomy":"product_tag","embeddable":true,"href":"https:\/\/healthy-choice.co.uk\/fr\/wp-json\/wp\/v2\/product_tag?post=483"},{"taxonomy":"giftcard-category","embeddable":true,"href":"https:\/\/healthy-choice.co.uk\/fr\/wp-json\/wp\/v2\/giftcard-category?post=483"}],"curies":[{"name":"wp","href":"https:\/\/api.w.org\/{rel}","templated":true}]}}