{"id":481,"date":"2022-01-14T17:21:10","date_gmt":"2022-01-14T17:21:10","guid":{"rendered":"https:\/\/demo.creativethemes.com\/blocksy\/floreo\/?post_type=product&#038;p=481"},"modified":"2025-12-28T14:22:28","modified_gmt":"2025-12-28T12:22:28","slug":"multivitamins-and-minerals-healthy-choice-90-tablets","status":"publish","type":"product","link":"https:\/\/healthy-choice.co.uk\/fr\/produit\/multivitamins-and-minerals-healthy-choice-90-tablets\/","title":{"rendered":"Multivitamines et min\u00e9raux \"Healthy Choice\" 90 comprim\u00e9s"},"content":{"rendered":"<p>Le zinc, le fer, le s\u00e9l\u00e9nium, le cuivre, la vitamine A, la vitamine D, la vitamine B6 et la vitamine B12 contribuent au fonctionnement normal du syst\u00e8me immunitaire.<\/p>\n<p>La vitamine C aide \u00e0 maintenir le fonctionnement normal du syst\u00e8me immunitaire pendant et apr\u00e8s un effort physique intense.<\/p>\n<p>La biotine, la niacine, le magn\u00e9sium, les vitamines B6 et B12, la vitamine C contribuent au maintien d'une fonction psychologique normale.<\/p>\n<p>La biotine, le zinc et le chrome contribuent \u00e0 maintenir le m\u00e9tabolisme normal des macronutriments alimentaires.<\/p>\n<p>L'un des plus importants pour notre organisme est le zinc, qui contribue au maintien d'un m\u00e9tabolisme acido-basique normal, au m\u00e9tabolisme des glucides, au m\u00e9tabolisme des acides gras, \u00e0 la synth\u00e8se de l'ADN, au m\u00e9tabolisme de la vitamine A, \u00e0 la concentration de testost\u00e9rone dans le sang, ainsi qu'\u00e0 la fertilit\u00e9 et \u00e0 la reproduction.<\/p>\n<p>Le m\u00e9tabolisme \u00e9nerg\u00e9tique normal est soutenu par la biotine, le fer, le calcium, la niacine, le magn\u00e9sium, le mangan\u00e8se, l'iode, le cuivre et l'acide pantoth\u00e9nique, la vitamine B2, la vitamine B6, la vitamine B12 et la vitamine C.<\/p>\n<p>La vitamine B2 et la vitamine A contribuent au maintien d'un m\u00e9tabolisme normal du fer, et la vitamine C am\u00e9liore l'absorption du fer. Le cuivre favorise le transport normal du fer dans l'organisme.<\/p>\n<p>La biotine, la niacine, la vitamine A et la vitamine B2 contribuent au maintien de l'\u00e9tat normal des muqueuses.<\/p>\n<p>Le fer, la niacine, le magn\u00e9sium et l'acide pantoth\u00e9nique, la vitamine B2, la vitamine B6, la vitamine B12 et la vitamine C contribuent \u00e0 r\u00e9duire la fatigue.<\/p>\n<p>&nbsp;<\/p>\n<p>Cellules : Aide \u00e0 prot\u00e9ger les cellules des dommages oxydatifs Zinc, mangan\u00e8se, s\u00e9l\u00e9nium, vitamine B2, vitamine C, vitamine E. Le zinc, le fer, le magn\u00e9sium, le cuivre, la vitamine B12 et la vitamine D ont \u00e9galement une certaine fonction dans le processus de division cellulaire.<\/p>\n<p>Le calcium, la vitamine A ont une certaine fonction dans les processus de division et de sp\u00e9cialisation cellulaires.<\/p>\n<p>Le fer, l'iode et le zinc contribuent \u00e0 une fonction cognitive normale.<\/p>\n<p>Le sang : Le chrome contribue au maintien d'une glyc\u00e9mie normale.<\/p>\n<p>Le fer contribue \u00e0 la formation normale des globules rouges et de l'h\u00e9moglobine, qui assure le transport de l'oxyg\u00e8ne dans l'organisme. La riboflavine (vitamine B2) contribue au maintien de l'\u00e9tat normal des globules rouges. Les vitamines B6 et B12 contribuent \u00e0 la formation normale des globules rouges. Le calcium et la vitamine K contribuent au maintien d'une coagulation sanguine normale.<\/p>\n<p>Les muscles : Le calcium contribue au maintien d'une fonction musculaire normale. Le magn\u00e9sium et la vitamine D contribuent au maintien d'une fonction musculaire normale.<\/p>\n<p>Prot\u00e9ines : Le zinc et le magn\u00e9sium contribuent au maintien d'une synth\u00e8se prot\u00e9ique normale. La vitamine B6 contribue au maintien d'un m\u00e9tabolisme normal des prot\u00e9ines et du glycog\u00e8ne.<\/p>\n<p>Vision : Le zinc, la vitamine A et la riboflavine (vitamine B2) contribuent au maintien d'une vision normale.<\/p>\n<p>Hormones : La vitamine B6 contribue \u00e0 r\u00e9guler l'activit\u00e9 hormonale. L'acide pantoth\u00e9nique contribue \u00e0 maintenir l'activit\u00e9 normale des hormones st\u00e9ro\u00efdiennes. L'iode contribue au maintien d'une production normale d'hormones thyro\u00efdiennes.<\/p>\n<p>Fonction thyro\u00efdienne : Le s\u00e9l\u00e9nium et l'iode contribuent au maintien d'une fonction thyro\u00efdienne normale.<\/p>\n<p>&nbsp;<\/p>\n<p>Os : Le zinc, le calcium, le magn\u00e9sium, le mangan\u00e8se, la vitamine D et la vitamine K contribuent au maintien d'une ossature normale.<\/p>\n<p>La vitamine C contribue \u00e0 la formation normale du collag\u00e8ne, n\u00e9cessaire au bon fonctionnement des os.<\/p>\n<p>Le calcium et le magn\u00e9sium sont n\u00e9cessaires pour maintenir l'\u00e9tat normal des dents. La vitamine D contribue au maintien de l'\u00e9tat normal des dents.<\/p>\n<p>La vitamine C contribue \u00e0 la formation normale du collag\u00e8ne, n\u00e9cessaire au bon fonctionnement des gencives.<\/p>\n<p>La vitamine C contribue \u00e0 la formation normale du collag\u00e8ne, qui est n\u00e9cessaire au bon fonctionnement des dents.<\/p>\n<p>La vitamine C contribue \u00e0 la formation normale du collag\u00e8ne, qui est n\u00e9cessaire au fonctionnement normal des vaisseaux sanguins.<\/p>\n<p>La vitamine C contribue \u00e0 la formation normale du collag\u00e8ne, qui est n\u00e9cessaire au fonctionnement normal du cartilage.<\/p>\n<p>Ongles : Le zinc et le s\u00e9l\u00e9nium contribuent \u00e0 maintenir l'\u00e9tat normal des ongles.<\/p>\n<p>Cheveux : la biotine, le zinc et le s\u00e9l\u00e9nium contribuent au maintien d'un \u00e9tat normal des cheveux. Le cuivre contribue au maintien d'une pigmentation normale des cheveux.<\/p>\n<p>La peau : La biotine, le zinc, la niacine, l'iode, la vitamine A et la riboflavine (vitamine B2) contribuent au maintien d'une peau en bon \u00e9tat. La vitamine C contribue \u00e0 la production normale de collag\u00e8ne, n\u00e9cessaire au bon fonctionnement de la peau. Le cuivre contribue au maintien d'une pigmentation normale de la peau.<\/p>\n<p>Syst\u00e8me nerveux : La biotine, l'iode, la niacine, le magn\u00e9sium, le cuivre, la vitamine B2, la vitamine B6, la vitamine B12 et la vitamine C contribuent au fonctionnement normal du syst\u00e8me nerveux. Le calcium contribue \u00e0 la transmission normale de l'influx nerveux et au fonctionnement des enzymes digestives.<\/p>\n<p>Le magn\u00e9sium contribue \u00e0 maintenir l'\u00e9quilibre \u00e9lectrolytique.<\/p>\n<p>Le mangan\u00e8se et le cuivre contribuent \u00e0 la formation normale du tissu conjonctif.<\/p>\n<p>Le molybd\u00e8ne contribue \u00e0 maintenir le m\u00e9tabolisme normal des acides amin\u00e9s contenant du soufre.<\/p>\n<p>L'acide pantoth\u00e9nique contribue \u00e0 maintenir la synth\u00e8se et le m\u00e9tabolisme normaux de la vitamine D et de certains neurotransmetteurs.<\/p>\n<p>L'acide pantoth\u00e9nique contribue au maintien d'une activit\u00e9 mentale normale.<\/p>\n<p>Le s\u00e9l\u00e9nium contribue au maintien d'une spermatogen\u00e8se normale.<\/p>\n<p>La vitamine C aide \u00e0 restaurer la teneur r\u00e9duite en vitamine E<\/p>\n<p>La vitamine D contribue \u00e0 maintenir une absorption normale et\/ou une absorption du calcium et du phosphore.<\/p>\n<p>La vitamine D contribue au maintien d'un taux normal de calcium dans le sang.<\/p>\n<p>Les vitamines B6 et B12 contribuent au maintien d'un m\u00e9tabolisme normal de l'homocyst\u00e9ine.<\/p>\n<p>La vitamine B6 contribue au maintien d'une synth\u00e8se normale de la cyst\u00e9ine<\/p>","protected":false},"excerpt":{"rendered":"<div class=\"product-short-description\">\n<p>Le complexe de multivitamines et de min\u00e9raux \"Healthy Choice\" est \u00e9labor\u00e9 selon une formule sp\u00e9ciale. L'emballage est suffisant pour une utilisation de 3 mois.<\/p>\n<\/div>\n<form class=\"cart\" action=\"https:\/\/www.healthychoice.world\/products\/multivitamins-and-minerals-healthy-choice-90-tablets\/\" enctype=\"multipart\/form-data\" method=\"post\">\n<div class=\"sticky-add-to-cart-wrapper\">\n<div class=\"sticky-add-to-cart\">\n<div class=\"quantity buttons_added\"><\/div>\n<\/div>\n<\/div>\n<\/form>","protected":false},"featured_media":2395,"template":"","meta":[],"product_brand":[],"product_cat":[30],"product_tag":[],"giftcard-category":[],"class_list":{"0":"post-481","1":"product","2":"type-product","3":"status-publish","4":"has-post-thumbnail","6":"product_cat-food-supplements","8":"first","9":"instock","10":"taxable","11":"shipping-taxable","12":"purchasable","13":"product-type-simple"},"aioseo_notices":[],"_links":{"self":[{"href":"https:\/\/healthy-choice.co.uk\/fr\/wp-json\/wp\/v2\/product\/481","targetHints":{"allow":["GET"]}}],"collection":[{"href":"https:\/\/healthy-choice.co.uk\/fr\/wp-json\/wp\/v2\/product"}],"about":[{"href":"https:\/\/healthy-choice.co.uk\/fr\/wp-json\/wp\/v2\/types\/product"}],"wp:featuredmedia":[{"embeddable":true,"href":"https:\/\/healthy-choice.co.uk\/fr\/wp-json\/wp\/v2\/media\/2395"}],"wp:attachment":[{"href":"https:\/\/healthy-choice.co.uk\/fr\/wp-json\/wp\/v2\/media?parent=481"}],"wp:term":[{"taxonomy":"product_brand","embeddable":true,"href":"https:\/\/healthy-choice.co.uk\/fr\/wp-json\/wp\/v2\/product_brand?post=481"},{"taxonomy":"product_cat","embeddable":true,"href":"https:\/\/healthy-choice.co.uk\/fr\/wp-json\/wp\/v2\/product_cat?post=481"},{"taxonomy":"product_tag","embeddable":true,"href":"https:\/\/healthy-choice.co.uk\/fr\/wp-json\/wp\/v2\/product_tag?post=481"},{"taxonomy":"giftcard-category","embeddable":true,"href":"https:\/\/healthy-choice.co.uk\/fr\/wp-json\/wp\/v2\/giftcard-category?post=481"}],"curies":[{"name":"wp","href":"https:\/\/api.w.org\/{rel}","templated":true}]}}