{"id":2586,"date":"2023-07-07T05:30:39","date_gmt":"2023-07-07T02:30:39","guid":{"rendered":"https:\/\/healthy-choice.co.uk\/?post_type=product&#038;p=2586"},"modified":"2025-04-21T22:15:35","modified_gmt":"2025-04-21T19:15:35","slug":"l-tryptophan-melatonin-free-with-purchase-of-l-carnitine","status":"publish","type":"product","link":"https:\/\/healthy-choice.co.uk\/fr\/produit\/l-tryptophan-melatonin-free-with-purchase-of-l-carnitine\/","title":{"rendered":"L-Tryptophan Melatonin FREE with purchase of L-Carnitine!"},"content":{"rendered":"<div class=\"product-footer\">\n<div class=\"container\">\n<div class=\"product-page-accordian\">\n<div class=\"accordion\">\n<div class=\"accordion-item\">\n<div class=\"accordion-inner\">\n<p><strong>L-CARNITINE ORANGE FLAVOUR<\/strong><\/p>\n<p>Net content 1000 ml<\/p>\n<p>L-carnitine is a vitamin-amino acid compound comparable to B vitamins. It functions as a carrier of fatty acids to the mitochondrion. L-carnitine acts as an assistant to help burn fat faster and lose weight naturally. Recent studies have also shown that L-carnitine helps to reduce fatigue, increase body mass and muscle mass, stabilise blood sugar levels and at the same time reduce the need for carbohydrates. Carnitine helps to mobilise fat reserves, especially in overweight people.<\/p>\n<p>L-carnitine has a particularly delicious orange flavour, is free of synthetic colours and flavour enhancers, and is made with all the essential substances that have a positive effect on the human body. Most importantly, this L-carnitine is in liquid form, so it will be absorbed by the body much faster and easier. This supplement is extremely rich in carnitine, with 1667mg per serving (25ml) and 6668mg per 100ml.<\/p>\n<p><strong>M\u00e9latonine + Tryptophane + B6 120 comprim\u00e9s<\/strong><\/p>\n<p>Supplement<\/p>\n<p>La m\u00e9latonine contribue \u00e0 raccourcir le temps d'endormissement. Le L-tryptophane est un acide amin\u00e9 essentiel n\u00e9cessaire \u00e0 la production de prot\u00e9ines impliqu\u00e9es dans la synth\u00e8se de la m\u00e9latonine et de la s\u00e9rotonine. La vitamine B6 contribue au maintien d'un m\u00e9tabolisme \u00e9nerg\u00e9tique normal, au fonctionnement normal du syst\u00e8me nerveux, au m\u00e9tabolisme normal de l'homocyst\u00e9ine, au m\u00e9tabolisme normal des prot\u00e9ines et du glycog\u00e8ne.<\/p>\n<p>120 comprim\u00e9s<br \/>\nPoids net : 32,4 g<\/p>\n<\/div>\n<\/div>\n<\/div>\n<\/div>\n<\/div>\n<\/div>","protected":false},"excerpt":{"rendered":"<p>Kit: L-Carnitine + Melatonin<\/p>","protected":false},"featured_media":2587,"template":"","meta":[],"product_brand":[],"product_cat":[41,27,25],"product_tag":[],"giftcard-category":[],"class_list":{"0":"post-2586","1":"product","2":"type-product","3":"status-publish","4":"has-post-thumbnail","6":"product_cat-l-carnitine","7":"product_cat-sets","8":"product_cat-special-offers","10":"first","11":"instock","12":"taxable","13":"shipping-taxable","14":"purchasable","15":"product-type-simple"},"aioseo_notices":[],"_links":{"self":[{"href":"https:\/\/healthy-choice.co.uk\/fr\/wp-json\/wp\/v2\/product\/2586","targetHints":{"allow":["GET"]}}],"collection":[{"href":"https:\/\/healthy-choice.co.uk\/fr\/wp-json\/wp\/v2\/product"}],"about":[{"href":"https:\/\/healthy-choice.co.uk\/fr\/wp-json\/wp\/v2\/types\/product"}],"wp:featuredmedia":[{"embeddable":true,"href":"https:\/\/healthy-choice.co.uk\/fr\/wp-json\/wp\/v2\/media\/2587"}],"wp:attachment":[{"href":"https:\/\/healthy-choice.co.uk\/fr\/wp-json\/wp\/v2\/media?parent=2586"}],"wp:term":[{"taxonomy":"product_brand","embeddable":true,"href":"https:\/\/healthy-choice.co.uk\/fr\/wp-json\/wp\/v2\/product_brand?post=2586"},{"taxonomy":"product_cat","embeddable":true,"href":"https:\/\/healthy-choice.co.uk\/fr\/wp-json\/wp\/v2\/product_cat?post=2586"},{"taxonomy":"product_tag","embeddable":true,"href":"https:\/\/healthy-choice.co.uk\/fr\/wp-json\/wp\/v2\/product_tag?post=2586"},{"taxonomy":"giftcard-category","embeddable":true,"href":"https:\/\/healthy-choice.co.uk\/fr\/wp-json\/wp\/v2\/giftcard-category?post=2586"}],"curies":[{"name":"wp","href":"https:\/\/api.w.org\/{rel}","templated":true}]}}