{"id":2584,"date":"2023-07-07T05:30:41","date_gmt":"2023-07-07T02:30:41","guid":{"rendered":"https:\/\/healthy-choice.co.uk\/?post_type=product&#038;p=2584"},"modified":"2025-04-21T22:15:50","modified_gmt":"2025-04-21T19:15:50","slug":"buy-l-carnitine-vitamin-d3-free","status":"publish","type":"product","link":"https:\/\/healthy-choice.co.uk\/fr\/produit\/buy-l-carnitine-vitamin-d3-free\/","title":{"rendered":"Buy L-Carnitine &#8211; Vitamin D3 FREE!"},"content":{"rendered":"<p><strong>L-CARNITINE ORANGE FLAVOUR<\/strong><\/p>\n<p>Net content 1000 ml<\/p>\n<p>L-carnitine is a vitamin-amino acid compound comparable to B vitamins. It functions as a carrier of fatty acids to the mitochondrion. L-carnitine acts as an assistant to help burn fat faster and lose weight naturally. Recent studies have also shown that L-carnitine helps to reduce fatigue, increase body mass and muscle mass, stabilise blood sugar levels and at the same time reduce the need for carbohydrates. Carnitine helps to mobilise fat reserves, especially in overweight people.<\/p>\n<p>L-carnitine has a particularly delicious orange flavour, is free of synthetic colours and flavour enhancers, and is made with all the essential substances that have a positive effect on the human body. Most importantly, this L-carnitine is in liquid form, so it will be absorbed by the body much faster and easier. This supplement is extremely rich in carnitine, with 1667mg per serving (25ml) and 6668mg per 100ml.<\/p>\n<p class=\"western\" align=\"JUSTIFY\"><strong>Vitamin D3 4000IU with olive oil<\/strong><\/p>\n<p>Supplement<\/p>\n<p>120 capsules \/ 130g Net content<\/p>\n<p>La vitamine D contribue au fonctionnement normal du syst\u00e8me immunitaire, \u00e0 l'\u00e9tat des os et des dents, \u00e0 la fonction musculaire, \u00e0 l'absorption et\/ou \u00e0 l'assimilation du calcium et du phosphore et \u00e0 la concentration de calcium dans le sang. La vitamine D joue un r\u00f4le dans la division cellulaire.<\/p>","protected":false},"excerpt":{"rendered":"<p>Kit: L-Carnitine + Vitamins D3<\/p>","protected":false},"featured_media":2585,"template":"","meta":[],"product_brand":[],"product_cat":[41,27,25],"product_tag":[],"giftcard-category":[],"class_list":{"0":"post-2584","1":"product","2":"type-product","3":"status-publish","4":"has-post-thumbnail","6":"product_cat-l-carnitine","7":"product_cat-sets","8":"product_cat-special-offers","10":"first","11":"instock","12":"taxable","13":"shipping-taxable","14":"purchasable","15":"product-type-simple"},"aioseo_notices":[],"_links":{"self":[{"href":"https:\/\/healthy-choice.co.uk\/fr\/wp-json\/wp\/v2\/product\/2584","targetHints":{"allow":["GET"]}}],"collection":[{"href":"https:\/\/healthy-choice.co.uk\/fr\/wp-json\/wp\/v2\/product"}],"about":[{"href":"https:\/\/healthy-choice.co.uk\/fr\/wp-json\/wp\/v2\/types\/product"}],"wp:featuredmedia":[{"embeddable":true,"href":"https:\/\/healthy-choice.co.uk\/fr\/wp-json\/wp\/v2\/media\/2585"}],"wp:attachment":[{"href":"https:\/\/healthy-choice.co.uk\/fr\/wp-json\/wp\/v2\/media?parent=2584"}],"wp:term":[{"taxonomy":"product_brand","embeddable":true,"href":"https:\/\/healthy-choice.co.uk\/fr\/wp-json\/wp\/v2\/product_brand?post=2584"},{"taxonomy":"product_cat","embeddable":true,"href":"https:\/\/healthy-choice.co.uk\/fr\/wp-json\/wp\/v2\/product_cat?post=2584"},{"taxonomy":"product_tag","embeddable":true,"href":"https:\/\/healthy-choice.co.uk\/fr\/wp-json\/wp\/v2\/product_tag?post=2584"},{"taxonomy":"giftcard-category","embeddable":true,"href":"https:\/\/healthy-choice.co.uk\/fr\/wp-json\/wp\/v2\/giftcard-category?post=2584"}],"curies":[{"name":"wp","href":"https:\/\/api.w.org\/{rel}","templated":true}]}}