{"id":249,"date":"2023-07-07T05:45:32","date_gmt":"2023-07-07T02:45:32","guid":{"rendered":"https:\/\/demo.creativethemes.com\/blocksy\/floreo\/?post_type=product&#038;p=249"},"modified":"2025-12-28T14:31:14","modified_gmt":"2025-12-28T12:31:14","slug":"l-carnitine-orange-flavor-1000ml","status":"publish","type":"product","link":"https:\/\/healthy-choice.co.uk\/fr\/produit\/l-carnitine-orange-flavor-1000ml\/","title":{"rendered":"L-Carnitine ar\u00f4me orange, 1000ml"},"content":{"rendered":"<p><strong>L-CARNITINE AR\u00d4ME ORANGE<\/strong><\/p>\n<p>Quantit\u00e9 nette 1000 ml<\/p>\n<p>La L-carnitine est un compos\u00e9 de vitamines et d'acides amin\u00e9s comparable aux vitamines du groupe B. La L-carnitine fonctionne comme un transporteur d'acides gras dans la mitochondrie. Cette substance fonctionne comme un transporteur d'acides gras dans la mitochondrie. La L-carnitine agit comme un assistant pour vous aider \u00e0 br\u00fbler les graisses plus rapidement et \u00e0 perdre du poids naturellement. De plus, des \u00e9tudes r\u00e9centes prouvent que la L-carnitine aide \u00e0 r\u00e9duire la fatigue, le poids corporel et \u00e0 augmenter la masse musculaire, stabilise le taux de sucre dans le sang et r\u00e9duit en m\u00eame temps le besoin d'hydrates de carbone. La carnitine aide \u00e0 mobiliser les r\u00e9serves de graisse, en particulier chez les personnes en surpoids.<\/p>\n<p>La L-carnitine a un go\u00fbt d'orange particuli\u00e8rement d\u00e9licieux, sans colorants synth\u00e9tiques ni exhausteurs de go\u00fbt, fabriqu\u00e9 en conservant toutes les substances les plus importantes qui ont un effet positif sur le corps humain. Il est extr\u00eamement important que cette L-carnitine soit sous forme liquide, afin que le corps l'absorbe beaucoup plus rapidement et facilement. Ce suppl\u00e9ment contient une quantit\u00e9 particuli\u00e8rement importante de carnitine, une portion (25ml) contient 1667mg, et 100ml - 6668mg.<\/p>","protected":false},"excerpt":{"rendered":"<p>La L-carnitine est un compos\u00e9 de vitamines et d'acides amin\u00e9s comparable aux vitamines du groupe B. La L-carnitine fonctionne comme un transporteur d'acides gras dans la mitochondrie. Cette substance fonctionne comme un transporteur d'acides gras dans la mitochondrie. La L-carnitine agit comme un assistant pour vous aider \u00e0 br\u00fbler les graisses plus rapidement et \u00e0 perdre du poids naturellement.<\/p>","protected":false},"featured_media":2389,"template":"","meta":[],"product_brand":[],"product_cat":[28],"product_tag":[43],"giftcard-category":[],"class_list":{"0":"post-249","1":"product","2":"type-product","3":"status-publish","4":"has-post-thumbnail","6":"product_cat-top","7":"product_tag-l-carnitine-or-collagen-gift","9":"first","10":"instock","11":"sale","12":"taxable","13":"shipping-taxable","14":"purchasable","15":"product-type-simple"},"aioseo_notices":[],"_links":{"self":[{"href":"https:\/\/healthy-choice.co.uk\/fr\/wp-json\/wp\/v2\/product\/249","targetHints":{"allow":["GET"]}}],"collection":[{"href":"https:\/\/healthy-choice.co.uk\/fr\/wp-json\/wp\/v2\/product"}],"about":[{"href":"https:\/\/healthy-choice.co.uk\/fr\/wp-json\/wp\/v2\/types\/product"}],"wp:featuredmedia":[{"embeddable":true,"href":"https:\/\/healthy-choice.co.uk\/fr\/wp-json\/wp\/v2\/media\/2389"}],"wp:attachment":[{"href":"https:\/\/healthy-choice.co.uk\/fr\/wp-json\/wp\/v2\/media?parent=249"}],"wp:term":[{"taxonomy":"product_brand","embeddable":true,"href":"https:\/\/healthy-choice.co.uk\/fr\/wp-json\/wp\/v2\/product_brand?post=249"},{"taxonomy":"product_cat","embeddable":true,"href":"https:\/\/healthy-choice.co.uk\/fr\/wp-json\/wp\/v2\/product_cat?post=249"},{"taxonomy":"product_tag","embeddable":true,"href":"https:\/\/healthy-choice.co.uk\/fr\/wp-json\/wp\/v2\/product_tag?post=249"},{"taxonomy":"giftcard-category","embeddable":true,"href":"https:\/\/healthy-choice.co.uk\/fr\/wp-json\/wp\/v2\/giftcard-category?post=249"}],"curies":[{"name":"wp","href":"https:\/\/api.w.org\/{rel}","templated":true}]}}