{"id":1622,"date":"2023-07-07T05:46:46","date_gmt":"2023-07-07T05:46:46","guid":{"rendered":"https:\/\/healthy-choice.co.uk\/?post_type=product&#038;p=1622"},"modified":"2025-10-01T00:09:53","modified_gmt":"2025-09-30T21:09:53","slug":"set-healthy-choice-peanut-spread-with-250g-pieces-healthy-choice-almond-spread-with-250g-pieces","status":"publish","type":"product","link":"https:\/\/healthy-choice.co.uk\/fr\/produit\/set-healthy-choice-peanut-spread-with-250g-pieces-healthy-choice-almond-spread-with-250g-pieces\/","title":{"rendered":"Ensemble : p\u00e2te \u00e0 tartiner aux cacahu\u00e8tes Healthy Choice avec 250 g + p\u00e2te \u00e0 tartiner aux amandes Healthy Choice avec 250 g"},"content":{"rendered":"<p><strong>p\u00e2te \u00e0 tartiner aux cacahu\u00e8tes HEALTHY CHOICE<\/strong> est la meilleure qualit\u00e9 de prot\u00e9ines v\u00e9g\u00e9tales. Il s'agit d'un produit de haute qualit\u00e9 au go\u00fbt exquis, fabriqu\u00e9 \u00e0 partir de mati\u00e8res premi\u00e8res naturelles, sans utilisation d'\u00e9pices artificielles, d'exhausteurs de go\u00fbt, de graisses, d'additifs synth\u00e9tiques et de colorants.<\/p>\n<p>Fabriqu\u00e9 \u00e0 partir de cacahu\u00e8tes de la plus haute qualit\u00e9, riches en VITAMINES et MIN\u00c9RAUX, tels que le sodium, le calcium, le magn\u00e9sium et le potassium. Extraites par torr\u00e9faction des arachides avec leur coque, les noix sont ensuite broy\u00e9es pour leur donner un go\u00fbt croquant \u00e9tonnant, pr\u00e9servant ainsi la structure inchang\u00e9e des prot\u00e9ines et des graisses.<\/p>\n<p>Les fibres assurent un bon fonctionnement intestinal et procurent une sensation de sati\u00e9t\u00e9 qui r\u00e9duit les envies de grignotage et de sucreries.<\/p>\n<div class=\"col medium-6 small-12 large-6\">\n<div class=\"col-inner\"><\/div>\n<\/div>\n<p><strong>La p\u00e2te \u00e0 tartiner aux amandes HEALTHY CHOICE<\/strong> est la meilleure qualit\u00e9 de prot\u00e9ines v\u00e9g\u00e9tales. Il s'agit d'un produit de haute qualit\u00e9 au go\u00fbt exquis, fabriqu\u00e9 \u00e0 partir de mati\u00e8res premi\u00e8res naturelles, sans utilisation d'\u00e9pices artificielles, d'exhausteurs de go\u00fbt, de graisses, d'additifs synth\u00e9tiques et de colorants.<\/p>\n<p>Fabriqu\u00e9 \u00e0 partir d'amandes de la plus haute qualit\u00e9, riches en VITAMINES et en MIN\u00c9RAUX, tels que le sodium, le calcium, le magn\u00e9sium et le potassium. Extraites par friture, les amandes sont ensuite broy\u00e9es pour leur donner un go\u00fbt croquant \u00e9tonnant, tout en pr\u00e9servant la structure inchang\u00e9e des prot\u00e9ines et des graisses.<\/p>\n<p>Les fibres assurent un bon fonctionnement intestinal et procurent une sensation de sati\u00e9t\u00e9 qui r\u00e9duit les envies de grignotage et de sucreries.<\/p>","protected":false},"excerpt":{"rendered":"<p>topSet : p\u00e2te \u00e0 tartiner Healthy Choice aux arachides avec 250 g + p\u00e2te \u00e0 tartiner Healthy Choice aux amandes avec 250 g<\/p>","protected":false},"featured_media":1623,"template":"","meta":[],"product_brand":[],"product_cat":[40,27,25],"product_tag":[],"giftcard-category":[],"class_list":{"0":"post-1622","1":"product","2":"type-product","3":"status-publish","4":"has-post-thumbnail","6":"product_cat-nut-products","7":"product_cat-sets","8":"product_cat-special-offers","10":"first","11":"instock","12":"sale","13":"taxable","14":"shipping-taxable","15":"purchasable","16":"product-type-simple"},"aioseo_notices":[],"_links":{"self":[{"href":"https:\/\/healthy-choice.co.uk\/fr\/wp-json\/wp\/v2\/product\/1622","targetHints":{"allow":["GET"]}}],"collection":[{"href":"https:\/\/healthy-choice.co.uk\/fr\/wp-json\/wp\/v2\/product"}],"about":[{"href":"https:\/\/healthy-choice.co.uk\/fr\/wp-json\/wp\/v2\/types\/product"}],"wp:featuredmedia":[{"embeddable":true,"href":"https:\/\/healthy-choice.co.uk\/fr\/wp-json\/wp\/v2\/media\/1623"}],"wp:attachment":[{"href":"https:\/\/healthy-choice.co.uk\/fr\/wp-json\/wp\/v2\/media?parent=1622"}],"wp:term":[{"taxonomy":"product_brand","embeddable":true,"href":"https:\/\/healthy-choice.co.uk\/fr\/wp-json\/wp\/v2\/product_brand?post=1622"},{"taxonomy":"product_cat","embeddable":true,"href":"https:\/\/healthy-choice.co.uk\/fr\/wp-json\/wp\/v2\/product_cat?post=1622"},{"taxonomy":"product_tag","embeddable":true,"href":"https:\/\/healthy-choice.co.uk\/fr\/wp-json\/wp\/v2\/product_tag?post=1622"},{"taxonomy":"giftcard-category","embeddable":true,"href":"https:\/\/healthy-choice.co.uk\/fr\/wp-json\/wp\/v2\/giftcard-category?post=1622"}],"curies":[{"name":"wp","href":"https:\/\/api.w.org\/{rel}","templated":true}]}}